{"id":8538,"date":"2025-09-17T12:30:38","date_gmt":"2025-09-17T10:30:38","guid":{"rendered":"https:\/\/gipsyhorsesranch.be\/altweibersommer\/"},"modified":"2026-02-26T23:24:47","modified_gmt":"2026-02-26T22:24:47","slug":"altweibersommer","status":"publish","type":"page","link":"https:\/\/gipsyhorsesranch.be\/de\/altweibersommer\/","title":{"rendered":"Altweibersommer"},"content":{"rendered":"\t\t<div data-elementor-type=\"wp-page\" data-elementor-id=\"8538\" class=\"elementor elementor-8538 elementor-2492\" data-elementor-post-type=\"page\">\n\t\t\t\t<div class=\"elementor-element elementor-element-3c4affe4 e-flex e-con-boxed e-con e-parent\" data-id=\"3c4affe4\" data-element_type=\"container\" data-e-type=\"container\" data-settings=\"{&quot;background_background&quot;:&quot;classic&quot;}\">\n\t\t\t\t\t<div class=\"e-con-inner\">\n\t\t\t\t<div class=\"elementor-element elementor-element-3d16cb4e elementor-widget elementor-widget-heading\" data-id=\"3d16cb4e\" data-element_type=\"widget\" data-e-type=\"widget\" data-widget_type=\"heading.default\">\n\t\t\t\t<div class=\"elementor-widget-container\">\n\t\t\t\t\t<h1 class=\"elementor-heading-title elementor-size-default\">Indian Summer Rodeo<\/h1>\t\t\t\t<\/div>\n\t\t\t\t<\/div>\n\t\t<div class=\"elementor-element elementor-element-65a21a9 e-con-full e-flex e-con e-child\" data-id=\"65a21a9\" data-element_type=\"container\" data-e-type=\"container\">\n\t\t<div class=\"elementor-element elementor-element-9e37953 e-con-full elementor-hidden-mobile e-flex e-con e-child\" data-id=\"9e37953\" data-element_type=\"container\" data-e-type=\"container\">\n\t\t\t\t<div class=\"elementor-element elementor-element-00d606f elementor-widget elementor-widget-image\" data-id=\"00d606f\" data-element_type=\"widget\" data-e-type=\"widget\" data-widget_type=\"image.default\">\n\t\t\t\t<div class=\"elementor-widget-container\">\n\t\t\t\t\t\t\t\t\t\t\t\t\t\t\t<img fetchpriority=\"high\" decoding=\"async\" width=\"374\" height=\"344\" src=\"https:\/\/gipsyhorsesranch.be\/wp-content\/uploads\/2026\/01\/houtbrandFinaal1.png\" class=\"attachment-large size-large wp-image-8547\" alt=\"\" srcset=\"https:\/\/gipsyhorsesranch.be\/wp-content\/uploads\/2026\/01\/houtbrandFinaal1.png 374w, https:\/\/gipsyhorsesranch.be\/wp-content\/uploads\/2026\/01\/houtbrandFinaal1-300x276.png 300w\" sizes=\"(max-width: 374px) 100vw, 374px\" \/>\t\t\t\t\t\t\t\t\t\t\t\t\t\t\t<\/div>\n\t\t\t\t<\/div>\n\t\t\t\t<div class=\"elementor-element elementor-element-d511114 elementor-widget elementor-widget-image\" data-id=\"d511114\" data-element_type=\"widget\" data-e-type=\"widget\" data-widget_type=\"image.default\">\n\t\t\t\t<div class=\"elementor-widget-container\">\n\t\t\t\t\t\t\t\t\t\t\t\t\t\t\t<img decoding=\"async\" width=\"775\" height=\"728\" src=\"https:\/\/gipsyhorsesranch.be\/wp-content\/uploads\/2026\/02\/W-brandmerk-e1770570202185.png\" class=\"attachment-large size-large wp-image-8549\" alt=\"\" srcset=\"https:\/\/gipsyhorsesranch.be\/wp-content\/uploads\/2026\/02\/W-brandmerk-e1770570202185.png 775w, https:\/\/gipsyhorsesranch.be\/wp-content\/uploads\/2026\/02\/W-brandmerk-e1770570202185-300x282.png 300w, https:\/\/gipsyhorsesranch.be\/wp-content\/uploads\/2026\/02\/W-brandmerk-e1770570202185-768x721.png 768w, https:\/\/gipsyhorsesranch.be\/wp-content\/uploads\/2026\/02\/W-brandmerk-e1770570202185-600x564.png 600w\" sizes=\"(max-width: 775px) 100vw, 775px\" \/>\t\t\t\t\t\t\t\t\t\t\t\t\t\t\t<\/div>\n\t\t\t\t<\/div>\n\t\t\t\t<\/div>\n\t\t<div class=\"elementor-element elementor-element-3046838 e-con-full e-flex e-con e-child\" data-id=\"3046838\" data-element_type=\"container\" data-e-type=\"container\">\n\t\t\t\t<div class=\"elementor-element elementor-element-1dbc66d8 elementor-widget elementor-widget-image\" data-id=\"1dbc66d8\" data-element_type=\"widget\" data-e-type=\"widget\" data-widget_type=\"image.default\">\n\t\t\t\t<div class=\"elementor-widget-container\">\n\t\t\t\t\t\t\t\t\t\t\t\t\t\t\t<img decoding=\"async\" width=\"724\" height=\"1024\" src=\"https:\/\/gipsyhorsesranch.be\/wp-content\/uploads\/2026\/02\/indian-summer-.jpg-1-724x1024.jpeg\" class=\"attachment-large size-large wp-image-8551\" alt=\"\" srcset=\"https:\/\/gipsyhorsesranch.be\/wp-content\/uploads\/2026\/02\/indian-summer-.jpg-1-724x1024.jpeg 724w, https:\/\/gipsyhorsesranch.be\/wp-content\/uploads\/2026\/02\/indian-summer-.jpg-1-212x300.jpeg 212w, https:\/\/gipsyhorsesranch.be\/wp-content\/uploads\/2026\/02\/indian-summer-.jpg-1-768x1086.jpeg 768w, https:\/\/gipsyhorsesranch.be\/wp-content\/uploads\/2026\/02\/indian-summer-.jpg-1-1086x1536.jpeg 1086w, https:\/\/gipsyhorsesranch.be\/wp-content\/uploads\/2026\/02\/indian-summer-.jpg-1-600x849.jpeg 600w, https:\/\/gipsyhorsesranch.be\/wp-content\/uploads\/2026\/02\/indian-summer-.jpg-1.jpeg 1131w\" sizes=\"(max-width: 724px) 100vw, 724px\" \/>\t\t\t\t\t\t\t\t\t\t\t\t\t\t\t<\/div>\n\t\t\t\t<\/div>\n\t\t\t\t<\/div>\n\t\t<div class=\"elementor-element elementor-element-32ee68a e-con-full elementor-hidden-mobile e-flex e-con e-child\" data-id=\"32ee68a\" data-element_type=\"container\" data-e-type=\"container\">\n\t\t\t\t<div class=\"elementor-element elementor-element-bea8670 elementor-widget elementor-widget-image\" data-id=\"bea8670\" data-element_type=\"widget\" data-e-type=\"widget\" data-widget_type=\"image.default\">\n\t\t\t\t<div class=\"elementor-widget-container\">\n\t\t\t\t\t\t\t\t\t\t\t\t\t\t\t<img loading=\"lazy\" decoding=\"async\" width=\"403\" height=\"414\" src=\"https:\/\/gipsyhorsesranch.be\/wp-content\/uploads\/2026\/01\/houtbrandFinaal2.png\" class=\"attachment-large size-large wp-image-8553\" alt=\"\" srcset=\"https:\/\/gipsyhorsesranch.be\/wp-content\/uploads\/2026\/01\/houtbrandFinaal2.png 403w, https:\/\/gipsyhorsesranch.be\/wp-content\/uploads\/2026\/01\/houtbrandFinaal2-292x300.png 292w\" sizes=\"(max-width: 403px) 100vw, 403px\" \/>\t\t\t\t\t\t\t\t\t\t\t\t\t\t\t<\/div>\n\t\t\t\t<\/div>\n\t\t\t\t<div class=\"elementor-element elementor-element-521f4b9 elementor-widget elementor-widget-image\" data-id=\"521f4b9\" data-element_type=\"widget\" data-e-type=\"widget\" data-widget_type=\"image.default\">\n\t\t\t\t<div class=\"elementor-widget-container\">\n\t\t\t\t\t\t\t\t\t\t\t\t\t\t\t<img loading=\"lazy\" decoding=\"async\" width=\"1024\" height=\"852\" src=\"https:\/\/gipsyhorsesranch.be\/wp-content\/uploads\/2026\/02\/ghr-brandmerk-e1770569921301-1024x852.png\" class=\"attachment-large size-large wp-image-8555\" alt=\"\" srcset=\"https:\/\/gipsyhorsesranch.be\/wp-content\/uploads\/2026\/02\/ghr-brandmerk-e1770569921301-1024x852.png 1024w, https:\/\/gipsyhorsesranch.be\/wp-content\/uploads\/2026\/02\/ghr-brandmerk-e1770569921301-768x639.png 768w\" sizes=\"(max-width: 1024px) 100vw, 1024px\" \/>\t\t\t\t\t\t\t\t\t\t\t\t\t\t\t<\/div>\n\t\t\t\t<\/div>\n\t\t\t\t<\/div>\n\t\t\t\t<\/div>\n\t\t<div class=\"elementor-element elementor-element-6e9e0d6b e-con-full e-flex e-con e-child\" data-id=\"6e9e0d6b\" data-element_type=\"container\" data-e-type=\"container\">\n\t\t<div class=\"elementor-element elementor-element-5bb0663 e-con-full e-flex e-con e-child\" data-id=\"5bb0663\" data-element_type=\"container\" data-e-type=\"container\">\n\t\t\t\t<div class=\"elementor-element elementor-element-54eb014 elementor-align-center elementor-widget elementor-widget-button\" data-id=\"54eb014\" data-element_type=\"widget\" data-e-type=\"widget\" data-widget_type=\"button.default\">\n\t\t\t\t<div class=\"elementor-widget-container\">\n\t\t\t\t\t\t\t\t\t<div class=\"elementor-button-wrapper\">\n\t\t\t\t\t<a class=\"elementor-button elementor-button-link elementor-size-sm\" href=\"https:\/\/shop.paylogic.com\/847ebd2a957948f6822738cf33f08eeb\">\n\t\t\t\t\t\t<span class=\"elementor-button-content-wrapper\">\n\t\t\t\t\t\t\t\t\t<span class=\"elementor-button-text\">Eintrittskarten<\/span>\n\t\t\t\t\t<\/span>\n\t\t\t\t\t<\/a>\n\t\t\t\t<\/div>\n\t\t\t\t\t\t\t\t<\/div>\n\t\t\t\t<\/div>\n\t\t\t\t<\/div>\n\t\t<div class=\"elementor-element elementor-element-14f52a0a e-con-full e-flex e-con e-child\" data-id=\"14f52a0a\" data-element_type=\"container\" data-e-type=\"container\" data-settings=\"{&quot;background_background&quot;:&quot;classic&quot;}\">\n\t\t\t\t<div class=\"elementor-element elementor-element-f0fa391 elementor-widget elementor-widget-heading\" data-id=\"f0fa391\" data-element_type=\"widget\" data-e-type=\"widget\" data-widget_type=\"heading.default\">\n\t\t\t\t<div class=\"elementor-widget-container\">\n\t\t\t\t\t<h3 class=\"elementor-heading-title elementor-size-default\">Was ist das Indian Summer Rodeo?<\/h3>\t\t\t\t<\/div>\n\t\t\t\t<\/div>\n\t\t\t\t<div class=\"elementor-element elementor-element-57995f20 elementor-widget elementor-widget-text-editor\" data-id=\"57995f20\" data-element_type=\"widget\" data-e-type=\"widget\" data-widget_type=\"text-editor.default\">\n\t\t\t\t<div class=\"elementor-widget-container\">\n\t\t\t\t\t\t\t\t\t<p><span style=\"font-weight: 400;\">Das <strong>Indian Summer Rodeo<\/strong> ist das Western-Highlight des Herbstes. Erleben Sie eine atemberaubende Rodeo-Show, fiebern Sie bei den <strong>spannenden<\/strong> <strong>Wettbewerben<\/strong> wie Barrel Racing und Pole Bending mit und genie\u00dfen Sie die <strong>Atmosph\u00e4re<\/strong> auf dem Western Fair &amp; Food Square <\/span><\/p><p><span style=\"font-weight: 400;\">Drei Tage lang k\u00f6nnen Sie genie\u00dfen:<\/span><\/p><ul><li style=\"font-weight: 400;\" aria-level=\"1\"><span style=\"font-weight: 400;\">Eine spektakul\u00e4re Rodeo-Show voller Action und Adrenalin<\/span><\/li><li style=\"font-weight: 400;\" aria-level=\"1\"><span style=\"font-weight: 400;\">Spannende Wettbewerbe wie Fassrennen und Stabhochsprung<\/span><\/li><li style=\"font-weight: 400;\" aria-level=\"1\"><span style=\"font-weight: 400;\">Atmosph\u00e4rische Line Dance Sessions  <\/span><\/li><li style=\"font-weight: 400;\" aria-level=\"1\"><span style=\"font-weight: 400;\">Der Western Fair &amp; Food Square, mit Unterhaltung und Leckereien f\u00fcr alle Altersgruppen<\/span><\/li><\/ul><p><span style=\"font-weight: 400;\">F\u00fcr diejenigen, die es besonders exklusiv m\u00f6gen, gibt es den VIP Buffalo Club: eine erstklassige Lage mit Blick auf die Arena, kombiniert mit Sekt oder einem luxuri\u00f6sen Abendessen &#8230; ein komplettes Western-Erlebnis.  <\/span><\/p>\t\t\t\t\t\t\t\t<\/div>\n\t\t\t\t<\/div>\n\t\t\t\t<\/div>\n\t\t\t\t<\/div>\n\t\t<div class=\"elementor-element elementor-element-77684cb e-con-full e-flex e-con e-child\" data-id=\"77684cb\" data-element_type=\"container\" data-e-type=\"container\">\n\t\t\t\t<\/div>\n\t\t<div class=\"elementor-element elementor-element-4f057bc0 e-con-full e-flex e-con e-child\" data-id=\"4f057bc0\" data-element_type=\"container\" data-e-type=\"container\" data-settings=\"{&quot;background_background&quot;:&quot;classic&quot;}\">\n\t\t\t\t<div class=\"elementor-element elementor-element-7a56692e elementor-widget elementor-widget-heading\" data-id=\"7a56692e\" data-element_type=\"widget\" data-e-type=\"widget\" data-widget_type=\"heading.default\">\n\t\t\t\t<div class=\"elementor-widget-container\">\n\t\t\t\t\t<h3 class=\"elementor-heading-title elementor-size-default\">Wann findet das Indian Summer Rodeo statt?<\/h3>\t\t\t\t<\/div>\n\t\t\t\t<\/div>\n\t\t\t\t<div class=\"elementor-element elementor-element-1a4f5b75 elementor-widget elementor-widget-text-editor\" data-id=\"1a4f5b75\" data-element_type=\"widget\" data-e-type=\"widget\" data-widget_type=\"text-editor.default\">\n\t\t\t\t<div class=\"elementor-widget-container\">\n\t\t\t\t\t\t\t\t\t<p>Das Indian Summer Rodeo findet auf der Gipsy Horses Ranch in Westerlo an den folgenden Terminen statt:<\/p><ul><li><strong>4. September 2026<\/strong><\/li><li><strong>September 5, 2026<\/strong><\/li><li><strong>September 6, 2026<\/strong><\/li><\/ul><p><b>Der Kartenverkauf beginnt am Montag, den 04\/05\/26 <\/b><b style=\"font-style: inherit;\">um 10 Uhr<\/b><\/p><p>Ob Sie nun kommen, um zu unterst\u00fctzen, zu tanzen oder k\u00f6stliche Speisen und Getr\u00e4nke zu genie\u00dfen, das <strong>Indian Summer Rodeo<\/strong> verspricht drei Tage voller Spektakel, Spa\u00df und purer Cowboy-Atmosph\u00e4re.<\/p>\t\t\t\t\t\t\t\t<\/div>\n\t\t\t\t<\/div>\n\t\t\t\t<\/div>\n\t\t<div class=\"elementor-element elementor-element-6e5eb91b e-con-full e-flex e-con e-child\" data-id=\"6e5eb91b\" data-element_type=\"container\" data-e-type=\"container\">\n\t\t\t\t<div class=\"elementor-element elementor-element-17bd8825 elementor-align-center elementor-widget elementor-widget-button\" data-id=\"17bd8825\" data-element_type=\"widget\" data-e-type=\"widget\" data-widget_type=\"button.default\">\n\t\t\t\t<div class=\"elementor-widget-container\">\n\t\t\t\t\t\t\t\t\t<div class=\"elementor-button-wrapper\">\n\t\t\t\t\t<a class=\"elementor-button elementor-button-link elementor-size-sm\" href=\"https:\/\/shop.paylogic.com\/847ebd2a957948f6822738cf33f08eeb\">\n\t\t\t\t\t\t<span class=\"elementor-button-content-wrapper\">\n\t\t\t\t\t\t\t\t\t<span class=\"elementor-button-text\">Eintrittskarten<\/span>\n\t\t\t\t\t<\/span>\n\t\t\t\t\t<\/a>\n\t\t\t\t<\/div>\n\t\t\t\t\t\t\t\t<\/div>\n\t\t\t\t<\/div>\n\t\t\t\t<\/div>\n\t\t\t\t\t<\/div>\n\t\t\t\t<\/div>\n\t\t\t\t<\/div>\n\t\t","protected":false},"excerpt":{"rendered":"<p>Indian Summer Rodeo Eintrittskarten Was ist das Indian Summer Rodeo? Das Indian Summer Rodeo ist das Western-Highlight des Herbstes. Erleben Sie eine atemberaubende Rodeo-Show, fiebern Sie bei den spannenden Wettbewerben wie Barrel Racing und Pole Bending mit und genie\u00dfen Sie die Atmosph\u00e4re auf dem Western Fair &amp; Food Square Drei Tage lang k\u00f6nnen Sie genie\u00dfen: [&hellip;]<\/p>\n","protected":false},"author":1,"featured_media":0,"parent":0,"menu_order":0,"comment_status":"closed","ping_status":"closed","template":"","meta":{"site-sidebar-layout":"no-sidebar","site-content-layout":"page-builder","ast-site-content-layout":"full-width-container","site-content-style":"default","site-sidebar-style":"default","ast-global-header-display":"","ast-banner-title-visibility":"","ast-main-header-display":"","ast-hfb-above-header-display":"","ast-hfb-below-header-display":"","ast-hfb-mobile-header-display":"","site-post-title":"disabled","ast-breadcrumbs-content":"","ast-featured-img":"disabled","footer-sml-layout":"","ast-disable-related-posts":"","theme-transparent-header-meta":"","adv-header-id-meta":"","stick-header-meta":"","header-above-stick-meta":"","header-main-stick-meta":"","header-below-stick-meta":"","astra-migrate-meta-layouts":"default","ast-page-background-enabled":"default","ast-page-background-meta":{"desktop":{"background-color":"","background-image":"","background-repeat":"repeat","background-position":"center center","background-size":"auto","background-attachment":"scroll","background-type":"","background-media":"","overlay-type":"","overlay-color":"","overlay-opacity":"","overlay-gradient":""},"tablet":{"background-color":"","background-image":"","background-repeat":"repeat","background-position":"center center","background-size":"auto","background-attachment":"scroll","background-type":"","background-media":"","overlay-type":"","overlay-color":"","overlay-opacity":"","overlay-gradient":""},"mobile":{"background-color":"","background-image":"","background-repeat":"repeat","background-position":"center center","background-size":"auto","background-attachment":"scroll","background-type":"","background-media":"","overlay-type":"","overlay-color":"","overlay-opacity":"","overlay-gradient":""}},"ast-content-background-meta":{"desktop":{"background-color":"var(--ast-global-color-5)","background-image":"","background-repeat":"repeat","background-position":"center center","background-size":"auto","background-attachment":"scroll","background-type":"","background-media":"","overlay-type":"","overlay-color":"","overlay-opacity":"","overlay-gradient":""},"tablet":{"background-color":"var(--ast-global-color-5)","background-image":"","background-repeat":"repeat","background-position":"center center","background-size":"auto","background-attachment":"scroll","background-type":"","background-media":"","overlay-type":"","overlay-color":"","overlay-opacity":"","overlay-gradient":""},"mobile":{"background-color":"var(--ast-global-color-5)","background-image":"","background-repeat":"repeat","background-position":"center center","background-size":"auto","background-attachment":"scroll","background-type":"","background-media":"","overlay-type":"","overlay-color":"","overlay-opacity":"","overlay-gradient":""}},"footnotes":""},"class_list":["post-8538","page","type-page","status-publish","hentry"],"yoast_head":"<!-- This site is optimized with the Yoast SEO plugin v27.2 - https:\/\/yoast.com\/product\/yoast-seo-wordpress\/ -->\n<title>Altweibersommer - Gipsy Horses Ranch<\/title>\n<meta name=\"robots\" content=\"index, follow, max-snippet:-1, max-image-preview:large, max-video-preview:-1\" \/>\n<link rel=\"canonical\" href=\"https:\/\/gipsyhorsesranch.be\/de\/altweibersommer\/\" \/>\n<meta property=\"og:locale\" content=\"de_DE\" \/>\n<meta property=\"og:type\" content=\"article\" \/>\n<meta property=\"og:title\" content=\"Altweibersommer - Gipsy Horses Ranch\" \/>\n<meta property=\"og:description\" content=\"Indian Summer Rodeo Eintrittskarten Was ist das Indian Summer Rodeo? Das Indian Summer Rodeo ist das Western-Highlight des Herbstes. Erleben Sie eine atemberaubende Rodeo-Show, fiebern Sie bei den spannenden Wettbewerben wie Barrel Racing und Pole Bending mit und genie\u00dfen Sie die Atmosph\u00e4re auf dem Western Fair &amp; Food Square Drei Tage lang k\u00f6nnen Sie genie\u00dfen: [&hellip;]\" \/>\n<meta property=\"og:url\" content=\"https:\/\/gipsyhorsesranch.be\/de\/altweibersommer\/\" \/>\n<meta property=\"og:site_name\" content=\"Gipsy Horses Ranch\" \/>\n<meta property=\"article:publisher\" content=\"https:\/\/www.facebook.com\/gipsyhorsesrodeo.ghr\" \/>\n<meta property=\"article:modified_time\" content=\"2026-02-26T22:24:47+00:00\" \/>\n<meta property=\"og:image\" content=\"https:\/\/gipsyhorsesranch.be\/wp-content\/uploads\/2026\/01\/houtbrandFinaal1.png\" \/>\n\t<meta property=\"og:image:width\" content=\"374\" \/>\n\t<meta property=\"og:image:height\" content=\"344\" \/>\n\t<meta property=\"og:image:type\" content=\"image\/png\" \/>\n<meta name=\"twitter:card\" content=\"summary_large_image\" \/>\n<meta name=\"twitter:label1\" content=\"Gesch\u00e4tzte Lesezeit\" \/>\n\t<meta name=\"twitter:data1\" content=\"1\u00a0Minute\" \/>\n<script type=\"application\/ld+json\" class=\"yoast-schema-graph\">{\"@context\":\"https:\/\/schema.org\",\"@graph\":[{\"@type\":\"WebPage\",\"@id\":\"https:\/\/gipsyhorsesranch.be\/de\/altweibersommer\/\",\"url\":\"https:\/\/gipsyhorsesranch.be\/de\/altweibersommer\/\",\"name\":\"Altweibersommer - Gipsy Horses Ranch\",\"isPartOf\":{\"@id\":\"https:\/\/gipsyhorsesranch.be\/de\/#website\"},\"primaryImageOfPage\":{\"@id\":\"https:\/\/gipsyhorsesranch.be\/de\/altweibersommer\/#primaryimage\"},\"image\":{\"@id\":\"https:\/\/gipsyhorsesranch.be\/de\/altweibersommer\/#primaryimage\"},\"thumbnailUrl\":\"https:\/\/gipsyhorsesranch.be\/wp-content\/uploads\/2026\/01\/houtbrandFinaal1.png\",\"datePublished\":\"2025-09-17T10:30:38+00:00\",\"dateModified\":\"2026-02-26T22:24:47+00:00\",\"breadcrumb\":{\"@id\":\"https:\/\/gipsyhorsesranch.be\/de\/altweibersommer\/#breadcrumb\"},\"inLanguage\":\"de\",\"potentialAction\":[{\"@type\":\"ReadAction\",\"target\":[\"https:\/\/gipsyhorsesranch.be\/de\/altweibersommer\/\"]}]},{\"@type\":\"ImageObject\",\"inLanguage\":\"de\",\"@id\":\"https:\/\/gipsyhorsesranch.be\/de\/altweibersommer\/#primaryimage\",\"url\":\"https:\/\/gipsyhorsesranch.be\/wp-content\/uploads\/2026\/01\/houtbrandFinaal1.png\",\"contentUrl\":\"https:\/\/gipsyhorsesranch.be\/wp-content\/uploads\/2026\/01\/houtbrandFinaal1.png\"},{\"@type\":\"BreadcrumbList\",\"@id\":\"https:\/\/gipsyhorsesranch.be\/de\/altweibersommer\/#breadcrumb\",\"itemListElement\":[{\"@type\":\"ListItem\",\"position\":1,\"name\":\"Home\",\"item\":\"https:\/\/gipsyhorsesranch.be\/de\/\"},{\"@type\":\"ListItem\",\"position\":2,\"name\":\"Altweibersommer\"}]},{\"@type\":\"WebSite\",\"@id\":\"https:\/\/gipsyhorsesranch.be\/de\/#website\",\"url\":\"https:\/\/gipsyhorsesranch.be\/de\/\",\"name\":\"Gipsy Horses Ranch\",\"description\":\"Waar de sfeer van het Wilde Westen tot leven komt.\",\"publisher\":{\"@id\":\"https:\/\/gipsyhorsesranch.be\/de\/#organization\"},\"potentialAction\":[{\"@type\":\"SearchAction\",\"target\":{\"@type\":\"EntryPoint\",\"urlTemplate\":\"https:\/\/gipsyhorsesranch.be\/de\/?s={search_term_string}\"},\"query-input\":{\"@type\":\"PropertyValueSpecification\",\"valueRequired\":true,\"valueName\":\"search_term_string\"}}],\"inLanguage\":\"de\"},{\"@type\":\"Organization\",\"@id\":\"https:\/\/gipsyhorsesranch.be\/de\/#organization\",\"name\":\"Gipsy Horses Ranch\",\"url\":\"https:\/\/gipsyhorsesranch.be\/de\/\",\"logo\":{\"@type\":\"ImageObject\",\"inLanguage\":\"de\",\"@id\":\"https:\/\/gipsyhorsesranch.be\/de\/#\/schema\/logo\/image\/\",\"url\":\"https:\/\/gipsyhorsesranch.be\/wp-content\/uploads\/2025\/08\/logo-oud-e1771412031786.webp\",\"contentUrl\":\"https:\/\/gipsyhorsesranch.be\/wp-content\/uploads\/2025\/08\/logo-oud-e1771412031786.webp\",\"width\":117,\"height\":108,\"caption\":\"Gipsy Horses Ranch\"},\"image\":{\"@id\":\"https:\/\/gipsyhorsesranch.be\/de\/#\/schema\/logo\/image\/\"},\"sameAs\":[\"https:\/\/www.facebook.com\/gipsyhorsesrodeo.ghr\",\"https:\/\/www.instagram.com\/gipsyhorsesranch_\/\"]}]}<\/script>\n<!-- \/ Yoast SEO plugin. -->","yoast_head_json":{"title":"Altweibersommer - Gipsy Horses Ranch","robots":{"index":"index","follow":"follow","max-snippet":"max-snippet:-1","max-image-preview":"max-image-preview:large","max-video-preview":"max-video-preview:-1"},"canonical":"https:\/\/gipsyhorsesranch.be\/de\/altweibersommer\/","og_locale":"de_DE","og_type":"article","og_title":"Altweibersommer - Gipsy Horses Ranch","og_description":"Indian Summer Rodeo Eintrittskarten Was ist das Indian Summer Rodeo? Das Indian Summer Rodeo ist das Western-Highlight des Herbstes. Erleben Sie eine atemberaubende Rodeo-Show, fiebern Sie bei den spannenden Wettbewerben wie Barrel Racing und Pole Bending mit und genie\u00dfen Sie die Atmosph\u00e4re auf dem Western Fair &amp; Food Square Drei Tage lang k\u00f6nnen Sie genie\u00dfen: [&hellip;]","og_url":"https:\/\/gipsyhorsesranch.be\/de\/altweibersommer\/","og_site_name":"Gipsy Horses Ranch","article_publisher":"https:\/\/www.facebook.com\/gipsyhorsesrodeo.ghr","article_modified_time":"2026-02-26T22:24:47+00:00","og_image":[{"width":374,"height":344,"url":"https:\/\/gipsyhorsesranch.be\/wp-content\/uploads\/2026\/01\/houtbrandFinaal1.png","type":"image\/png"}],"twitter_card":"summary_large_image","twitter_misc":{"Gesch\u00e4tzte Lesezeit":"1\u00a0Minute"},"schema":{"@context":"https:\/\/schema.org","@graph":[{"@type":"WebPage","@id":"https:\/\/gipsyhorsesranch.be\/de\/altweibersommer\/","url":"https:\/\/gipsyhorsesranch.be\/de\/altweibersommer\/","name":"Altweibersommer - Gipsy Horses Ranch","isPartOf":{"@id":"https:\/\/gipsyhorsesranch.be\/de\/#website"},"primaryImageOfPage":{"@id":"https:\/\/gipsyhorsesranch.be\/de\/altweibersommer\/#primaryimage"},"image":{"@id":"https:\/\/gipsyhorsesranch.be\/de\/altweibersommer\/#primaryimage"},"thumbnailUrl":"https:\/\/gipsyhorsesranch.be\/wp-content\/uploads\/2026\/01\/houtbrandFinaal1.png","datePublished":"2025-09-17T10:30:38+00:00","dateModified":"2026-02-26T22:24:47+00:00","breadcrumb":{"@id":"https:\/\/gipsyhorsesranch.be\/de\/altweibersommer\/#breadcrumb"},"inLanguage":"de","potentialAction":[{"@type":"ReadAction","target":["https:\/\/gipsyhorsesranch.be\/de\/altweibersommer\/"]}]},{"@type":"ImageObject","inLanguage":"de","@id":"https:\/\/gipsyhorsesranch.be\/de\/altweibersommer\/#primaryimage","url":"https:\/\/gipsyhorsesranch.be\/wp-content\/uploads\/2026\/01\/houtbrandFinaal1.png","contentUrl":"https:\/\/gipsyhorsesranch.be\/wp-content\/uploads\/2026\/01\/houtbrandFinaal1.png"},{"@type":"BreadcrumbList","@id":"https:\/\/gipsyhorsesranch.be\/de\/altweibersommer\/#breadcrumb","itemListElement":[{"@type":"ListItem","position":1,"name":"Home","item":"https:\/\/gipsyhorsesranch.be\/de\/"},{"@type":"ListItem","position":2,"name":"Altweibersommer"}]},{"@type":"WebSite","@id":"https:\/\/gipsyhorsesranch.be\/de\/#website","url":"https:\/\/gipsyhorsesranch.be\/de\/","name":"Gipsy Horses Ranch","description":"Waar de sfeer van het Wilde Westen tot leven komt.","publisher":{"@id":"https:\/\/gipsyhorsesranch.be\/de\/#organization"},"potentialAction":[{"@type":"SearchAction","target":{"@type":"EntryPoint","urlTemplate":"https:\/\/gipsyhorsesranch.be\/de\/?s={search_term_string}"},"query-input":{"@type":"PropertyValueSpecification","valueRequired":true,"valueName":"search_term_string"}}],"inLanguage":"de"},{"@type":"Organization","@id":"https:\/\/gipsyhorsesranch.be\/de\/#organization","name":"Gipsy Horses Ranch","url":"https:\/\/gipsyhorsesranch.be\/de\/","logo":{"@type":"ImageObject","inLanguage":"de","@id":"https:\/\/gipsyhorsesranch.be\/de\/#\/schema\/logo\/image\/","url":"https:\/\/gipsyhorsesranch.be\/wp-content\/uploads\/2025\/08\/logo-oud-e1771412031786.webp","contentUrl":"https:\/\/gipsyhorsesranch.be\/wp-content\/uploads\/2025\/08\/logo-oud-e1771412031786.webp","width":117,"height":108,"caption":"Gipsy Horses Ranch"},"image":{"@id":"https:\/\/gipsyhorsesranch.be\/de\/#\/schema\/logo\/image\/"},"sameAs":["https:\/\/www.facebook.com\/gipsyhorsesrodeo.ghr","https:\/\/www.instagram.com\/gipsyhorsesranch_\/"]}]}},"_links":{"self":[{"href":"https:\/\/gipsyhorsesranch.be\/de\/wp-json\/wp\/v2\/pages\/8538","targetHints":{"allow":["GET"]}}],"collection":[{"href":"https:\/\/gipsyhorsesranch.be\/de\/wp-json\/wp\/v2\/pages"}],"about":[{"href":"https:\/\/gipsyhorsesranch.be\/de\/wp-json\/wp\/v2\/types\/page"}],"author":[{"embeddable":true,"href":"https:\/\/gipsyhorsesranch.be\/de\/wp-json\/wp\/v2\/users\/1"}],"replies":[{"embeddable":true,"href":"https:\/\/gipsyhorsesranch.be\/de\/wp-json\/wp\/v2\/comments?post=8538"}],"version-history":[{"count":3,"href":"https:\/\/gipsyhorsesranch.be\/de\/wp-json\/wp\/v2\/pages\/8538\/revisions"}],"predecessor-version":[{"id":9602,"href":"https:\/\/gipsyhorsesranch.be\/de\/wp-json\/wp\/v2\/pages\/8538\/revisions\/9602"}],"wp:attachment":[{"href":"https:\/\/gipsyhorsesranch.be\/de\/wp-json\/wp\/v2\/media?parent=8538"}],"curies":[{"name":"wp","href":"https:\/\/api.w.org\/{rel}","templated":true}]}}