{"id":8846,"date":"2025-10-02T14:55:07","date_gmt":"2025-10-02T12:55:07","guid":{"rendered":"https:\/\/gipsyhorsesranch.be\/billy-bills\/"},"modified":"2026-02-26T23:26:58","modified_gmt":"2026-02-26T22:26:58","slug":"billy-bills","status":"publish","type":"page","link":"https:\/\/gipsyhorsesranch.be\/de\/billy-bills\/","title":{"rendered":"Billy Bill&#8217;s"},"content":{"rendered":"\t\t<div data-elementor-type=\"wp-page\" data-elementor-id=\"8846\" class=\"elementor elementor-8846 elementor-3588\" data-elementor-post-type=\"page\">\n\t\t\t\t<div class=\"elementor-element elementor-element-4a59feea e-flex e-con-boxed e-con e-parent\" data-id=\"4a59feea\" data-element_type=\"container\" data-e-type=\"container\" data-settings=\"{&quot;background_background&quot;:&quot;classic&quot;}\">\n\t\t\t\t\t<div class=\"e-con-inner\">\n\t\t<div class=\"elementor-element elementor-element-6c630b15 e-con-full e-flex e-con e-child\" data-id=\"6c630b15\" data-element_type=\"container\" data-e-type=\"container\">\n\t\t\t\t<div class=\"elementor-element elementor-element-144298c5 elementor-widget elementor-widget-heading\" data-id=\"144298c5\" data-element_type=\"widget\" data-e-type=\"widget\" data-widget_type=\"heading.default\">\n\t\t\t\t<div class=\"elementor-widget-container\">\n\t\t\t\t\t<h1 class=\"elementor-heading-title elementor-size-default\">Billy Bill's<\/h1>\t\t\t\t<\/div>\n\t\t\t\t<\/div>\n\t\t\t\t<div class=\"elementor-element elementor-element-60f87fe8 elementor-widget elementor-widget-image\" data-id=\"60f87fe8\" data-element_type=\"widget\" data-e-type=\"widget\" data-widget_type=\"image.default\">\n\t\t\t\t<div class=\"elementor-widget-container\">\n\t\t\t\t\t\t\t\t\t\t\t\t\t\t\t<img fetchpriority=\"high\" decoding=\"async\" width=\"724\" height=\"1024\" src=\"https:\/\/gipsyhorsesranch.be\/wp-content\/uploads\/2026\/02\/poster-BB-website-724x1024.png\" class=\"attachment-large size-large wp-image-8721\" alt=\"\" srcset=\"https:\/\/gipsyhorsesranch.be\/wp-content\/uploads\/2026\/02\/poster-BB-website-724x1024.png 724w, https:\/\/gipsyhorsesranch.be\/wp-content\/uploads\/2026\/02\/poster-BB-website-212x300.png 212w, https:\/\/gipsyhorsesranch.be\/wp-content\/uploads\/2026\/02\/poster-BB-website-768x1086.png 768w, https:\/\/gipsyhorsesranch.be\/wp-content\/uploads\/2026\/02\/poster-BB-website-1086x1536.png 1086w, https:\/\/gipsyhorsesranch.be\/wp-content\/uploads\/2026\/02\/poster-BB-website-600x849.png 600w, https:\/\/gipsyhorsesranch.be\/wp-content\/uploads\/2026\/02\/poster-BB-website.png 1414w\" sizes=\"(max-width: 724px) 100vw, 724px\" \/>\t\t\t\t\t\t\t\t\t\t\t\t\t\t\t<\/div>\n\t\t\t\t<\/div>\n\t\t<div class=\"elementor-element elementor-element-009b026 e-con-full e-flex e-con e-child\" data-id=\"009b026\" data-element_type=\"container\" data-e-type=\"container\">\n\t\t\t\t<div class=\"elementor-element elementor-element-fdcb4c1 elementor-align-center elementor-widget elementor-widget-button\" data-id=\"fdcb4c1\" data-element_type=\"widget\" data-e-type=\"widget\" data-widget_type=\"button.default\">\n\t\t\t\t<div class=\"elementor-widget-container\">\n\t\t\t\t\t\t\t\t\t<div class=\"elementor-button-wrapper\">\n\t\t\t\t\t<a class=\"elementor-button elementor-button-link elementor-size-sm\" href=\"https:\/\/shop.paylogic.com\/065ca9e6e73c4831bb70f04530589a76\">\n\t\t\t\t\t\t<span class=\"elementor-button-content-wrapper\">\n\t\t\t\t\t\t\t\t\t<span class=\"elementor-button-text\">Eintrittskarten<\/span>\n\t\t\t\t\t<\/span>\n\t\t\t\t\t<\/a>\n\t\t\t\t<\/div>\n\t\t\t\t\t\t\t\t<\/div>\n\t\t\t\t<\/div>\n\t\t\t\t<\/div>\n\t\t<div class=\"elementor-element elementor-element-73fd22bc e-con-full e-flex e-con e-child\" data-id=\"73fd22bc\" data-element_type=\"container\" data-e-type=\"container\" data-settings=\"{&quot;background_background&quot;:&quot;classic&quot;}\">\n\t\t\t\t<div class=\"elementor-element elementor-element-477a6064 elementor-widget elementor-widget-heading\" data-id=\"477a6064\" data-element_type=\"widget\" data-e-type=\"widget\" data-widget_type=\"heading.default\">\n\t\t\t\t<div class=\"elementor-widget-container\">\n\t\t\t\t\t<h3 class=\"elementor-heading-title elementor-size-default\">Was ist Billy Bill's?<\/h3>\t\t\t\t<\/div>\n\t\t\t\t<\/div>\n\t\t\t\t<div class=\"elementor-element elementor-element-6e5a44bc elementor-widget elementor-widget-text-editor\" data-id=\"6e5a44bc\" data-element_type=\"widget\" data-e-type=\"widget\" data-widget_type=\"text-editor.default\">\n\t\t\t\t<div class=\"elementor-widget-container\">\n\t\t\t\t\t\t\t\t\t<p><span style=\"font-weight: 400;\">Billy Bill&#8217;s ist DAS Ereignis des Winters. Ein Abend voller Spektakel, Musik und festlicher Atmosph\u00e4re. Kommen Sie zu Billy Bill&#8217;s und genie\u00dfen Sie:  <\/span><\/p><ul><li style=\"font-weight: 400;\" aria-level=\"1\"><span style=\"font-weight: 400;\">Xmas Bull Riding Rodeo Show<\/span><\/li><li style=\"font-weight: 400;\" aria-level=\"1\"><span style=\"font-weight: 400;\">Tanz- und Showeinlagen f\u00fcr unvergessliche Unterhaltung<\/span><\/li><li style=\"font-weight: 400;\" aria-level=\"1\"><span style=\"font-weight: 400;\">Live Musik<\/span><\/li><li style=\"font-weight: 400;\" aria-level=\"1\"><span style=\"font-weight: 400;\">Afterparty<\/span><\/li><\/ul>\t\t\t\t\t\t\t\t<\/div>\n\t\t\t\t<\/div>\n\t\t\t\t<\/div>\n\t\t<div class=\"elementor-element elementor-element-20df4a0a e-con-full e-flex e-con e-child\" data-id=\"20df4a0a\" data-element_type=\"container\" data-e-type=\"container\">\n\t\t\t\t<\/div>\n\t\t\t\t<\/div>\n\t\t<div class=\"elementor-element elementor-element-1402e809 e-con-full e-flex e-con e-child\" data-id=\"1402e809\" data-element_type=\"container\" data-e-type=\"container\" data-settings=\"{&quot;background_background&quot;:&quot;classic&quot;}\">\n\t\t\t\t<div class=\"elementor-element elementor-element-6a335e98 elementor-widget elementor-widget-heading\" data-id=\"6a335e98\" data-element_type=\"widget\" data-e-type=\"widget\" data-widget_type=\"heading.default\">\n\t\t\t\t<div class=\"elementor-widget-container\">\n\t\t\t\t\t<h3 class=\"elementor-heading-title elementor-size-default\">Wann ist Billy Bill's?<\/h3>\t\t\t\t<\/div>\n\t\t\t\t<\/div>\n\t\t\t\t<div class=\"elementor-element elementor-element-2bf3bf7c elementor-widget elementor-widget-text-editor\" data-id=\"2bf3bf7c\" data-element_type=\"widget\" data-e-type=\"widget\" data-widget_type=\"text-editor.default\">\n\t\t\t\t<div class=\"elementor-widget-container\">\n\t\t\t\t\t\t\t\t\t<p>Billy Bill&#8217;s findet auf der Gipsy Horses Ranch in Westerlo an den folgenden Daten statt:<\/p><ul><li><strong>5. Dezember 2026  <\/strong><\/li><li><b>Der Kartenverkauf beginnt am 15\/10\/2026 um 10 Uhr<\/b><\/li><\/ul><div>Verpassen Sie dieses unvergessliche Ereignis nicht und erleben Sie mit uns das ultimative Winter-Rodeo &amp; Party-Erlebnis.<\/div>\t\t\t\t\t\t\t\t<\/div>\n\t\t\t\t<\/div>\n\t\t\t\t<\/div>\n\t\t<div class=\"elementor-element elementor-element-609062e0 e-con-full e-flex e-con e-child\" data-id=\"609062e0\" data-element_type=\"container\" data-e-type=\"container\">\n\t\t\t\t<div class=\"elementor-element elementor-element-7f680376 elementor-align-center elementor-widget elementor-widget-button\" data-id=\"7f680376\" data-element_type=\"widget\" data-e-type=\"widget\" data-widget_type=\"button.default\">\n\t\t\t\t<div class=\"elementor-widget-container\">\n\t\t\t\t\t\t\t\t\t<div class=\"elementor-button-wrapper\">\n\t\t\t\t\t<a class=\"elementor-button elementor-button-link elementor-size-sm\" href=\"https:\/\/shop.paylogic.com\/065ca9e6e73c4831bb70f04530589a76\">\n\t\t\t\t\t\t<span class=\"elementor-button-content-wrapper\">\n\t\t\t\t\t\t\t\t\t<span class=\"elementor-button-text\">Eintrittskarten<\/span>\n\t\t\t\t\t<\/span>\n\t\t\t\t\t<\/a>\n\t\t\t\t<\/div>\n\t\t\t\t\t\t\t\t<\/div>\n\t\t\t\t<\/div>\n\t\t\t\t<\/div>\n\t\t\t\t\t<\/div>\n\t\t\t\t<\/div>\n\t\t\t\t<\/div>\n\t\t","protected":false},"excerpt":{"rendered":"<p>Billy Bill&#8217;s Eintrittskarten Was ist Billy Bill&#8217;s? Billy Bill&#8217;s ist DAS Ereignis des Winters. Ein Abend voller Spektakel, Musik und festlicher Atmosph\u00e4re. Kommen Sie zu Billy Bill&#8217;s und genie\u00dfen Sie: Xmas Bull Riding Rodeo Show Tanz- und Showeinlagen f\u00fcr unvergessliche Unterhaltung Live Musik Afterparty Wann ist Billy Bill&#8217;s? Billy Bill&#8217;s findet auf der Gipsy Horses [&hellip;]<\/p>\n","protected":false},"author":1,"featured_media":0,"parent":0,"menu_order":0,"comment_status":"closed","ping_status":"closed","template":"","meta":{"site-sidebar-layout":"no-sidebar","site-content-layout":"page-builder","ast-site-content-layout":"full-width-container","site-content-style":"default","site-sidebar-style":"default","ast-global-header-display":"","ast-banner-title-visibility":"","ast-main-header-display":"","ast-hfb-above-header-display":"","ast-hfb-below-header-display":"","ast-hfb-mobile-header-display":"","site-post-title":"disabled","ast-breadcrumbs-content":"","ast-featured-img":"disabled","footer-sml-layout":"","ast-disable-related-posts":"","theme-transparent-header-meta":"","adv-header-id-meta":"","stick-header-meta":"","header-above-stick-meta":"","header-main-stick-meta":"","header-below-stick-meta":"","astra-migrate-meta-layouts":"default","ast-page-background-enabled":"default","ast-page-background-meta":{"desktop":{"background-color":"","background-image":"","background-repeat":"repeat","background-position":"center center","background-size":"auto","background-attachment":"scroll","background-type":"","background-media":"","overlay-type":"","overlay-color":"","overlay-opacity":"","overlay-gradient":""},"tablet":{"background-color":"","background-image":"","background-repeat":"repeat","background-position":"center center","background-size":"auto","background-attachment":"scroll","background-type":"","background-media":"","overlay-type":"","overlay-color":"","overlay-opacity":"","overlay-gradient":""},"mobile":{"background-color":"","background-image":"","background-repeat":"repeat","background-position":"center center","background-size":"auto","background-attachment":"scroll","background-type":"","background-media":"","overlay-type":"","overlay-color":"","overlay-opacity":"","overlay-gradient":""}},"ast-content-background-meta":{"desktop":{"background-color":"var(--ast-global-color-5)","background-image":"","background-repeat":"repeat","background-position":"center center","background-size":"auto","background-attachment":"scroll","background-type":"","background-media":"","overlay-type":"","overlay-color":"","overlay-opacity":"","overlay-gradient":""},"tablet":{"background-color":"var(--ast-global-color-5)","background-image":"","background-repeat":"repeat","background-position":"center center","background-size":"auto","background-attachment":"scroll","background-type":"","background-media":"","overlay-type":"","overlay-color":"","overlay-opacity":"","overlay-gradient":""},"mobile":{"background-color":"var(--ast-global-color-5)","background-image":"","background-repeat":"repeat","background-position":"center center","background-size":"auto","background-attachment":"scroll","background-type":"","background-media":"","overlay-type":"","overlay-color":"","overlay-opacity":"","overlay-gradient":""}},"footnotes":""},"class_list":["post-8846","page","type-page","status-publish","hentry"],"yoast_head":"<!-- This site is optimized with the Yoast SEO plugin v27.2 - https:\/\/yoast.com\/product\/yoast-seo-wordpress\/ -->\n<title>Billy Bill&#039;s - Gipsy Horses Ranch<\/title>\n<meta name=\"robots\" content=\"index, follow, max-snippet:-1, max-image-preview:large, max-video-preview:-1\" \/>\n<link rel=\"canonical\" href=\"https:\/\/gipsyhorsesranch.be\/de\/billy-bills\/\" \/>\n<meta property=\"og:locale\" content=\"de_DE\" \/>\n<meta property=\"og:type\" content=\"article\" \/>\n<meta property=\"og:title\" content=\"Billy Bill&#039;s - Gipsy Horses Ranch\" \/>\n<meta property=\"og:description\" content=\"Billy Bill&#8217;s Eintrittskarten Was ist Billy Bill&#8217;s? Billy Bill&#8217;s ist DAS Ereignis des Winters. Ein Abend voller Spektakel, Musik und festlicher Atmosph\u00e4re. Kommen Sie zu Billy Bill&#8217;s und genie\u00dfen Sie: Xmas Bull Riding Rodeo Show Tanz- und Showeinlagen f\u00fcr unvergessliche Unterhaltung Live Musik Afterparty Wann ist Billy Bill&#8217;s? Billy Bill&#8217;s findet auf der Gipsy Horses [&hellip;]\" \/>\n<meta property=\"og:url\" content=\"https:\/\/gipsyhorsesranch.be\/de\/billy-bills\/\" \/>\n<meta property=\"og:site_name\" content=\"Gipsy Horses Ranch\" \/>\n<meta property=\"article:publisher\" content=\"https:\/\/www.facebook.com\/gipsyhorsesrodeo.ghr\" \/>\n<meta property=\"article:modified_time\" content=\"2026-02-26T22:26:58+00:00\" \/>\n<meta property=\"og:image\" content=\"https:\/\/gipsyhorsesranch.be\/wp-content\/uploads\/2026\/02\/poster-BB-website-724x1024.png\" \/>\n\t<meta property=\"og:image:width\" content=\"724\" \/>\n\t<meta property=\"og:image:height\" content=\"1024\" \/>\n\t<meta property=\"og:image:type\" content=\"image\/png\" \/>\n<meta name=\"twitter:card\" content=\"summary_large_image\" \/>\n<script type=\"application\/ld+json\" class=\"yoast-schema-graph\">{\"@context\":\"https:\/\/schema.org\",\"@graph\":[{\"@type\":\"WebPage\",\"@id\":\"https:\/\/gipsyhorsesranch.be\/de\/billy-bills\/\",\"url\":\"https:\/\/gipsyhorsesranch.be\/de\/billy-bills\/\",\"name\":\"Billy Bill's - Gipsy Horses Ranch\",\"isPartOf\":{\"@id\":\"https:\/\/gipsyhorsesranch.be\/de\/#website\"},\"primaryImageOfPage\":{\"@id\":\"https:\/\/gipsyhorsesranch.be\/de\/billy-bills\/#primaryimage\"},\"image\":{\"@id\":\"https:\/\/gipsyhorsesranch.be\/de\/billy-bills\/#primaryimage\"},\"thumbnailUrl\":\"https:\/\/gipsyhorsesranch.be\/wp-content\/uploads\/2026\/02\/poster-BB-website-724x1024.png\",\"datePublished\":\"2025-10-02T12:55:07+00:00\",\"dateModified\":\"2026-02-26T22:26:58+00:00\",\"breadcrumb\":{\"@id\":\"https:\/\/gipsyhorsesranch.be\/de\/billy-bills\/#breadcrumb\"},\"inLanguage\":\"de\",\"potentialAction\":[{\"@type\":\"ReadAction\",\"target\":[\"https:\/\/gipsyhorsesranch.be\/de\/billy-bills\/\"]}]},{\"@type\":\"ImageObject\",\"inLanguage\":\"de\",\"@id\":\"https:\/\/gipsyhorsesranch.be\/de\/billy-bills\/#primaryimage\",\"url\":\"https:\/\/gipsyhorsesranch.be\/wp-content\/uploads\/2026\/02\/poster-BB-website-724x1024.png\",\"contentUrl\":\"https:\/\/gipsyhorsesranch.be\/wp-content\/uploads\/2026\/02\/poster-BB-website-724x1024.png\"},{\"@type\":\"BreadcrumbList\",\"@id\":\"https:\/\/gipsyhorsesranch.be\/de\/billy-bills\/#breadcrumb\",\"itemListElement\":[{\"@type\":\"ListItem\",\"position\":1,\"name\":\"Home\",\"item\":\"https:\/\/gipsyhorsesranch.be\/de\/\"},{\"@type\":\"ListItem\",\"position\":2,\"name\":\"Billy Bill&#8217;s\"}]},{\"@type\":\"WebSite\",\"@id\":\"https:\/\/gipsyhorsesranch.be\/de\/#website\",\"url\":\"https:\/\/gipsyhorsesranch.be\/de\/\",\"name\":\"Gipsy Horses Ranch\",\"description\":\"Waar de sfeer van het Wilde Westen tot leven komt.\",\"publisher\":{\"@id\":\"https:\/\/gipsyhorsesranch.be\/de\/#organization\"},\"potentialAction\":[{\"@type\":\"SearchAction\",\"target\":{\"@type\":\"EntryPoint\",\"urlTemplate\":\"https:\/\/gipsyhorsesranch.be\/de\/?s={search_term_string}\"},\"query-input\":{\"@type\":\"PropertyValueSpecification\",\"valueRequired\":true,\"valueName\":\"search_term_string\"}}],\"inLanguage\":\"de\"},{\"@type\":\"Organization\",\"@id\":\"https:\/\/gipsyhorsesranch.be\/de\/#organization\",\"name\":\"Gipsy Horses Ranch\",\"url\":\"https:\/\/gipsyhorsesranch.be\/de\/\",\"logo\":{\"@type\":\"ImageObject\",\"inLanguage\":\"de\",\"@id\":\"https:\/\/gipsyhorsesranch.be\/de\/#\/schema\/logo\/image\/\",\"url\":\"https:\/\/gipsyhorsesranch.be\/wp-content\/uploads\/2025\/08\/logo-oud-e1771412031786.webp\",\"contentUrl\":\"https:\/\/gipsyhorsesranch.be\/wp-content\/uploads\/2025\/08\/logo-oud-e1771412031786.webp\",\"width\":117,\"height\":108,\"caption\":\"Gipsy Horses Ranch\"},\"image\":{\"@id\":\"https:\/\/gipsyhorsesranch.be\/de\/#\/schema\/logo\/image\/\"},\"sameAs\":[\"https:\/\/www.facebook.com\/gipsyhorsesrodeo.ghr\",\"https:\/\/www.instagram.com\/gipsyhorsesranch_\/\"]}]}<\/script>\n<!-- \/ Yoast SEO plugin. -->","yoast_head_json":{"title":"Billy Bill's - Gipsy Horses Ranch","robots":{"index":"index","follow":"follow","max-snippet":"max-snippet:-1","max-image-preview":"max-image-preview:large","max-video-preview":"max-video-preview:-1"},"canonical":"https:\/\/gipsyhorsesranch.be\/de\/billy-bills\/","og_locale":"de_DE","og_type":"article","og_title":"Billy Bill's - Gipsy Horses Ranch","og_description":"Billy Bill&#8217;s Eintrittskarten Was ist Billy Bill&#8217;s? Billy Bill&#8217;s ist DAS Ereignis des Winters. Ein Abend voller Spektakel, Musik und festlicher Atmosph\u00e4re. Kommen Sie zu Billy Bill&#8217;s und genie\u00dfen Sie: Xmas Bull Riding Rodeo Show Tanz- und Showeinlagen f\u00fcr unvergessliche Unterhaltung Live Musik Afterparty Wann ist Billy Bill&#8217;s? Billy Bill&#8217;s findet auf der Gipsy Horses [&hellip;]","og_url":"https:\/\/gipsyhorsesranch.be\/de\/billy-bills\/","og_site_name":"Gipsy Horses Ranch","article_publisher":"https:\/\/www.facebook.com\/gipsyhorsesrodeo.ghr","article_modified_time":"2026-02-26T22:26:58+00:00","og_image":[{"width":724,"height":1024,"url":"https:\/\/gipsyhorsesranch.be\/wp-content\/uploads\/2026\/02\/poster-BB-website-724x1024.png","type":"image\/png"}],"twitter_card":"summary_large_image","schema":{"@context":"https:\/\/schema.org","@graph":[{"@type":"WebPage","@id":"https:\/\/gipsyhorsesranch.be\/de\/billy-bills\/","url":"https:\/\/gipsyhorsesranch.be\/de\/billy-bills\/","name":"Billy Bill's - Gipsy Horses Ranch","isPartOf":{"@id":"https:\/\/gipsyhorsesranch.be\/de\/#website"},"primaryImageOfPage":{"@id":"https:\/\/gipsyhorsesranch.be\/de\/billy-bills\/#primaryimage"},"image":{"@id":"https:\/\/gipsyhorsesranch.be\/de\/billy-bills\/#primaryimage"},"thumbnailUrl":"https:\/\/gipsyhorsesranch.be\/wp-content\/uploads\/2026\/02\/poster-BB-website-724x1024.png","datePublished":"2025-10-02T12:55:07+00:00","dateModified":"2026-02-26T22:26:58+00:00","breadcrumb":{"@id":"https:\/\/gipsyhorsesranch.be\/de\/billy-bills\/#breadcrumb"},"inLanguage":"de","potentialAction":[{"@type":"ReadAction","target":["https:\/\/gipsyhorsesranch.be\/de\/billy-bills\/"]}]},{"@type":"ImageObject","inLanguage":"de","@id":"https:\/\/gipsyhorsesranch.be\/de\/billy-bills\/#primaryimage","url":"https:\/\/gipsyhorsesranch.be\/wp-content\/uploads\/2026\/02\/poster-BB-website-724x1024.png","contentUrl":"https:\/\/gipsyhorsesranch.be\/wp-content\/uploads\/2026\/02\/poster-BB-website-724x1024.png"},{"@type":"BreadcrumbList","@id":"https:\/\/gipsyhorsesranch.be\/de\/billy-bills\/#breadcrumb","itemListElement":[{"@type":"ListItem","position":1,"name":"Home","item":"https:\/\/gipsyhorsesranch.be\/de\/"},{"@type":"ListItem","position":2,"name":"Billy Bill&#8217;s"}]},{"@type":"WebSite","@id":"https:\/\/gipsyhorsesranch.be\/de\/#website","url":"https:\/\/gipsyhorsesranch.be\/de\/","name":"Gipsy Horses Ranch","description":"Waar de sfeer van het Wilde Westen tot leven komt.","publisher":{"@id":"https:\/\/gipsyhorsesranch.be\/de\/#organization"},"potentialAction":[{"@type":"SearchAction","target":{"@type":"EntryPoint","urlTemplate":"https:\/\/gipsyhorsesranch.be\/de\/?s={search_term_string}"},"query-input":{"@type":"PropertyValueSpecification","valueRequired":true,"valueName":"search_term_string"}}],"inLanguage":"de"},{"@type":"Organization","@id":"https:\/\/gipsyhorsesranch.be\/de\/#organization","name":"Gipsy Horses Ranch","url":"https:\/\/gipsyhorsesranch.be\/de\/","logo":{"@type":"ImageObject","inLanguage":"de","@id":"https:\/\/gipsyhorsesranch.be\/de\/#\/schema\/logo\/image\/","url":"https:\/\/gipsyhorsesranch.be\/wp-content\/uploads\/2025\/08\/logo-oud-e1771412031786.webp","contentUrl":"https:\/\/gipsyhorsesranch.be\/wp-content\/uploads\/2025\/08\/logo-oud-e1771412031786.webp","width":117,"height":108,"caption":"Gipsy Horses Ranch"},"image":{"@id":"https:\/\/gipsyhorsesranch.be\/de\/#\/schema\/logo\/image\/"},"sameAs":["https:\/\/www.facebook.com\/gipsyhorsesrodeo.ghr","https:\/\/www.instagram.com\/gipsyhorsesranch_\/"]}]}},"_links":{"self":[{"href":"https:\/\/gipsyhorsesranch.be\/de\/wp-json\/wp\/v2\/pages\/8846","targetHints":{"allow":["GET"]}}],"collection":[{"href":"https:\/\/gipsyhorsesranch.be\/de\/wp-json\/wp\/v2\/pages"}],"about":[{"href":"https:\/\/gipsyhorsesranch.be\/de\/wp-json\/wp\/v2\/types\/page"}],"author":[{"embeddable":true,"href":"https:\/\/gipsyhorsesranch.be\/de\/wp-json\/wp\/v2\/users\/1"}],"replies":[{"embeddable":true,"href":"https:\/\/gipsyhorsesranch.be\/de\/wp-json\/wp\/v2\/comments?post=8846"}],"version-history":[{"count":3,"href":"https:\/\/gipsyhorsesranch.be\/de\/wp-json\/wp\/v2\/pages\/8846\/revisions"}],"predecessor-version":[{"id":9652,"href":"https:\/\/gipsyhorsesranch.be\/de\/wp-json\/wp\/v2\/pages\/8846\/revisions\/9652"}],"wp:attachment":[{"href":"https:\/\/gipsyhorsesranch.be\/de\/wp-json\/wp\/v2\/media?parent=8846"}],"curies":[{"name":"wp","href":"https:\/\/api.w.org\/{rel}","templated":true}]}}