{"id":8881,"date":"2025-10-02T15:07:31","date_gmt":"2025-10-02T13:07:31","guid":{"rendered":"https:\/\/gipsyhorsesranch.be\/kinder-rodeo\/"},"modified":"2026-02-26T23:26:59","modified_gmt":"2026-02-26T22:26:59","slug":"kinder-rodeo","status":"publish","type":"page","link":"https:\/\/gipsyhorsesranch.be\/de\/kinder-rodeo\/","title":{"rendered":"Kinder Rodeo"},"content":{"rendered":"\t\t<div data-elementor-type=\"wp-page\" data-elementor-id=\"8881\" class=\"elementor elementor-8881 elementor-3593\" data-elementor-post-type=\"page\">\n\t\t\t\t<div class=\"elementor-element elementor-element-7cc51226 e-flex e-con-boxed e-con e-parent\" data-id=\"7cc51226\" data-element_type=\"container\" data-e-type=\"container\" data-settings=\"{&quot;background_background&quot;:&quot;classic&quot;}\">\n\t\t\t\t\t<div class=\"e-con-inner\">\n\t\t<div class=\"elementor-element elementor-element-27f7644f e-con-full e-flex e-con e-child\" data-id=\"27f7644f\" data-element_type=\"container\" data-e-type=\"container\">\n\t\t\t\t<div class=\"elementor-element elementor-element-6fb881a9 elementor-widget elementor-widget-heading\" data-id=\"6fb881a9\" data-element_type=\"widget\" data-e-type=\"widget\" data-widget_type=\"heading.default\">\n\t\t\t\t<div class=\"elementor-widget-container\">\n\t\t\t\t\t<h1 class=\"elementor-heading-title elementor-size-default\">Kinder-Rodeo - 25. April 2026<\/h1>\t\t\t\t<\/div>\n\t\t\t\t<\/div>\n\t\t\t\t<div class=\"elementor-element elementor-element-410c5874 elementor-widget elementor-widget-image\" data-id=\"410c5874\" data-element_type=\"widget\" data-e-type=\"widget\" data-widget_type=\"image.default\">\n\t\t\t\t<div class=\"elementor-widget-container\">\n\t\t\t\t\t\t\t\t\t\t\t\t\t\t\t<img fetchpriority=\"high\" decoding=\"async\" width=\"724\" height=\"1024\" src=\"https:\/\/gipsyhorsesranch.be\/wp-content\/uploads\/2026\/02\/poster-KR-724x1024.jpeg\" class=\"attachment-large size-large wp-image-8719\" alt=\"\" srcset=\"https:\/\/gipsyhorsesranch.be\/wp-content\/uploads\/2026\/02\/poster-KR-724x1024.jpeg 724w, https:\/\/gipsyhorsesranch.be\/wp-content\/uploads\/2026\/02\/poster-KR-212x300.jpeg 212w, https:\/\/gipsyhorsesranch.be\/wp-content\/uploads\/2026\/02\/poster-KR-768x1086.jpeg 768w, https:\/\/gipsyhorsesranch.be\/wp-content\/uploads\/2026\/02\/poster-KR-1086x1536.jpeg 1086w, https:\/\/gipsyhorsesranch.be\/wp-content\/uploads\/2026\/02\/poster-KR-600x849.jpeg 600w, https:\/\/gipsyhorsesranch.be\/wp-content\/uploads\/2026\/02\/poster-KR.jpeg 1131w\" sizes=\"(max-width: 724px) 100vw, 724px\" \/>\t\t\t\t\t\t\t\t\t\t\t\t\t\t\t<\/div>\n\t\t\t\t<\/div>\n\t\t\t\t<div class=\"elementor-element elementor-element-a0b7d51 elementor-align-center elementor-widget elementor-widget-button\" data-id=\"a0b7d51\" data-element_type=\"widget\" data-e-type=\"widget\" data-widget_type=\"button.default\">\n\t\t\t\t<div class=\"elementor-widget-container\">\n\t\t\t\t\t\t\t\t\t<div class=\"elementor-button-wrapper\">\n\t\t\t\t\t<a class=\"elementor-button elementor-button-link elementor-size-sm\" href=\"https:\/\/shop.paylogic.com\/69595d812222483e830fe387aaef4045\">\n\t\t\t\t\t\t<span class=\"elementor-button-content-wrapper\">\n\t\t\t\t\t\t\t\t\t<span class=\"elementor-button-text\">Eintrittskarten<\/span>\n\t\t\t\t\t<\/span>\n\t\t\t\t\t<\/a>\n\t\t\t\t<\/div>\n\t\t\t\t\t\t\t\t<\/div>\n\t\t\t\t<\/div>\n\t\t<div class=\"elementor-element elementor-element-64b9cbae e-con-full e-flex e-con e-child\" data-id=\"64b9cbae\" data-element_type=\"container\" data-e-type=\"container\" data-settings=\"{&quot;background_background&quot;:&quot;classic&quot;}\">\n\t\t\t\t<div class=\"elementor-element elementor-element-10641ba8 elementor-widget elementor-widget-heading\" data-id=\"10641ba8\" data-element_type=\"widget\" data-e-type=\"widget\" data-widget_type=\"heading.default\">\n\t\t\t\t<div class=\"elementor-widget-container\">\n\t\t\t\t\t<h3 class=\"elementor-heading-title elementor-size-default\">Was ist das Kinderrodeo?<\/h3>\t\t\t\t<\/div>\n\t\t\t\t<\/div>\n\t\t\t\t<div class=\"elementor-element elementor-element-31e3d110 elementor-widget elementor-widget-text-editor\" data-id=\"31e3d110\" data-element_type=\"widget\" data-e-type=\"widget\" data-widget_type=\"text-editor.default\">\n\t\t\t\t<div class=\"elementor-widget-container\">\n\t\t\t\t\t\t\t\t\t<p><span style=\"font-weight: 400;\">Das Kids Rodeo ist ein einzigartiges Familienspektakel mit viel Spa\u00df, Abenteuer und Westernatmosph\u00e4re. Dies ist der Tag, an dem die Kinder in der Arena gl\u00e4nzen und die Eltern stolz am Rande jubeln. <\/span><\/p><p><span style=\"font-weight: 400;\">Was k\u00f6nnen Sie erwarten?<\/span><\/p><ul><li style=\"font-weight: 400;\" aria-level=\"1\"><span style=\"font-weight: 400;\">Kinder im Rampenlicht bei echten Rodeo-Nummern<\/span><\/li><li style=\"font-weight: 400;\" aria-level=\"1\"><span style=\"font-weight: 400;\">Rand-Animation<\/span><\/li><li aria-level=\"1\">Essen &amp; Trinken<\/li><\/ul>\t\t\t\t\t\t\t\t<\/div>\n\t\t\t\t<\/div>\n\t\t\t\t<\/div>\n\t\t<div class=\"elementor-element elementor-element-ef5a98d e-con-full e-flex e-con e-child\" data-id=\"ef5a98d\" data-element_type=\"container\" data-e-type=\"container\" data-settings=\"{&quot;background_background&quot;:&quot;classic&quot;}\">\n\t\t\t\t<div class=\"elementor-element elementor-element-2ed83f8f elementor-widget elementor-widget-heading\" data-id=\"2ed83f8f\" data-element_type=\"widget\" data-e-type=\"widget\" data-widget_type=\"heading.default\">\n\t\t\t\t<div class=\"elementor-widget-container\">\n\t\t\t\t\t<h3 class=\"elementor-heading-title elementor-size-default\">Wann findet das Kinderrodeo statt?<\/h3>\t\t\t\t<\/div>\n\t\t\t\t<\/div>\n\t\t\t\t<div class=\"elementor-element elementor-element-2a8d922c elementor-widget elementor-widget-text-editor\" data-id=\"2a8d922c\" data-element_type=\"widget\" data-e-type=\"widget\" data-widget_type=\"text-editor.default\">\n\t\t\t\t<div class=\"elementor-widget-container\">\n\t\t\t\t\t\t\t\t\t<p>Das Kinderrodeo findet am n\u00e4chsten Tag auf der Gipsy Horses Ranch in Westerlo statt:<\/p><ul><li><b>Samstag, 25. April 2026<\/b><\/li><\/ul><p><b>Der Kartenverkauf beginnt am d<\/b><b>i 13\/03\/2026 um 10 Uhr<\/b><\/p><p>Ein Tag voller Lachen, Lernen und Erfahrungen. Der Familienausflug, bei dem die Kinder wirklich die Stars sind! <\/p>\t\t\t\t\t\t\t\t<\/div>\n\t\t\t\t<\/div>\n\t\t\t\t<\/div>\n\t\t\t\t<\/div>\n\t\t<div class=\"elementor-element elementor-element-48618221 e-con-full e-flex e-con e-child\" data-id=\"48618221\" data-element_type=\"container\" data-e-type=\"container\">\n\t\t\t\t<div class=\"elementor-element elementor-element-2bbf842f elementor-align-center elementor-widget elementor-widget-button\" data-id=\"2bbf842f\" data-element_type=\"widget\" data-e-type=\"widget\" data-widget_type=\"button.default\">\n\t\t\t\t<div class=\"elementor-widget-container\">\n\t\t\t\t\t\t\t\t\t<div class=\"elementor-button-wrapper\">\n\t\t\t\t\t<a class=\"elementor-button elementor-button-link elementor-size-sm\" href=\"https:\/\/shop.paylogic.com\/69595d812222483e830fe387aaef4045\">\n\t\t\t\t\t\t<span class=\"elementor-button-content-wrapper\">\n\t\t\t\t\t\t\t\t\t<span class=\"elementor-button-text\">Eintrittskarten<\/span>\n\t\t\t\t\t<\/span>\n\t\t\t\t\t<\/a>\n\t\t\t\t<\/div>\n\t\t\t\t\t\t\t\t<\/div>\n\t\t\t\t<\/div>\n\t\t\t\t<\/div>\n\t\t\t\t\t<\/div>\n\t\t\t\t<\/div>\n\t\t\t\t<\/div>\n\t\t","protected":false},"excerpt":{"rendered":"<p>Kinder-Rodeo &#8211; 25. April 2026 Eintrittskarten Was ist das Kinderrodeo? Das Kids Rodeo ist ein einzigartiges Familienspektakel mit viel Spa\u00df, Abenteuer und Westernatmosph\u00e4re. Dies ist der Tag, an dem die Kinder in der Arena gl\u00e4nzen und die Eltern stolz am Rande jubeln. Was k\u00f6nnen Sie erwarten? Kinder im Rampenlicht bei echten Rodeo-Nummern Rand-Animation Essen &amp; [&hellip;]<\/p>\n","protected":false},"author":1,"featured_media":0,"parent":0,"menu_order":0,"comment_status":"closed","ping_status":"closed","template":"","meta":{"site-sidebar-layout":"no-sidebar","site-content-layout":"page-builder","ast-site-content-layout":"full-width-container","site-content-style":"default","site-sidebar-style":"default","ast-global-header-display":"","ast-banner-title-visibility":"","ast-main-header-display":"","ast-hfb-above-header-display":"","ast-hfb-below-header-display":"","ast-hfb-mobile-header-display":"","site-post-title":"disabled","ast-breadcrumbs-content":"","ast-featured-img":"disabled","footer-sml-layout":"","ast-disable-related-posts":"","theme-transparent-header-meta":"","adv-header-id-meta":"","stick-header-meta":"","header-above-stick-meta":"","header-main-stick-meta":"","header-below-stick-meta":"","astra-migrate-meta-layouts":"default","ast-page-background-enabled":"default","ast-page-background-meta":{"desktop":{"background-color":"","background-image":"","background-repeat":"repeat","background-position":"center center","background-size":"auto","background-attachment":"scroll","background-type":"","background-media":"","overlay-type":"","overlay-color":"","overlay-opacity":"","overlay-gradient":""},"tablet":{"background-color":"","background-image":"","background-repeat":"repeat","background-position":"center center","background-size":"auto","background-attachment":"scroll","background-type":"","background-media":"","overlay-type":"","overlay-color":"","overlay-opacity":"","overlay-gradient":""},"mobile":{"background-color":"","background-image":"","background-repeat":"repeat","background-position":"center center","background-size":"auto","background-attachment":"scroll","background-type":"","background-media":"","overlay-type":"","overlay-color":"","overlay-opacity":"","overlay-gradient":""}},"ast-content-background-meta":{"desktop":{"background-color":"var(--ast-global-color-5)","background-image":"","background-repeat":"repeat","background-position":"center center","background-size":"auto","background-attachment":"scroll","background-type":"","background-media":"","overlay-type":"","overlay-color":"","overlay-opacity":"","overlay-gradient":""},"tablet":{"background-color":"var(--ast-global-color-5)","background-image":"","background-repeat":"repeat","background-position":"center center","background-size":"auto","background-attachment":"scroll","background-type":"","background-media":"","overlay-type":"","overlay-color":"","overlay-opacity":"","overlay-gradient":""},"mobile":{"background-color":"var(--ast-global-color-5)","background-image":"","background-repeat":"repeat","background-position":"center center","background-size":"auto","background-attachment":"scroll","background-type":"","background-media":"","overlay-type":"","overlay-color":"","overlay-opacity":"","overlay-gradient":""}},"footnotes":""},"class_list":["post-8881","page","type-page","status-publish","hentry"],"yoast_head":"<!-- This site is optimized with the Yoast SEO plugin v27.2 - https:\/\/yoast.com\/product\/yoast-seo-wordpress\/ -->\n<title>Kinder Rodeo - Gipsy Horses Ranch<\/title>\n<meta name=\"robots\" content=\"index, follow, max-snippet:-1, max-image-preview:large, max-video-preview:-1\" \/>\n<link rel=\"canonical\" href=\"https:\/\/gipsyhorsesranch.be\/de\/kinder-rodeo\/\" \/>\n<meta property=\"og:locale\" content=\"de_DE\" \/>\n<meta property=\"og:type\" content=\"article\" \/>\n<meta property=\"og:title\" content=\"Kinder Rodeo - Gipsy Horses Ranch\" \/>\n<meta property=\"og:description\" content=\"Kinder-Rodeo &#8211; 25. April 2026 Eintrittskarten Was ist das Kinderrodeo? Das Kids Rodeo ist ein einzigartiges Familienspektakel mit viel Spa\u00df, Abenteuer und Westernatmosph\u00e4re. Dies ist der Tag, an dem die Kinder in der Arena gl\u00e4nzen und die Eltern stolz am Rande jubeln. Was k\u00f6nnen Sie erwarten? Kinder im Rampenlicht bei echten Rodeo-Nummern Rand-Animation Essen &amp; [&hellip;]\" \/>\n<meta property=\"og:url\" content=\"https:\/\/gipsyhorsesranch.be\/de\/kinder-rodeo\/\" \/>\n<meta property=\"og:site_name\" content=\"Gipsy Horses Ranch\" \/>\n<meta property=\"article:publisher\" content=\"https:\/\/www.facebook.com\/gipsyhorsesrodeo.ghr\" \/>\n<meta property=\"article:modified_time\" content=\"2026-02-26T22:26:59+00:00\" \/>\n<meta property=\"og:image\" content=\"https:\/\/gipsyhorsesranch.be\/wp-content\/uploads\/2026\/02\/poster-KR.jpeg\" \/>\n\t<meta property=\"og:image:width\" content=\"1131\" \/>\n\t<meta property=\"og:image:height\" content=\"1600\" \/>\n\t<meta property=\"og:image:type\" content=\"image\/jpeg\" \/>\n<meta name=\"twitter:card\" content=\"summary_large_image\" \/>\n<meta name=\"twitter:label1\" content=\"Gesch\u00e4tzte Lesezeit\" \/>\n\t<meta name=\"twitter:data1\" content=\"1\u00a0Minute\" \/>\n<script type=\"application\/ld+json\" class=\"yoast-schema-graph\">{\"@context\":\"https:\/\/schema.org\",\"@graph\":[{\"@type\":\"WebPage\",\"@id\":\"https:\/\/gipsyhorsesranch.be\/de\/kinder-rodeo\/\",\"url\":\"https:\/\/gipsyhorsesranch.be\/de\/kinder-rodeo\/\",\"name\":\"Kinder Rodeo - Gipsy Horses Ranch\",\"isPartOf\":{\"@id\":\"https:\/\/gipsyhorsesranch.be\/de\/#website\"},\"primaryImageOfPage\":{\"@id\":\"https:\/\/gipsyhorsesranch.be\/de\/kinder-rodeo\/#primaryimage\"},\"image\":{\"@id\":\"https:\/\/gipsyhorsesranch.be\/de\/kinder-rodeo\/#primaryimage\"},\"thumbnailUrl\":\"https:\/\/gipsyhorsesranch.be\/wp-content\/uploads\/2026\/02\/poster-KR-724x1024.jpeg\",\"datePublished\":\"2025-10-02T13:07:31+00:00\",\"dateModified\":\"2026-02-26T22:26:59+00:00\",\"breadcrumb\":{\"@id\":\"https:\/\/gipsyhorsesranch.be\/de\/kinder-rodeo\/#breadcrumb\"},\"inLanguage\":\"de\",\"potentialAction\":[{\"@type\":\"ReadAction\",\"target\":[\"https:\/\/gipsyhorsesranch.be\/de\/kinder-rodeo\/\"]}]},{\"@type\":\"ImageObject\",\"inLanguage\":\"de\",\"@id\":\"https:\/\/gipsyhorsesranch.be\/de\/kinder-rodeo\/#primaryimage\",\"url\":\"https:\/\/gipsyhorsesranch.be\/wp-content\/uploads\/2026\/02\/poster-KR-724x1024.jpeg\",\"contentUrl\":\"https:\/\/gipsyhorsesranch.be\/wp-content\/uploads\/2026\/02\/poster-KR-724x1024.jpeg\"},{\"@type\":\"BreadcrumbList\",\"@id\":\"https:\/\/gipsyhorsesranch.be\/de\/kinder-rodeo\/#breadcrumb\",\"itemListElement\":[{\"@type\":\"ListItem\",\"position\":1,\"name\":\"Home\",\"item\":\"https:\/\/gipsyhorsesranch.be\/de\/\"},{\"@type\":\"ListItem\",\"position\":2,\"name\":\"Kinder Rodeo\"}]},{\"@type\":\"WebSite\",\"@id\":\"https:\/\/gipsyhorsesranch.be\/de\/#website\",\"url\":\"https:\/\/gipsyhorsesranch.be\/de\/\",\"name\":\"Gipsy Horses Ranch\",\"description\":\"Waar de sfeer van het Wilde Westen tot leven komt.\",\"publisher\":{\"@id\":\"https:\/\/gipsyhorsesranch.be\/de\/#organization\"},\"potentialAction\":[{\"@type\":\"SearchAction\",\"target\":{\"@type\":\"EntryPoint\",\"urlTemplate\":\"https:\/\/gipsyhorsesranch.be\/de\/?s={search_term_string}\"},\"query-input\":{\"@type\":\"PropertyValueSpecification\",\"valueRequired\":true,\"valueName\":\"search_term_string\"}}],\"inLanguage\":\"de\"},{\"@type\":\"Organization\",\"@id\":\"https:\/\/gipsyhorsesranch.be\/de\/#organization\",\"name\":\"Gipsy Horses Ranch\",\"url\":\"https:\/\/gipsyhorsesranch.be\/de\/\",\"logo\":{\"@type\":\"ImageObject\",\"inLanguage\":\"de\",\"@id\":\"https:\/\/gipsyhorsesranch.be\/de\/#\/schema\/logo\/image\/\",\"url\":\"https:\/\/gipsyhorsesranch.be\/wp-content\/uploads\/2025\/08\/logo-oud-e1771412031786.webp\",\"contentUrl\":\"https:\/\/gipsyhorsesranch.be\/wp-content\/uploads\/2025\/08\/logo-oud-e1771412031786.webp\",\"width\":117,\"height\":108,\"caption\":\"Gipsy Horses Ranch\"},\"image\":{\"@id\":\"https:\/\/gipsyhorsesranch.be\/de\/#\/schema\/logo\/image\/\"},\"sameAs\":[\"https:\/\/www.facebook.com\/gipsyhorsesrodeo.ghr\",\"https:\/\/www.instagram.com\/gipsyhorsesranch_\/\"]}]}<\/script>\n<!-- \/ Yoast SEO plugin. -->","yoast_head_json":{"title":"Kinder Rodeo - Gipsy Horses Ranch","robots":{"index":"index","follow":"follow","max-snippet":"max-snippet:-1","max-image-preview":"max-image-preview:large","max-video-preview":"max-video-preview:-1"},"canonical":"https:\/\/gipsyhorsesranch.be\/de\/kinder-rodeo\/","og_locale":"de_DE","og_type":"article","og_title":"Kinder Rodeo - Gipsy Horses Ranch","og_description":"Kinder-Rodeo &#8211; 25. April 2026 Eintrittskarten Was ist das Kinderrodeo? Das Kids Rodeo ist ein einzigartiges Familienspektakel mit viel Spa\u00df, Abenteuer und Westernatmosph\u00e4re. Dies ist der Tag, an dem die Kinder in der Arena gl\u00e4nzen und die Eltern stolz am Rande jubeln. Was k\u00f6nnen Sie erwarten? Kinder im Rampenlicht bei echten Rodeo-Nummern Rand-Animation Essen &amp; [&hellip;]","og_url":"https:\/\/gipsyhorsesranch.be\/de\/kinder-rodeo\/","og_site_name":"Gipsy Horses Ranch","article_publisher":"https:\/\/www.facebook.com\/gipsyhorsesrodeo.ghr","article_modified_time":"2026-02-26T22:26:59+00:00","og_image":[{"width":1131,"height":1600,"url":"https:\/\/gipsyhorsesranch.be\/wp-content\/uploads\/2026\/02\/poster-KR.jpeg","type":"image\/jpeg"}],"twitter_card":"summary_large_image","twitter_misc":{"Gesch\u00e4tzte Lesezeit":"1\u00a0Minute"},"schema":{"@context":"https:\/\/schema.org","@graph":[{"@type":"WebPage","@id":"https:\/\/gipsyhorsesranch.be\/de\/kinder-rodeo\/","url":"https:\/\/gipsyhorsesranch.be\/de\/kinder-rodeo\/","name":"Kinder Rodeo - Gipsy Horses Ranch","isPartOf":{"@id":"https:\/\/gipsyhorsesranch.be\/de\/#website"},"primaryImageOfPage":{"@id":"https:\/\/gipsyhorsesranch.be\/de\/kinder-rodeo\/#primaryimage"},"image":{"@id":"https:\/\/gipsyhorsesranch.be\/de\/kinder-rodeo\/#primaryimage"},"thumbnailUrl":"https:\/\/gipsyhorsesranch.be\/wp-content\/uploads\/2026\/02\/poster-KR-724x1024.jpeg","datePublished":"2025-10-02T13:07:31+00:00","dateModified":"2026-02-26T22:26:59+00:00","breadcrumb":{"@id":"https:\/\/gipsyhorsesranch.be\/de\/kinder-rodeo\/#breadcrumb"},"inLanguage":"de","potentialAction":[{"@type":"ReadAction","target":["https:\/\/gipsyhorsesranch.be\/de\/kinder-rodeo\/"]}]},{"@type":"ImageObject","inLanguage":"de","@id":"https:\/\/gipsyhorsesranch.be\/de\/kinder-rodeo\/#primaryimage","url":"https:\/\/gipsyhorsesranch.be\/wp-content\/uploads\/2026\/02\/poster-KR-724x1024.jpeg","contentUrl":"https:\/\/gipsyhorsesranch.be\/wp-content\/uploads\/2026\/02\/poster-KR-724x1024.jpeg"},{"@type":"BreadcrumbList","@id":"https:\/\/gipsyhorsesranch.be\/de\/kinder-rodeo\/#breadcrumb","itemListElement":[{"@type":"ListItem","position":1,"name":"Home","item":"https:\/\/gipsyhorsesranch.be\/de\/"},{"@type":"ListItem","position":2,"name":"Kinder Rodeo"}]},{"@type":"WebSite","@id":"https:\/\/gipsyhorsesranch.be\/de\/#website","url":"https:\/\/gipsyhorsesranch.be\/de\/","name":"Gipsy Horses Ranch","description":"Waar de sfeer van het Wilde Westen tot leven komt.","publisher":{"@id":"https:\/\/gipsyhorsesranch.be\/de\/#organization"},"potentialAction":[{"@type":"SearchAction","target":{"@type":"EntryPoint","urlTemplate":"https:\/\/gipsyhorsesranch.be\/de\/?s={search_term_string}"},"query-input":{"@type":"PropertyValueSpecification","valueRequired":true,"valueName":"search_term_string"}}],"inLanguage":"de"},{"@type":"Organization","@id":"https:\/\/gipsyhorsesranch.be\/de\/#organization","name":"Gipsy Horses Ranch","url":"https:\/\/gipsyhorsesranch.be\/de\/","logo":{"@type":"ImageObject","inLanguage":"de","@id":"https:\/\/gipsyhorsesranch.be\/de\/#\/schema\/logo\/image\/","url":"https:\/\/gipsyhorsesranch.be\/wp-content\/uploads\/2025\/08\/logo-oud-e1771412031786.webp","contentUrl":"https:\/\/gipsyhorsesranch.be\/wp-content\/uploads\/2025\/08\/logo-oud-e1771412031786.webp","width":117,"height":108,"caption":"Gipsy Horses Ranch"},"image":{"@id":"https:\/\/gipsyhorsesranch.be\/de\/#\/schema\/logo\/image\/"},"sameAs":["https:\/\/www.facebook.com\/gipsyhorsesrodeo.ghr","https:\/\/www.instagram.com\/gipsyhorsesranch_\/"]}]}},"_links":{"self":[{"href":"https:\/\/gipsyhorsesranch.be\/de\/wp-json\/wp\/v2\/pages\/8881","targetHints":{"allow":["GET"]}}],"collection":[{"href":"https:\/\/gipsyhorsesranch.be\/de\/wp-json\/wp\/v2\/pages"}],"about":[{"href":"https:\/\/gipsyhorsesranch.be\/de\/wp-json\/wp\/v2\/types\/page"}],"author":[{"embeddable":true,"href":"https:\/\/gipsyhorsesranch.be\/de\/wp-json\/wp\/v2\/users\/1"}],"replies":[{"embeddable":true,"href":"https:\/\/gipsyhorsesranch.be\/de\/wp-json\/wp\/v2\/comments?post=8881"}],"version-history":[{"count":3,"href":"https:\/\/gipsyhorsesranch.be\/de\/wp-json\/wp\/v2\/pages\/8881\/revisions"}],"predecessor-version":[{"id":9659,"href":"https:\/\/gipsyhorsesranch.be\/de\/wp-json\/wp\/v2\/pages\/8881\/revisions\/9659"}],"wp:attachment":[{"href":"https:\/\/gipsyhorsesranch.be\/de\/wp-json\/wp\/v2\/media?parent=8881"}],"curies":[{"name":"wp","href":"https:\/\/api.w.org\/{rel}","templated":true}]}}