{"id":9147,"date":"2025-08-14T15:15:54","date_gmt":"2025-08-14T13:15:54","guid":{"rendered":"https:\/\/gipsyhorsesranch.be\/kalender\/"},"modified":"2026-02-27T17:10:01","modified_gmt":"2026-02-27T16:10:01","slug":"kalender","status":"publish","type":"page","link":"https:\/\/gipsyhorsesranch.be\/de\/kalender\/","title":{"rendered":"Kalender"},"content":{"rendered":"\t\t<div data-elementor-type=\"wp-page\" data-elementor-id=\"9147\" class=\"elementor elementor-9147 elementor-1795\" data-elementor-post-type=\"page\">\n\t\t\t\t<div class=\"elementor-element elementor-element-3441fe28 e-flex e-con-boxed e-con e-parent\" data-id=\"3441fe28\" data-element_type=\"container\" data-e-type=\"container\" data-settings=\"{&quot;background_background&quot;:&quot;classic&quot;}\">\n\t\t\t\t\t<div class=\"e-con-inner\">\n\t\t<div class=\"elementor-element elementor-element-3f7c1be4 e-con-full e-flex e-con e-child\" data-id=\"3f7c1be4\" data-element_type=\"container\" data-e-type=\"container\">\n\t\t\t\t<div class=\"elementor-element elementor-element-7ba2aee2 elementor-widget elementor-widget-heading\" data-id=\"7ba2aee2\" data-element_type=\"widget\" data-e-type=\"widget\" data-widget_type=\"heading.default\">\n\t\t\t\t<div class=\"elementor-widget-container\">\n\t\t\t\t\t<h1 class=\"elementor-heading-title elementor-size-default\">Kalender<\/h1>\t\t\t\t<\/div>\n\t\t\t\t<\/div>\n\t\t\t\t<div class=\"elementor-element elementor-element-4346bfa4 elementor-widget elementor-widget-heading\" data-id=\"4346bfa4\" data-element_type=\"widget\" data-e-type=\"widget\" data-widget_type=\"heading.default\">\n\t\t\t\t<div class=\"elementor-widget-container\">\n\t\t\t\t\t<h3 class=\"elementor-heading-title elementor-size-default\">Verpassen Sie nichts, was auf der Gipsy Horses Ranch passiert<\/h3>\t\t\t\t<\/div>\n\t\t\t\t<\/div>\n\t\t\t\t<\/div>\n\t\t\t\t\t<\/div>\n\t\t\t\t<\/div>\n\t\t<div class=\"elementor-element elementor-element-6d382e8 elementor-hidden-desktop e-flex e-con-boxed e-con e-parent\" data-id=\"6d382e8\" data-element_type=\"container\" data-e-type=\"container\">\n\t\t\t\t\t<div class=\"e-con-inner\">\n\t\t\t\t<div class=\"elementor-element elementor-element-46dd447 elementor-widget elementor-widget-html\" data-id=\"46dd447\" data-element_type=\"widget\" data-e-type=\"widget\" data-widget_type=\"html.default\">\n\t\t\t\t<div class=\"elementor-widget-container\">\n\t\t\t\t\t<iframe src=\"https:\/\/calendar.google.com\/calendar\/embed?src=f594aa06457172b19ae2d504f0e78e1fc237394113af5e2c77d9b5cd6e2a995e%40group.calendar.google.com&amp;ctz=Europe%2FBrussels\" style=\"border: 0\" width=\"800\" height=\"600\" frameborder=\"0\" scrolling=\"no\"><\/iframe>\t\t\t\t<\/div>\n\t\t\t\t<\/div>\n\t\t\t\t\t<\/div>\n\t\t\t\t<\/div>\n\t\t<div class=\"elementor-element elementor-element-293e7658 elementor-hidden-tablet elementor-hidden-mobile e-flex e-con-boxed e-con e-parent\" data-id=\"293e7658\" data-element_type=\"container\" data-e-type=\"container\" data-settings=\"{&quot;background_background&quot;:&quot;classic&quot;}\">\n\t\t\t\t\t<div class=\"e-con-inner\">\n\t\t<div class=\"elementor-element elementor-element-6d7d1d42 e-con-full e-flex e-con e-child\" data-id=\"6d7d1d42\" data-element_type=\"container\" data-e-type=\"container\">\n\t\t<div class=\"elementor-element elementor-element-f331320 e-con-full e-flex e-con e-child\" data-id=\"f331320\" data-element_type=\"container\" data-e-type=\"container\">\n\t\t<div class=\"elementor-element elementor-element-b90bf27 e-con-full e-flex e-con e-child\" data-id=\"b90bf27\" data-element_type=\"container\" data-e-type=\"container\">\n\t\t\t\t<div class=\"elementor-element elementor-element-0de4ff0 elementor-widget elementor-widget-image\" data-id=\"0de4ff0\" data-element_type=\"widget\" data-e-type=\"widget\" data-widget_type=\"image.default\">\n\t\t\t\t<div class=\"elementor-widget-container\">\n\t\t\t\t\t\t\t\t\t\t\t\t\t\t\t<img fetchpriority=\"high\" decoding=\"async\" width=\"374\" height=\"344\" src=\"https:\/\/gipsyhorsesranch.be\/wp-content\/uploads\/2026\/01\/houtbrandFinaal1.png\" class=\"attachment-large size-large wp-image-8547\" alt=\"\" srcset=\"https:\/\/gipsyhorsesranch.be\/wp-content\/uploads\/2026\/01\/houtbrandFinaal1.png 374w, https:\/\/gipsyhorsesranch.be\/wp-content\/uploads\/2026\/01\/houtbrandFinaal1-300x276.png 300w\" sizes=\"(max-width: 374px) 100vw, 374px\" \/>\t\t\t\t\t\t\t\t\t\t\t\t\t\t\t<\/div>\n\t\t\t\t<\/div>\n\t\t\t\t<div class=\"elementor-element elementor-element-fc7c2da elementor-widget elementor-widget-image\" data-id=\"fc7c2da\" data-element_type=\"widget\" data-e-type=\"widget\" data-widget_type=\"image.default\">\n\t\t\t\t<div class=\"elementor-widget-container\">\n\t\t\t\t\t\t\t\t\t\t\t\t\t\t\t<img decoding=\"async\" width=\"1024\" height=\"852\" src=\"https:\/\/gipsyhorsesranch.be\/wp-content\/uploads\/2026\/02\/ghr-brandmerk-e1770569921301-1024x852.png\" class=\"attachment-large size-large wp-image-8555\" alt=\"\" srcset=\"https:\/\/gipsyhorsesranch.be\/wp-content\/uploads\/2026\/02\/ghr-brandmerk-e1770569921301-1024x852.png 1024w, https:\/\/gipsyhorsesranch.be\/wp-content\/uploads\/2026\/02\/ghr-brandmerk-e1770569921301-768x639.png 768w\" sizes=\"(max-width: 1024px) 100vw, 1024px\" \/>\t\t\t\t\t\t\t\t\t\t\t\t\t\t\t<\/div>\n\t\t\t\t<\/div>\n\t\t\t\t<\/div>\n\t\t<div class=\"elementor-element elementor-element-87743f0 e-con-full e-flex e-con e-child\" data-id=\"87743f0\" data-element_type=\"container\" data-e-type=\"container\">\n\t\t\t\t<div class=\"elementor-element elementor-element-9f410c0 elementor-widget elementor-widget-html\" data-id=\"9f410c0\" data-element_type=\"widget\" data-e-type=\"widget\" data-widget_type=\"html.default\">\n\t\t\t\t<div class=\"elementor-widget-container\">\n\t\t\t\t\t<iframe src=\"https:\/\/calendar.google.com\/calendar\/embed?src=f594aa06457172b19ae2d504f0e78e1fc237394113af5e2c77d9b5cd6e2a995e%40group.calendar.google.com&amp;ctz=Europe%2FBrussels\" style=\"border: 0\" width=\"800\" height=\"600\" frameborder=\"0\" scrolling=\"no\"><\/iframe>\t\t\t\t<\/div>\n\t\t\t\t<\/div>\n\t\t\t\t<\/div>\n\t\t<div class=\"elementor-element elementor-element-e8a2dd1 e-con-full e-flex e-con e-child\" data-id=\"e8a2dd1\" data-element_type=\"container\" data-e-type=\"container\">\n\t\t\t\t<div class=\"elementor-element elementor-element-b1385bc elementor-widget elementor-widget-image\" data-id=\"b1385bc\" data-element_type=\"widget\" data-e-type=\"widget\" data-widget_type=\"image.default\">\n\t\t\t\t<div class=\"elementor-widget-container\">\n\t\t\t\t\t\t\t\t\t\t\t\t\t\t\t<img decoding=\"async\" width=\"403\" height=\"414\" src=\"https:\/\/gipsyhorsesranch.be\/wp-content\/uploads\/2026\/01\/houtbrandFinaal2.png\" class=\"attachment-large size-large wp-image-8553\" alt=\"\" srcset=\"https:\/\/gipsyhorsesranch.be\/wp-content\/uploads\/2026\/01\/houtbrandFinaal2.png 403w, https:\/\/gipsyhorsesranch.be\/wp-content\/uploads\/2026\/01\/houtbrandFinaal2-292x300.png 292w\" sizes=\"(max-width: 403px) 100vw, 403px\" \/>\t\t\t\t\t\t\t\t\t\t\t\t\t\t\t<\/div>\n\t\t\t\t<\/div>\n\t\t\t\t<div class=\"elementor-element elementor-element-a81403c elementor-widget elementor-widget-image\" data-id=\"a81403c\" data-element_type=\"widget\" data-e-type=\"widget\" data-widget_type=\"image.default\">\n\t\t\t\t<div class=\"elementor-widget-container\">\n\t\t\t\t\t\t\t\t\t\t\t\t\t\t\t<img loading=\"lazy\" decoding=\"async\" width=\"775\" height=\"728\" src=\"https:\/\/gipsyhorsesranch.be\/wp-content\/uploads\/2026\/02\/W-brandmerk-e1770570202185.png\" class=\"attachment-large size-large wp-image-8549\" alt=\"\" srcset=\"https:\/\/gipsyhorsesranch.be\/wp-content\/uploads\/2026\/02\/W-brandmerk-e1770570202185.png 775w, https:\/\/gipsyhorsesranch.be\/wp-content\/uploads\/2026\/02\/W-brandmerk-e1770570202185-300x282.png 300w, https:\/\/gipsyhorsesranch.be\/wp-content\/uploads\/2026\/02\/W-brandmerk-e1770570202185-768x721.png 768w, https:\/\/gipsyhorsesranch.be\/wp-content\/uploads\/2026\/02\/W-brandmerk-e1770570202185-600x564.png 600w\" sizes=\"(max-width: 775px) 100vw, 775px\" \/>\t\t\t\t\t\t\t\t\t\t\t\t\t\t\t<\/div>\n\t\t\t\t<\/div>\n\t\t\t\t<\/div>\n\t\t\t\t<\/div>\n\t\t\t\t<\/div>\n\t\t\t\t\t<\/div>\n\t\t\t\t<\/div>\n\t\t<div class=\"elementor-element elementor-element-528bab22 e-flex e-con-boxed e-con e-parent\" data-id=\"528bab22\" data-element_type=\"container\" data-e-type=\"container\" data-settings=\"{&quot;background_background&quot;:&quot;classic&quot;}\">\n\t\t\t\t\t<div class=\"e-con-inner\">\n\t\t<div class=\"elementor-element elementor-element-5491c197 e-con-full e-flex e-con e-child\" data-id=\"5491c197\" data-element_type=\"container\" data-e-type=\"container\">\n\t\t\t\t<div class=\"elementor-element elementor-element-2e3a2fa3 elementor-widget elementor-widget-image\" data-id=\"2e3a2fa3\" data-element_type=\"widget\" data-e-type=\"widget\" data-widget_type=\"image.default\">\n\t\t\t\t<div class=\"elementor-widget-container\">\n\t\t\t\t\t\t\t\t\t\t\t\t\t\t\t<img loading=\"lazy\" decoding=\"async\" width=\"1024\" height=\"474\" src=\"https:\/\/gipsyhorsesranch.be\/wp-content\/uploads\/2026\/01\/WilliamLogoTransparant-2-1024x474.png\" class=\"attachment-large size-large wp-image-8662\" alt=\"\" srcset=\"https:\/\/gipsyhorsesranch.be\/wp-content\/uploads\/2026\/01\/WilliamLogoTransparant-2-1024x474.png 1024w, https:\/\/gipsyhorsesranch.be\/wp-content\/uploads\/2026\/01\/WilliamLogoTransparant-2-300x139.png 300w, https:\/\/gipsyhorsesranch.be\/wp-content\/uploads\/2026\/01\/WilliamLogoTransparant-2-768x356.png 768w, https:\/\/gipsyhorsesranch.be\/wp-content\/uploads\/2026\/01\/WilliamLogoTransparant-2-600x278.png 600w, https:\/\/gipsyhorsesranch.be\/wp-content\/uploads\/2026\/01\/WilliamLogoTransparant-2.png 1252w\" sizes=\"(max-width: 1024px) 100vw, 1024px\" \/>\t\t\t\t\t\t\t\t\t\t\t\t\t\t\t<\/div>\n\t\t\t\t<\/div>\n\t\t\t\t<\/div>\n\t\t<div class=\"elementor-element elementor-element-5ab35bbe e-con-full e-flex e-con e-child\" data-id=\"5ab35bbe\" data-element_type=\"container\" data-e-type=\"container\">\n\t\t\t\t<div class=\"elementor-element elementor-element-6d5b70f4 elementor-widget elementor-widget-heading\" data-id=\"6d5b70f4\" data-element_type=\"widget\" data-e-type=\"widget\" data-widget_type=\"heading.default\">\n\t\t\t\t<div class=\"elementor-widget-container\">\n\t\t\t\t\t<h2 class=\"elementor-heading-title elementor-size-default\">Werden Sie jetzt Mitglied der Gipsy Horses Rodeo Cowboy Association!<\/h2>\t\t\t\t<\/div>\n\t\t\t\t<\/div>\n\t\t\t\t<div class=\"elementor-element elementor-element-1bbd2d0a elementor-widget elementor-widget-text-editor\" data-id=\"1bbd2d0a\" data-element_type=\"widget\" data-e-type=\"widget\" data-widget_type=\"text-editor.default\">\n\t\t\t\t<div class=\"elementor-widget-container\">\n\t\t\t\t\t\t\t\t\t<p>Als Mitglied haben Sie Vorrang beim Kauf von Eintrittskarten f\u00fcr unsere Gro\u00dfveranstaltungen und k\u00f6nnen sich um die Champion Buckles 2026 bewerben.<\/p>\t\t\t\t\t\t\t\t<\/div>\n\t\t\t\t<\/div>\n\t\t\t\t<div class=\"elementor-element elementor-element-32caf8c3 elementor-align-center elementor-widget elementor-widget-button\" data-id=\"32caf8c3\" data-element_type=\"widget\" data-e-type=\"widget\" data-widget_type=\"button.default\">\n\t\t\t\t<div class=\"elementor-widget-container\">\n\t\t\t\t\t\t\t\t\t<div class=\"elementor-button-wrapper\">\n\t\t\t\t\t<a class=\"elementor-button elementor-button-link elementor-size-sm\" href=\"https:\/\/ghrca.gipsyhorsesranch.be\/\">\n\t\t\t\t\t\t<span class=\"elementor-button-content-wrapper\">\n\t\t\t\t\t\t\t\t\t<span class=\"elementor-button-text\">Lesen Sie mehr \u00fcber Mitgliedschaft und Versicherung<\/span>\n\t\t\t\t\t<\/span>\n\t\t\t\t\t<\/a>\n\t\t\t\t<\/div>\n\t\t\t\t\t\t\t\t<\/div>\n\t\t\t\t<\/div>\n\t\t\t\t<\/div>\n\t\t<div class=\"elementor-element elementor-element-48931bfe e-con-full e-flex e-con e-child\" data-id=\"48931bfe\" data-element_type=\"container\" data-e-type=\"container\">\n\t\t\t\t<div class=\"elementor-element elementor-element-eadacf elementor-widget elementor-widget-image\" data-id=\"eadacf\" data-element_type=\"widget\" data-e-type=\"widget\" data-widget_type=\"image.default\">\n\t\t\t\t<div class=\"elementor-widget-container\">\n\t\t\t\t\t\t\t\t\t\t\t\t\t\t\t<img loading=\"lazy\" decoding=\"async\" width=\"1024\" height=\"386\" src=\"https:\/\/gipsyhorsesranch.be\/wp-content\/uploads\/2026\/01\/maxines-closet-1024x386.png\" class=\"attachment-large size-large wp-image-8663\" alt=\"\" srcset=\"https:\/\/gipsyhorsesranch.be\/wp-content\/uploads\/2026\/01\/maxines-closet-1024x386.png 1024w, https:\/\/gipsyhorsesranch.be\/wp-content\/uploads\/2026\/01\/maxines-closet-300x113.png 300w, https:\/\/gipsyhorsesranch.be\/wp-content\/uploads\/2026\/01\/maxines-closet-768x290.png 768w, https:\/\/gipsyhorsesranch.be\/wp-content\/uploads\/2026\/01\/maxines-closet-600x226.png 600w, https:\/\/gipsyhorsesranch.be\/wp-content\/uploads\/2026\/01\/maxines-closet.png 1305w\" sizes=\"(max-width: 1024px) 100vw, 1024px\" \/>\t\t\t\t\t\t\t\t\t\t\t\t\t\t\t<\/div>\n\t\t\t\t<\/div>\n\t\t\t\t<\/div>\n\t\t\t\t\t<\/div>\n\t\t\t\t<\/div>\n\t\t\t\t<\/div>\n\t\t","protected":false},"excerpt":{"rendered":"<p>Kalender Verpassen Sie nichts, was auf der Gipsy Horses Ranch passiert Werden Sie jetzt Mitglied der Gipsy Horses Rodeo Cowboy Association! Als Mitglied haben Sie Vorrang beim Kauf von Eintrittskarten f\u00fcr unsere Gro\u00dfveranstaltungen und k\u00f6nnen sich um die Champion Buckles 2026 bewerben. Lesen Sie mehr \u00fcber Mitgliedschaft und Versicherung<\/p>\n","protected":false},"author":1,"featured_media":0,"parent":0,"menu_order":0,"comment_status":"closed","ping_status":"closed","template":"","meta":{"site-sidebar-layout":"no-sidebar","site-content-layout":"page-builder","ast-site-content-layout":"full-width-container","site-content-style":"default","site-sidebar-style":"default","ast-global-header-display":"","ast-banner-title-visibility":"","ast-main-header-display":"","ast-hfb-above-header-display":"","ast-hfb-below-header-display":"","ast-hfb-mobile-header-display":"","site-post-title":"disabled","ast-breadcrumbs-content":"","ast-featured-img":"disabled","footer-sml-layout":"","ast-disable-related-posts":"","theme-transparent-header-meta":"","adv-header-id-meta":"","stick-header-meta":"","header-above-stick-meta":"","header-main-stick-meta":"","header-below-stick-meta":"","astra-migrate-meta-layouts":"default","ast-page-background-enabled":"default","ast-page-background-meta":{"desktop":{"background-color":"","background-image":"","background-repeat":"repeat","background-position":"center center","background-size":"auto","background-attachment":"scroll","background-type":"","background-media":"","overlay-type":"","overlay-color":"","overlay-opacity":"","overlay-gradient":""},"tablet":{"background-color":"","background-image":"","background-repeat":"repeat","background-position":"center center","background-size":"auto","background-attachment":"scroll","background-type":"","background-media":"","overlay-type":"","overlay-color":"","overlay-opacity":"","overlay-gradient":""},"mobile":{"background-color":"","background-image":"","background-repeat":"repeat","background-position":"center center","background-size":"auto","background-attachment":"scroll","background-type":"","background-media":"","overlay-type":"","overlay-color":"","overlay-opacity":"","overlay-gradient":""}},"ast-content-background-meta":{"desktop":{"background-color":"var(--ast-global-color-5)","background-image":"","background-repeat":"repeat","background-position":"center center","background-size":"auto","background-attachment":"scroll","background-type":"","background-media":"","overlay-type":"","overlay-color":"","overlay-opacity":"","overlay-gradient":""},"tablet":{"background-color":"var(--ast-global-color-5)","background-image":"","background-repeat":"repeat","background-position":"center center","background-size":"auto","background-attachment":"scroll","background-type":"","background-media":"","overlay-type":"","overlay-color":"","overlay-opacity":"","overlay-gradient":""},"mobile":{"background-color":"var(--ast-global-color-5)","background-image":"","background-repeat":"repeat","background-position":"center center","background-size":"auto","background-attachment":"scroll","background-type":"","background-media":"","overlay-type":"","overlay-color":"","overlay-opacity":"","overlay-gradient":""}},"footnotes":""},"class_list":["post-9147","page","type-page","status-publish","hentry"],"yoast_head":"<!-- This site is optimized with the Yoast SEO plugin v27.2 - https:\/\/yoast.com\/product\/yoast-seo-wordpress\/ -->\n<title>Kalender - Gipsy Horses Ranch<\/title>\n<meta name=\"description\" content=\"Sehen Sie sich den Kalender der Gipsy Horses Ranch an und verpassen Sie kein einziges Western-Event. Von Konzerten bis hin zu Trainingseinheiten und den neuesten Ank\u00fcndigungen.\" \/>\n<meta name=\"robots\" content=\"index, follow, max-snippet:-1, max-image-preview:large, max-video-preview:-1\" \/>\n<link rel=\"canonical\" href=\"https:\/\/gipsyhorsesranch.be\/de\/kalender\/\" \/>\n<meta property=\"og:locale\" content=\"de_DE\" \/>\n<meta property=\"og:type\" content=\"article\" \/>\n<meta property=\"og:title\" content=\"Kalender - Gipsy Horses Ranch\" \/>\n<meta property=\"og:description\" content=\"Sehen Sie sich den Kalender der Gipsy Horses Ranch an und verpassen Sie kein einziges Western-Event. Von Konzerten bis hin zu Trainingseinheiten und den neuesten Ank\u00fcndigungen.\" \/>\n<meta property=\"og:url\" content=\"https:\/\/gipsyhorsesranch.be\/de\/kalender\/\" \/>\n<meta property=\"og:site_name\" content=\"Gipsy Horses Ranch\" \/>\n<meta property=\"article:publisher\" content=\"https:\/\/www.facebook.com\/gipsyhorsesrodeo.ghr\" \/>\n<meta property=\"article:modified_time\" content=\"2026-02-27T16:10:01+00:00\" \/>\n<meta property=\"og:image\" content=\"https:\/\/gipsyhorsesranch.be\/wp-content\/uploads\/2026\/01\/houtbrandFinaal1.png\" \/>\n<meta name=\"twitter:card\" content=\"summary_large_image\" \/>\n<script type=\"application\/ld+json\" class=\"yoast-schema-graph\">{\"@context\":\"https:\/\/schema.org\",\"@graph\":[{\"@type\":\"WebPage\",\"@id\":\"https:\/\/gipsyhorsesranch.be\/de\/kalender\/\",\"url\":\"https:\/\/gipsyhorsesranch.be\/de\/kalender\/\",\"name\":\"Kalender - Gipsy Horses Ranch\",\"isPartOf\":{\"@id\":\"https:\/\/gipsyhorsesranch.be\/de\/#website\"},\"primaryImageOfPage\":{\"@id\":\"https:\/\/gipsyhorsesranch.be\/de\/kalender\/#primaryimage\"},\"image\":{\"@id\":\"https:\/\/gipsyhorsesranch.be\/de\/kalender\/#primaryimage\"},\"thumbnailUrl\":\"https:\/\/gipsyhorsesranch.be\/wp-content\/uploads\/2026\/01\/houtbrandFinaal1.png\",\"datePublished\":\"2025-08-14T13:15:54+00:00\",\"dateModified\":\"2026-02-27T16:10:01+00:00\",\"description\":\"Sehen Sie sich den Kalender der Gipsy Horses Ranch an und verpassen Sie kein einziges Western-Event. Von Konzerten bis hin zu Trainingseinheiten und den neuesten Ank\u00fcndigungen.\",\"breadcrumb\":{\"@id\":\"https:\/\/gipsyhorsesranch.be\/de\/kalender\/#breadcrumb\"},\"inLanguage\":\"de\",\"potentialAction\":[{\"@type\":\"ReadAction\",\"target\":[\"https:\/\/gipsyhorsesranch.be\/de\/kalender\/\"]}]},{\"@type\":\"ImageObject\",\"inLanguage\":\"de\",\"@id\":\"https:\/\/gipsyhorsesranch.be\/de\/kalender\/#primaryimage\",\"url\":\"https:\/\/gipsyhorsesranch.be\/wp-content\/uploads\/2026\/01\/houtbrandFinaal1.png\",\"contentUrl\":\"https:\/\/gipsyhorsesranch.be\/wp-content\/uploads\/2026\/01\/houtbrandFinaal1.png\"},{\"@type\":\"BreadcrumbList\",\"@id\":\"https:\/\/gipsyhorsesranch.be\/de\/kalender\/#breadcrumb\",\"itemListElement\":[{\"@type\":\"ListItem\",\"position\":1,\"name\":\"Home\",\"item\":\"https:\/\/gipsyhorsesranch.be\/de\/\"},{\"@type\":\"ListItem\",\"position\":2,\"name\":\"Kalender\"}]},{\"@type\":\"WebSite\",\"@id\":\"https:\/\/gipsyhorsesranch.be\/de\/#website\",\"url\":\"https:\/\/gipsyhorsesranch.be\/de\/\",\"name\":\"Gipsy Horses Ranch\",\"description\":\"Waar de sfeer van het Wilde Westen tot leven komt.\",\"publisher\":{\"@id\":\"https:\/\/gipsyhorsesranch.be\/de\/#organization\"},\"potentialAction\":[{\"@type\":\"SearchAction\",\"target\":{\"@type\":\"EntryPoint\",\"urlTemplate\":\"https:\/\/gipsyhorsesranch.be\/de\/?s={search_term_string}\"},\"query-input\":{\"@type\":\"PropertyValueSpecification\",\"valueRequired\":true,\"valueName\":\"search_term_string\"}}],\"inLanguage\":\"de\"},{\"@type\":\"Organization\",\"@id\":\"https:\/\/gipsyhorsesranch.be\/de\/#organization\",\"name\":\"Gipsy Horses Ranch\",\"url\":\"https:\/\/gipsyhorsesranch.be\/de\/\",\"logo\":{\"@type\":\"ImageObject\",\"inLanguage\":\"de\",\"@id\":\"https:\/\/gipsyhorsesranch.be\/de\/#\/schema\/logo\/image\/\",\"url\":\"https:\/\/gipsyhorsesranch.be\/wp-content\/uploads\/2025\/08\/logo-oud-e1771412031786.webp\",\"contentUrl\":\"https:\/\/gipsyhorsesranch.be\/wp-content\/uploads\/2025\/08\/logo-oud-e1771412031786.webp\",\"width\":117,\"height\":108,\"caption\":\"Gipsy Horses Ranch\"},\"image\":{\"@id\":\"https:\/\/gipsyhorsesranch.be\/de\/#\/schema\/logo\/image\/\"},\"sameAs\":[\"https:\/\/www.facebook.com\/gipsyhorsesrodeo.ghr\",\"https:\/\/www.instagram.com\/gipsyhorsesranch_\/\"]}]}<\/script>\n<!-- \/ Yoast SEO plugin. -->","yoast_head_json":{"title":"Kalender - Gipsy Horses Ranch","description":"Sehen Sie sich den Kalender der Gipsy Horses Ranch an und verpassen Sie kein einziges Western-Event. Von Konzerten bis hin zu Trainingseinheiten und den neuesten Ank\u00fcndigungen.","robots":{"index":"index","follow":"follow","max-snippet":"max-snippet:-1","max-image-preview":"max-image-preview:large","max-video-preview":"max-video-preview:-1"},"canonical":"https:\/\/gipsyhorsesranch.be\/de\/kalender\/","og_locale":"de_DE","og_type":"article","og_title":"Kalender - Gipsy Horses Ranch","og_description":"Sehen Sie sich den Kalender der Gipsy Horses Ranch an und verpassen Sie kein einziges Western-Event. Von Konzerten bis hin zu Trainingseinheiten und den neuesten Ank\u00fcndigungen.","og_url":"https:\/\/gipsyhorsesranch.be\/de\/kalender\/","og_site_name":"Gipsy Horses Ranch","article_publisher":"https:\/\/www.facebook.com\/gipsyhorsesrodeo.ghr","article_modified_time":"2026-02-27T16:10:01+00:00","og_image":[{"url":"https:\/\/gipsyhorsesranch.be\/wp-content\/uploads\/2026\/01\/houtbrandFinaal1.png","type":"","width":"","height":""}],"twitter_card":"summary_large_image","schema":{"@context":"https:\/\/schema.org","@graph":[{"@type":"WebPage","@id":"https:\/\/gipsyhorsesranch.be\/de\/kalender\/","url":"https:\/\/gipsyhorsesranch.be\/de\/kalender\/","name":"Kalender - Gipsy Horses Ranch","isPartOf":{"@id":"https:\/\/gipsyhorsesranch.be\/de\/#website"},"primaryImageOfPage":{"@id":"https:\/\/gipsyhorsesranch.be\/de\/kalender\/#primaryimage"},"image":{"@id":"https:\/\/gipsyhorsesranch.be\/de\/kalender\/#primaryimage"},"thumbnailUrl":"https:\/\/gipsyhorsesranch.be\/wp-content\/uploads\/2026\/01\/houtbrandFinaal1.png","datePublished":"2025-08-14T13:15:54+00:00","dateModified":"2026-02-27T16:10:01+00:00","description":"Sehen Sie sich den Kalender der Gipsy Horses Ranch an und verpassen Sie kein einziges Western-Event. Von Konzerten bis hin zu Trainingseinheiten und den neuesten Ank\u00fcndigungen.","breadcrumb":{"@id":"https:\/\/gipsyhorsesranch.be\/de\/kalender\/#breadcrumb"},"inLanguage":"de","potentialAction":[{"@type":"ReadAction","target":["https:\/\/gipsyhorsesranch.be\/de\/kalender\/"]}]},{"@type":"ImageObject","inLanguage":"de","@id":"https:\/\/gipsyhorsesranch.be\/de\/kalender\/#primaryimage","url":"https:\/\/gipsyhorsesranch.be\/wp-content\/uploads\/2026\/01\/houtbrandFinaal1.png","contentUrl":"https:\/\/gipsyhorsesranch.be\/wp-content\/uploads\/2026\/01\/houtbrandFinaal1.png"},{"@type":"BreadcrumbList","@id":"https:\/\/gipsyhorsesranch.be\/de\/kalender\/#breadcrumb","itemListElement":[{"@type":"ListItem","position":1,"name":"Home","item":"https:\/\/gipsyhorsesranch.be\/de\/"},{"@type":"ListItem","position":2,"name":"Kalender"}]},{"@type":"WebSite","@id":"https:\/\/gipsyhorsesranch.be\/de\/#website","url":"https:\/\/gipsyhorsesranch.be\/de\/","name":"Gipsy Horses Ranch","description":"Waar de sfeer van het Wilde Westen tot leven komt.","publisher":{"@id":"https:\/\/gipsyhorsesranch.be\/de\/#organization"},"potentialAction":[{"@type":"SearchAction","target":{"@type":"EntryPoint","urlTemplate":"https:\/\/gipsyhorsesranch.be\/de\/?s={search_term_string}"},"query-input":{"@type":"PropertyValueSpecification","valueRequired":true,"valueName":"search_term_string"}}],"inLanguage":"de"},{"@type":"Organization","@id":"https:\/\/gipsyhorsesranch.be\/de\/#organization","name":"Gipsy Horses Ranch","url":"https:\/\/gipsyhorsesranch.be\/de\/","logo":{"@type":"ImageObject","inLanguage":"de","@id":"https:\/\/gipsyhorsesranch.be\/de\/#\/schema\/logo\/image\/","url":"https:\/\/gipsyhorsesranch.be\/wp-content\/uploads\/2025\/08\/logo-oud-e1771412031786.webp","contentUrl":"https:\/\/gipsyhorsesranch.be\/wp-content\/uploads\/2025\/08\/logo-oud-e1771412031786.webp","width":117,"height":108,"caption":"Gipsy Horses Ranch"},"image":{"@id":"https:\/\/gipsyhorsesranch.be\/de\/#\/schema\/logo\/image\/"},"sameAs":["https:\/\/www.facebook.com\/gipsyhorsesrodeo.ghr","https:\/\/www.instagram.com\/gipsyhorsesranch_\/"]}]}},"_links":{"self":[{"href":"https:\/\/gipsyhorsesranch.be\/de\/wp-json\/wp\/v2\/pages\/9147","targetHints":{"allow":["GET"]}}],"collection":[{"href":"https:\/\/gipsyhorsesranch.be\/de\/wp-json\/wp\/v2\/pages"}],"about":[{"href":"https:\/\/gipsyhorsesranch.be\/de\/wp-json\/wp\/v2\/types\/page"}],"author":[{"embeddable":true,"href":"https:\/\/gipsyhorsesranch.be\/de\/wp-json\/wp\/v2\/users\/1"}],"replies":[{"embeddable":true,"href":"https:\/\/gipsyhorsesranch.be\/de\/wp-json\/wp\/v2\/comments?post=9147"}],"version-history":[{"count":3,"href":"https:\/\/gipsyhorsesranch.be\/de\/wp-json\/wp\/v2\/pages\/9147\/revisions"}],"predecessor-version":[{"id":9685,"href":"https:\/\/gipsyhorsesranch.be\/de\/wp-json\/wp\/v2\/pages\/9147\/revisions\/9685"}],"wp:attachment":[{"href":"https:\/\/gipsyhorsesranch.be\/de\/wp-json\/wp\/v2\/media?parent=9147"}],"curies":[{"name":"wp","href":"https:\/\/api.w.org\/{rel}","templated":true}]}}