{"id":8589,"date":"2025-09-17T12:30:38","date_gmt":"2025-09-17T10:30:38","guid":{"rendered":"https:\/\/gipsyhorsesranch.be\/lete-indien\/"},"modified":"2026-02-26T23:24:47","modified_gmt":"2026-02-26T22:24:47","slug":"lete-indien","status":"publish","type":"page","link":"https:\/\/gipsyhorsesranch.be\/fr\/lete-indien\/","title":{"rendered":"L&rsquo;\u00e9t\u00e9 indien"},"content":{"rendered":"\t\t<div data-elementor-type=\"wp-page\" data-elementor-id=\"8589\" class=\"elementor elementor-8589 elementor-2492\" data-elementor-post-type=\"page\">\n\t\t\t\t<div class=\"elementor-element elementor-element-3c4affe4 e-flex e-con-boxed e-con e-parent\" data-id=\"3c4affe4\" data-element_type=\"container\" data-e-type=\"container\" data-settings=\"{&quot;background_background&quot;:&quot;classic&quot;}\">\n\t\t\t\t\t<div class=\"e-con-inner\">\n\t\t\t\t<div class=\"elementor-element elementor-element-3d16cb4e elementor-widget elementor-widget-heading\" data-id=\"3d16cb4e\" data-element_type=\"widget\" data-e-type=\"widget\" data-widget_type=\"heading.default\">\n\t\t\t\t<div class=\"elementor-widget-container\">\n\t\t\t\t\t<h1 class=\"elementor-heading-title elementor-size-default\">Rod\u00e9o de l'\u00e9t\u00e9 indien<\/h1>\t\t\t\t<\/div>\n\t\t\t\t<\/div>\n\t\t<div class=\"elementor-element elementor-element-65a21a9 e-con-full e-flex e-con e-child\" data-id=\"65a21a9\" data-element_type=\"container\" data-e-type=\"container\">\n\t\t<div class=\"elementor-element elementor-element-9e37953 e-con-full elementor-hidden-mobile e-flex e-con e-child\" data-id=\"9e37953\" data-element_type=\"container\" data-e-type=\"container\">\n\t\t\t\t<div class=\"elementor-element elementor-element-00d606f elementor-widget elementor-widget-image\" data-id=\"00d606f\" data-element_type=\"widget\" data-e-type=\"widget\" data-widget_type=\"image.default\">\n\t\t\t\t<div class=\"elementor-widget-container\">\n\t\t\t\t\t\t\t\t\t\t\t\t\t\t\t<img fetchpriority=\"high\" decoding=\"async\" width=\"374\" height=\"344\" src=\"https:\/\/gipsyhorsesranch.be\/wp-content\/uploads\/2026\/01\/houtbrandFinaal1.png\" class=\"attachment-large size-large wp-image-8591\" alt=\"\" srcset=\"https:\/\/gipsyhorsesranch.be\/wp-content\/uploads\/2026\/01\/houtbrandFinaal1.png 374w, https:\/\/gipsyhorsesranch.be\/wp-content\/uploads\/2026\/01\/houtbrandFinaal1-300x276.png 300w\" sizes=\"(max-width: 374px) 100vw, 374px\" \/>\t\t\t\t\t\t\t\t\t\t\t\t\t\t\t<\/div>\n\t\t\t\t<\/div>\n\t\t\t\t<div class=\"elementor-element elementor-element-d511114 elementor-widget elementor-widget-image\" data-id=\"d511114\" data-element_type=\"widget\" data-e-type=\"widget\" data-widget_type=\"image.default\">\n\t\t\t\t<div class=\"elementor-widget-container\">\n\t\t\t\t\t\t\t\t\t\t\t\t\t\t\t<img decoding=\"async\" width=\"775\" height=\"728\" src=\"https:\/\/gipsyhorsesranch.be\/wp-content\/uploads\/2026\/02\/W-brandmerk-e1770570202185.png\" class=\"attachment-large size-large wp-image-8592\" alt=\"\" srcset=\"https:\/\/gipsyhorsesranch.be\/wp-content\/uploads\/2026\/02\/W-brandmerk-e1770570202185.png 775w, https:\/\/gipsyhorsesranch.be\/wp-content\/uploads\/2026\/02\/W-brandmerk-e1770570202185-300x282.png 300w, https:\/\/gipsyhorsesranch.be\/wp-content\/uploads\/2026\/02\/W-brandmerk-e1770570202185-768x721.png 768w, https:\/\/gipsyhorsesranch.be\/wp-content\/uploads\/2026\/02\/W-brandmerk-e1770570202185-600x564.png 600w\" sizes=\"(max-width: 775px) 100vw, 775px\" \/>\t\t\t\t\t\t\t\t\t\t\t\t\t\t\t<\/div>\n\t\t\t\t<\/div>\n\t\t\t\t<\/div>\n\t\t<div class=\"elementor-element elementor-element-3046838 e-con-full e-flex e-con e-child\" data-id=\"3046838\" data-element_type=\"container\" data-e-type=\"container\">\n\t\t\t\t<div class=\"elementor-element elementor-element-1dbc66d8 elementor-widget elementor-widget-image\" data-id=\"1dbc66d8\" data-element_type=\"widget\" data-e-type=\"widget\" data-widget_type=\"image.default\">\n\t\t\t\t<div class=\"elementor-widget-container\">\n\t\t\t\t\t\t\t\t\t\t\t\t\t\t\t<img decoding=\"async\" width=\"724\" height=\"1024\" src=\"https:\/\/gipsyhorsesranch.be\/wp-content\/uploads\/2026\/02\/indian-summer-.jpg-1-724x1024.jpeg\" class=\"attachment-large size-large wp-image-8593\" alt=\"\" srcset=\"https:\/\/gipsyhorsesranch.be\/wp-content\/uploads\/2026\/02\/indian-summer-.jpg-1-724x1024.jpeg 724w, https:\/\/gipsyhorsesranch.be\/wp-content\/uploads\/2026\/02\/indian-summer-.jpg-1-212x300.jpeg 212w, https:\/\/gipsyhorsesranch.be\/wp-content\/uploads\/2026\/02\/indian-summer-.jpg-1-768x1086.jpeg 768w, https:\/\/gipsyhorsesranch.be\/wp-content\/uploads\/2026\/02\/indian-summer-.jpg-1-1086x1536.jpeg 1086w, https:\/\/gipsyhorsesranch.be\/wp-content\/uploads\/2026\/02\/indian-summer-.jpg-1-600x849.jpeg 600w, https:\/\/gipsyhorsesranch.be\/wp-content\/uploads\/2026\/02\/indian-summer-.jpg-1.jpeg 1131w\" sizes=\"(max-width: 724px) 100vw, 724px\" \/>\t\t\t\t\t\t\t\t\t\t\t\t\t\t\t<\/div>\n\t\t\t\t<\/div>\n\t\t\t\t<\/div>\n\t\t<div class=\"elementor-element elementor-element-32ee68a e-con-full elementor-hidden-mobile e-flex e-con e-child\" data-id=\"32ee68a\" data-element_type=\"container\" data-e-type=\"container\">\n\t\t\t\t<div class=\"elementor-element elementor-element-bea8670 elementor-widget elementor-widget-image\" data-id=\"bea8670\" data-element_type=\"widget\" data-e-type=\"widget\" data-widget_type=\"image.default\">\n\t\t\t\t<div class=\"elementor-widget-container\">\n\t\t\t\t\t\t\t\t\t\t\t\t\t\t\t<img loading=\"lazy\" decoding=\"async\" width=\"403\" height=\"414\" src=\"https:\/\/gipsyhorsesranch.be\/wp-content\/uploads\/2026\/01\/houtbrandFinaal2.png\" class=\"attachment-large size-large wp-image-8594\" alt=\"\" srcset=\"https:\/\/gipsyhorsesranch.be\/wp-content\/uploads\/2026\/01\/houtbrandFinaal2.png 403w, https:\/\/gipsyhorsesranch.be\/wp-content\/uploads\/2026\/01\/houtbrandFinaal2-292x300.png 292w\" sizes=\"(max-width: 403px) 100vw, 403px\" \/>\t\t\t\t\t\t\t\t\t\t\t\t\t\t\t<\/div>\n\t\t\t\t<\/div>\n\t\t\t\t<div class=\"elementor-element elementor-element-521f4b9 elementor-widget elementor-widget-image\" data-id=\"521f4b9\" data-element_type=\"widget\" data-e-type=\"widget\" data-widget_type=\"image.default\">\n\t\t\t\t<div class=\"elementor-widget-container\">\n\t\t\t\t\t\t\t\t\t\t\t\t\t\t\t<img loading=\"lazy\" decoding=\"async\" width=\"1024\" height=\"852\" src=\"https:\/\/gipsyhorsesranch.be\/wp-content\/uploads\/2026\/02\/ghr-brandmerk-e1770569921301-1024x852.png\" class=\"attachment-large size-large wp-image-8595\" alt=\"\" srcset=\"https:\/\/gipsyhorsesranch.be\/wp-content\/uploads\/2026\/02\/ghr-brandmerk-e1770569921301-1024x852.png 1024w, https:\/\/gipsyhorsesranch.be\/wp-content\/uploads\/2026\/02\/ghr-brandmerk-e1770569921301-768x639.png 768w\" sizes=\"(max-width: 1024px) 100vw, 1024px\" \/>\t\t\t\t\t\t\t\t\t\t\t\t\t\t\t<\/div>\n\t\t\t\t<\/div>\n\t\t\t\t<\/div>\n\t\t\t\t<\/div>\n\t\t<div class=\"elementor-element elementor-element-6e9e0d6b e-con-full e-flex e-con e-child\" data-id=\"6e9e0d6b\" data-element_type=\"container\" data-e-type=\"container\">\n\t\t<div class=\"elementor-element elementor-element-5bb0663 e-con-full e-flex e-con e-child\" data-id=\"5bb0663\" data-element_type=\"container\" data-e-type=\"container\">\n\t\t\t\t<div class=\"elementor-element elementor-element-54eb014 elementor-align-center elementor-widget elementor-widget-button\" data-id=\"54eb014\" data-element_type=\"widget\" data-e-type=\"widget\" data-widget_type=\"button.default\">\n\t\t\t\t<div class=\"elementor-widget-container\">\n\t\t\t\t\t\t\t\t\t<div class=\"elementor-button-wrapper\">\n\t\t\t\t\t<a class=\"elementor-button elementor-button-link elementor-size-sm\" href=\"https:\/\/shop.paylogic.com\/847ebd2a957948f6822738cf33f08eeb\">\n\t\t\t\t\t\t<span class=\"elementor-button-content-wrapper\">\n\t\t\t\t\t\t\t\t\t<span class=\"elementor-button-text\">Billets<\/span>\n\t\t\t\t\t<\/span>\n\t\t\t\t\t<\/a>\n\t\t\t\t<\/div>\n\t\t\t\t\t\t\t\t<\/div>\n\t\t\t\t<\/div>\n\t\t\t\t<\/div>\n\t\t<div class=\"elementor-element elementor-element-14f52a0a e-con-full e-flex e-con e-child\" data-id=\"14f52a0a\" data-element_type=\"container\" data-e-type=\"container\" data-settings=\"{&quot;background_background&quot;:&quot;classic&quot;}\">\n\t\t\t\t<div class=\"elementor-element elementor-element-f0fa391 elementor-widget elementor-widget-heading\" data-id=\"f0fa391\" data-element_type=\"widget\" data-e-type=\"widget\" data-widget_type=\"heading.default\">\n\t\t\t\t<div class=\"elementor-widget-container\">\n\t\t\t\t\t<h3 class=\"elementor-heading-title elementor-size-default\">Qu'est-ce que le rod\u00e9o de l'\u00e9t\u00e9 indien ?<\/h3>\t\t\t\t<\/div>\n\t\t\t\t<\/div>\n\t\t\t\t<div class=\"elementor-element elementor-element-57995f20 elementor-widget elementor-widget-text-editor\" data-id=\"57995f20\" data-element_type=\"widget\" data-e-type=\"widget\" data-widget_type=\"text-editor.default\">\n\t\t\t\t<div class=\"elementor-widget-container\">\n\t\t\t\t\t\t\t\t\t<p><span style=\"font-weight: 400;\">L&rsquo;<strong>Indian Summer Rodeo<\/strong> est le point culminant de l&rsquo;automne dans le monde de l&rsquo;Ouest. D\u00e9couvrez un spectacle de rod\u00e9o \u00e0 couper le souffle, applaudissez les <strong>comp\u00e9titions<\/strong> <strong>passionnantes<\/strong> telles que la course de barils et le pliage de poteaux, et impr\u00e9gnez-vous de l <strong>&lsquo;atmosph\u00e8re de<\/strong> la foire et de la place de la gastronomie de l&rsquo;Ouest. <\/span><\/p><p><span style=\"font-weight: 400;\">Pendant trois jours, vous pourrez profiter de :<\/span><\/p><ul><li style=\"font-weight: 400;\" aria-level=\"1\"><span style=\"font-weight: 400;\">Un rod\u00e9o spectaculaire plein d&rsquo;action et d&rsquo;adr\u00e9naline<\/span><\/li><li style=\"font-weight: 400;\" aria-level=\"1\"><span style=\"font-weight: 400;\">Des comp\u00e9titions passionnantes telles que la course de barils et le pliage de poteaux<\/span><\/li><li style=\"font-weight: 400;\" aria-level=\"1\"><span style=\"font-weight: 400;\">S\u00e9ances de danse en ligne atmosph\u00e9rique  <\/span><\/li><li style=\"font-weight: 400;\" aria-level=\"1\"><span style=\"font-weight: 400;\">La Western Fair &amp; Food Square, avec des animations et des friandises pour tous les \u00e2ges<\/span><\/li><\/ul><p><span style=\"font-weight: 400;\">Pour ceux qui souhaitent une exp\u00e9rience encore plus exclusive, il y a le VIP Buffalo Club : un emplacement de choix avec vue sur l&rsquo;ar\u00e8ne, combin\u00e9 avec des bulles ou un d\u00eener luxueux &#8230; une exp\u00e9rience western compl\u00e8te.  <\/span><\/p>\t\t\t\t\t\t\t\t<\/div>\n\t\t\t\t<\/div>\n\t\t\t\t<\/div>\n\t\t\t\t<\/div>\n\t\t<div class=\"elementor-element elementor-element-77684cb e-con-full e-flex e-con e-child\" data-id=\"77684cb\" data-element_type=\"container\" data-e-type=\"container\">\n\t\t\t\t<\/div>\n\t\t<div class=\"elementor-element elementor-element-4f057bc0 e-con-full e-flex e-con e-child\" data-id=\"4f057bc0\" data-element_type=\"container\" data-e-type=\"container\" data-settings=\"{&quot;background_background&quot;:&quot;classic&quot;}\">\n\t\t\t\t<div class=\"elementor-element elementor-element-7a56692e elementor-widget elementor-widget-heading\" data-id=\"7a56692e\" data-element_type=\"widget\" data-e-type=\"widget\" data-widget_type=\"heading.default\">\n\t\t\t\t<div class=\"elementor-widget-container\">\n\t\t\t\t\t<h3 class=\"elementor-heading-title elementor-size-default\">Quand a lieu l'Indian Summer Rodeo ?<\/h3>\t\t\t\t<\/div>\n\t\t\t\t<\/div>\n\t\t\t\t<div class=\"elementor-element elementor-element-1a4f5b75 elementor-widget elementor-widget-text-editor\" data-id=\"1a4f5b75\" data-element_type=\"widget\" data-e-type=\"widget\" data-widget_type=\"text-editor.default\">\n\t\t\t\t<div class=\"elementor-widget-container\">\n\t\t\t\t\t\t\t\t\t<p>Le rod\u00e9o de l&rsquo;\u00e9t\u00e9 indien aura lieu au Gipsy Horses Ranch \u00e0 Westerlo aux dates suivantes :<\/p><ul><li><strong>4 septembre 2026<\/strong><\/li><li><strong>5 septembre 2026<\/strong><\/li><li><strong>6 septembre 2026<\/strong><\/li><\/ul><p><b>La vente des billets commence le lundi 04\/05\/26 <\/b><b style=\"font-style: inherit;\">\u00e0 10 heures<\/b><\/p><p>Que vous veniez pour soutenir, danser ou d\u00e9guster de d\u00e9licieux plats et boissons, l&rsquo;<strong>Indian Summer Rodeo<\/strong> vous promet trois jours de spectacle, d&rsquo;amusement et d&rsquo;ambiance cow-boy \u00e0 l&rsquo;\u00e9tat pur.<\/p>\t\t\t\t\t\t\t\t<\/div>\n\t\t\t\t<\/div>\n\t\t\t\t<\/div>\n\t\t<div class=\"elementor-element elementor-element-6e5eb91b e-con-full e-flex e-con e-child\" data-id=\"6e5eb91b\" data-element_type=\"container\" data-e-type=\"container\">\n\t\t\t\t<div class=\"elementor-element elementor-element-17bd8825 elementor-align-center elementor-widget elementor-widget-button\" data-id=\"17bd8825\" data-element_type=\"widget\" data-e-type=\"widget\" data-widget_type=\"button.default\">\n\t\t\t\t<div class=\"elementor-widget-container\">\n\t\t\t\t\t\t\t\t\t<div class=\"elementor-button-wrapper\">\n\t\t\t\t\t<a class=\"elementor-button elementor-button-link elementor-size-sm\" href=\"https:\/\/shop.paylogic.com\/847ebd2a957948f6822738cf33f08eeb\">\n\t\t\t\t\t\t<span class=\"elementor-button-content-wrapper\">\n\t\t\t\t\t\t\t\t\t<span class=\"elementor-button-text\">Billets<\/span>\n\t\t\t\t\t<\/span>\n\t\t\t\t\t<\/a>\n\t\t\t\t<\/div>\n\t\t\t\t\t\t\t\t<\/div>\n\t\t\t\t<\/div>\n\t\t\t\t<\/div>\n\t\t\t\t\t<\/div>\n\t\t\t\t<\/div>\n\t\t\t\t<\/div>\n\t\t","protected":false},"excerpt":{"rendered":"<p>Rod\u00e9o de l&rsquo;\u00e9t\u00e9 indien Billets Qu&rsquo;est-ce que le rod\u00e9o de l&rsquo;\u00e9t\u00e9 indien ? L&rsquo;Indian Summer Rodeo est le point culminant de l&rsquo;automne dans le monde de l&rsquo;Ouest. D\u00e9couvrez un spectacle de rod\u00e9o \u00e0 couper le souffle, applaudissez les comp\u00e9titions passionnantes telles que la course de barils et le pliage de poteaux, et impr\u00e9gnez-vous de l [&hellip;]<\/p>\n","protected":false},"author":1,"featured_media":0,"parent":0,"menu_order":0,"comment_status":"closed","ping_status":"closed","template":"","meta":{"site-sidebar-layout":"no-sidebar","site-content-layout":"page-builder","ast-site-content-layout":"full-width-container","site-content-style":"default","site-sidebar-style":"default","ast-global-header-display":"","ast-banner-title-visibility":"","ast-main-header-display":"","ast-hfb-above-header-display":"","ast-hfb-below-header-display":"","ast-hfb-mobile-header-display":"","site-post-title":"disabled","ast-breadcrumbs-content":"","ast-featured-img":"disabled","footer-sml-layout":"","ast-disable-related-posts":"","theme-transparent-header-meta":"","adv-header-id-meta":"","stick-header-meta":"","header-above-stick-meta":"","header-main-stick-meta":"","header-below-stick-meta":"","astra-migrate-meta-layouts":"default","ast-page-background-enabled":"default","ast-page-background-meta":{"desktop":{"background-color":"","background-image":"","background-repeat":"repeat","background-position":"center center","background-size":"auto","background-attachment":"scroll","background-type":"","background-media":"","overlay-type":"","overlay-color":"","overlay-opacity":"","overlay-gradient":""},"tablet":{"background-color":"","background-image":"","background-repeat":"repeat","background-position":"center center","background-size":"auto","background-attachment":"scroll","background-type":"","background-media":"","overlay-type":"","overlay-color":"","overlay-opacity":"","overlay-gradient":""},"mobile":{"background-color":"","background-image":"","background-repeat":"repeat","background-position":"center center","background-size":"auto","background-attachment":"scroll","background-type":"","background-media":"","overlay-type":"","overlay-color":"","overlay-opacity":"","overlay-gradient":""}},"ast-content-background-meta":{"desktop":{"background-color":"var(--ast-global-color-5)","background-image":"","background-repeat":"repeat","background-position":"center center","background-size":"auto","background-attachment":"scroll","background-type":"","background-media":"","overlay-type":"","overlay-color":"","overlay-opacity":"","overlay-gradient":""},"tablet":{"background-color":"var(--ast-global-color-5)","background-image":"","background-repeat":"repeat","background-position":"center center","background-size":"auto","background-attachment":"scroll","background-type":"","background-media":"","overlay-type":"","overlay-color":"","overlay-opacity":"","overlay-gradient":""},"mobile":{"background-color":"var(--ast-global-color-5)","background-image":"","background-repeat":"repeat","background-position":"center center","background-size":"auto","background-attachment":"scroll","background-type":"","background-media":"","overlay-type":"","overlay-color":"","overlay-opacity":"","overlay-gradient":""}},"footnotes":""},"class_list":["post-8589","page","type-page","status-publish","hentry"],"yoast_head":"<!-- This site is optimized with the Yoast SEO plugin v27.2 - https:\/\/yoast.com\/product\/yoast-seo-wordpress\/ -->\n<title>L&#039;\u00e9t\u00e9 indien - Gipsy Horses Ranch<\/title>\n<meta name=\"robots\" content=\"index, follow, max-snippet:-1, max-image-preview:large, max-video-preview:-1\" \/>\n<link rel=\"canonical\" href=\"https:\/\/gipsyhorsesranch.be\/fr\/lete-indien\/\" \/>\n<meta property=\"og:locale\" content=\"fr_FR\" \/>\n<meta property=\"og:type\" content=\"article\" \/>\n<meta property=\"og:title\" content=\"L&#039;\u00e9t\u00e9 indien - Gipsy Horses Ranch\" \/>\n<meta property=\"og:description\" content=\"Rod\u00e9o de l&rsquo;\u00e9t\u00e9 indien Billets Qu&rsquo;est-ce que le rod\u00e9o de l&rsquo;\u00e9t\u00e9 indien ? L&rsquo;Indian Summer Rodeo est le point culminant de l&rsquo;automne dans le monde de l&rsquo;Ouest. D\u00e9couvrez un spectacle de rod\u00e9o \u00e0 couper le souffle, applaudissez les comp\u00e9titions passionnantes telles que la course de barils et le pliage de poteaux, et impr\u00e9gnez-vous de l [&hellip;]\" \/>\n<meta property=\"og:url\" content=\"https:\/\/gipsyhorsesranch.be\/fr\/lete-indien\/\" \/>\n<meta property=\"og:site_name\" content=\"Gipsy Horses Ranch\" \/>\n<meta property=\"article:publisher\" content=\"https:\/\/www.facebook.com\/gipsyhorsesrodeo.ghr\" \/>\n<meta property=\"article:modified_time\" content=\"2026-02-26T22:24:47+00:00\" \/>\n<meta property=\"og:image\" content=\"https:\/\/gipsyhorsesranch.be\/wp-content\/uploads\/2026\/01\/houtbrandFinaal1.png\" \/>\n\t<meta property=\"og:image:width\" content=\"374\" \/>\n\t<meta property=\"og:image:height\" content=\"344\" \/>\n\t<meta property=\"og:image:type\" content=\"image\/png\" \/>\n<meta name=\"twitter:card\" content=\"summary_large_image\" \/>\n<meta name=\"twitter:label1\" content=\"Dur\u00e9e de lecture estim\u00e9e\" \/>\n\t<meta name=\"twitter:data1\" content=\"1 minute\" \/>\n<script type=\"application\/ld+json\" class=\"yoast-schema-graph\">{\"@context\":\"https:\/\/schema.org\",\"@graph\":[{\"@type\":\"WebPage\",\"@id\":\"https:\/\/gipsyhorsesranch.be\/fr\/lete-indien\/\",\"url\":\"https:\/\/gipsyhorsesranch.be\/fr\/lete-indien\/\",\"name\":\"L'\u00e9t\u00e9 indien - Gipsy Horses Ranch\",\"isPartOf\":{\"@id\":\"https:\/\/gipsyhorsesranch.be\/fr\/#website\"},\"primaryImageOfPage\":{\"@id\":\"https:\/\/gipsyhorsesranch.be\/fr\/lete-indien\/#primaryimage\"},\"image\":{\"@id\":\"https:\/\/gipsyhorsesranch.be\/fr\/lete-indien\/#primaryimage\"},\"thumbnailUrl\":\"https:\/\/gipsyhorsesranch.be\/wp-content\/uploads\/2026\/01\/houtbrandFinaal1.png\",\"datePublished\":\"2025-09-17T10:30:38+00:00\",\"dateModified\":\"2026-02-26T22:24:47+00:00\",\"breadcrumb\":{\"@id\":\"https:\/\/gipsyhorsesranch.be\/fr\/lete-indien\/#breadcrumb\"},\"inLanguage\":\"fr-FR\",\"potentialAction\":[{\"@type\":\"ReadAction\",\"target\":[\"https:\/\/gipsyhorsesranch.be\/fr\/lete-indien\/\"]}]},{\"@type\":\"ImageObject\",\"inLanguage\":\"fr-FR\",\"@id\":\"https:\/\/gipsyhorsesranch.be\/fr\/lete-indien\/#primaryimage\",\"url\":\"https:\/\/gipsyhorsesranch.be\/wp-content\/uploads\/2026\/01\/houtbrandFinaal1.png\",\"contentUrl\":\"https:\/\/gipsyhorsesranch.be\/wp-content\/uploads\/2026\/01\/houtbrandFinaal1.png\"},{\"@type\":\"BreadcrumbList\",\"@id\":\"https:\/\/gipsyhorsesranch.be\/fr\/lete-indien\/#breadcrumb\",\"itemListElement\":[{\"@type\":\"ListItem\",\"position\":1,\"name\":\"Home\",\"item\":\"https:\/\/gipsyhorsesranch.be\/fr\/\"},{\"@type\":\"ListItem\",\"position\":2,\"name\":\"L&#8217;\u00e9t\u00e9 indien\"}]},{\"@type\":\"WebSite\",\"@id\":\"https:\/\/gipsyhorsesranch.be\/fr\/#website\",\"url\":\"https:\/\/gipsyhorsesranch.be\/fr\/\",\"name\":\"Gipsy Horses Ranch\",\"description\":\"Waar de sfeer van het Wilde Westen tot leven komt.\",\"publisher\":{\"@id\":\"https:\/\/gipsyhorsesranch.be\/fr\/#organization\"},\"potentialAction\":[{\"@type\":\"SearchAction\",\"target\":{\"@type\":\"EntryPoint\",\"urlTemplate\":\"https:\/\/gipsyhorsesranch.be\/fr\/?s={search_term_string}\"},\"query-input\":{\"@type\":\"PropertyValueSpecification\",\"valueRequired\":true,\"valueName\":\"search_term_string\"}}],\"inLanguage\":\"fr-FR\"},{\"@type\":\"Organization\",\"@id\":\"https:\/\/gipsyhorsesranch.be\/fr\/#organization\",\"name\":\"Gipsy Horses Ranch\",\"url\":\"https:\/\/gipsyhorsesranch.be\/fr\/\",\"logo\":{\"@type\":\"ImageObject\",\"inLanguage\":\"fr-FR\",\"@id\":\"https:\/\/gipsyhorsesranch.be\/fr\/#\/schema\/logo\/image\/\",\"url\":\"https:\/\/gipsyhorsesranch.be\/wp-content\/uploads\/2025\/08\/logo-oud-e1771412031786.webp\",\"contentUrl\":\"https:\/\/gipsyhorsesranch.be\/wp-content\/uploads\/2025\/08\/logo-oud-e1771412031786.webp\",\"width\":117,\"height\":108,\"caption\":\"Gipsy Horses Ranch\"},\"image\":{\"@id\":\"https:\/\/gipsyhorsesranch.be\/fr\/#\/schema\/logo\/image\/\"},\"sameAs\":[\"https:\/\/www.facebook.com\/gipsyhorsesrodeo.ghr\",\"https:\/\/www.instagram.com\/gipsyhorsesranch_\/\"]}]}<\/script>\n<!-- \/ Yoast SEO plugin. -->","yoast_head_json":{"title":"L'\u00e9t\u00e9 indien - Gipsy Horses Ranch","robots":{"index":"index","follow":"follow","max-snippet":"max-snippet:-1","max-image-preview":"max-image-preview:large","max-video-preview":"max-video-preview:-1"},"canonical":"https:\/\/gipsyhorsesranch.be\/fr\/lete-indien\/","og_locale":"fr_FR","og_type":"article","og_title":"L'\u00e9t\u00e9 indien - Gipsy Horses Ranch","og_description":"Rod\u00e9o de l&rsquo;\u00e9t\u00e9 indien Billets Qu&rsquo;est-ce que le rod\u00e9o de l&rsquo;\u00e9t\u00e9 indien ? L&rsquo;Indian Summer Rodeo est le point culminant de l&rsquo;automne dans le monde de l&rsquo;Ouest. D\u00e9couvrez un spectacle de rod\u00e9o \u00e0 couper le souffle, applaudissez les comp\u00e9titions passionnantes telles que la course de barils et le pliage de poteaux, et impr\u00e9gnez-vous de l [&hellip;]","og_url":"https:\/\/gipsyhorsesranch.be\/fr\/lete-indien\/","og_site_name":"Gipsy Horses Ranch","article_publisher":"https:\/\/www.facebook.com\/gipsyhorsesrodeo.ghr","article_modified_time":"2026-02-26T22:24:47+00:00","og_image":[{"width":374,"height":344,"url":"https:\/\/gipsyhorsesranch.be\/wp-content\/uploads\/2026\/01\/houtbrandFinaal1.png","type":"image\/png"}],"twitter_card":"summary_large_image","twitter_misc":{"Dur\u00e9e de lecture estim\u00e9e":"1 minute"},"schema":{"@context":"https:\/\/schema.org","@graph":[{"@type":"WebPage","@id":"https:\/\/gipsyhorsesranch.be\/fr\/lete-indien\/","url":"https:\/\/gipsyhorsesranch.be\/fr\/lete-indien\/","name":"L'\u00e9t\u00e9 indien - Gipsy Horses Ranch","isPartOf":{"@id":"https:\/\/gipsyhorsesranch.be\/fr\/#website"},"primaryImageOfPage":{"@id":"https:\/\/gipsyhorsesranch.be\/fr\/lete-indien\/#primaryimage"},"image":{"@id":"https:\/\/gipsyhorsesranch.be\/fr\/lete-indien\/#primaryimage"},"thumbnailUrl":"https:\/\/gipsyhorsesranch.be\/wp-content\/uploads\/2026\/01\/houtbrandFinaal1.png","datePublished":"2025-09-17T10:30:38+00:00","dateModified":"2026-02-26T22:24:47+00:00","breadcrumb":{"@id":"https:\/\/gipsyhorsesranch.be\/fr\/lete-indien\/#breadcrumb"},"inLanguage":"fr-FR","potentialAction":[{"@type":"ReadAction","target":["https:\/\/gipsyhorsesranch.be\/fr\/lete-indien\/"]}]},{"@type":"ImageObject","inLanguage":"fr-FR","@id":"https:\/\/gipsyhorsesranch.be\/fr\/lete-indien\/#primaryimage","url":"https:\/\/gipsyhorsesranch.be\/wp-content\/uploads\/2026\/01\/houtbrandFinaal1.png","contentUrl":"https:\/\/gipsyhorsesranch.be\/wp-content\/uploads\/2026\/01\/houtbrandFinaal1.png"},{"@type":"BreadcrumbList","@id":"https:\/\/gipsyhorsesranch.be\/fr\/lete-indien\/#breadcrumb","itemListElement":[{"@type":"ListItem","position":1,"name":"Home","item":"https:\/\/gipsyhorsesranch.be\/fr\/"},{"@type":"ListItem","position":2,"name":"L&#8217;\u00e9t\u00e9 indien"}]},{"@type":"WebSite","@id":"https:\/\/gipsyhorsesranch.be\/fr\/#website","url":"https:\/\/gipsyhorsesranch.be\/fr\/","name":"Gipsy Horses Ranch","description":"Waar de sfeer van het Wilde Westen tot leven komt.","publisher":{"@id":"https:\/\/gipsyhorsesranch.be\/fr\/#organization"},"potentialAction":[{"@type":"SearchAction","target":{"@type":"EntryPoint","urlTemplate":"https:\/\/gipsyhorsesranch.be\/fr\/?s={search_term_string}"},"query-input":{"@type":"PropertyValueSpecification","valueRequired":true,"valueName":"search_term_string"}}],"inLanguage":"fr-FR"},{"@type":"Organization","@id":"https:\/\/gipsyhorsesranch.be\/fr\/#organization","name":"Gipsy Horses Ranch","url":"https:\/\/gipsyhorsesranch.be\/fr\/","logo":{"@type":"ImageObject","inLanguage":"fr-FR","@id":"https:\/\/gipsyhorsesranch.be\/fr\/#\/schema\/logo\/image\/","url":"https:\/\/gipsyhorsesranch.be\/wp-content\/uploads\/2025\/08\/logo-oud-e1771412031786.webp","contentUrl":"https:\/\/gipsyhorsesranch.be\/wp-content\/uploads\/2025\/08\/logo-oud-e1771412031786.webp","width":117,"height":108,"caption":"Gipsy Horses Ranch"},"image":{"@id":"https:\/\/gipsyhorsesranch.be\/fr\/#\/schema\/logo\/image\/"},"sameAs":["https:\/\/www.facebook.com\/gipsyhorsesrodeo.ghr","https:\/\/www.instagram.com\/gipsyhorsesranch_\/"]}]}},"_links":{"self":[{"href":"https:\/\/gipsyhorsesranch.be\/fr\/wp-json\/wp\/v2\/pages\/8589","targetHints":{"allow":["GET"]}}],"collection":[{"href":"https:\/\/gipsyhorsesranch.be\/fr\/wp-json\/wp\/v2\/pages"}],"about":[{"href":"https:\/\/gipsyhorsesranch.be\/fr\/wp-json\/wp\/v2\/types\/page"}],"author":[{"embeddable":true,"href":"https:\/\/gipsyhorsesranch.be\/fr\/wp-json\/wp\/v2\/users\/1"}],"replies":[{"embeddable":true,"href":"https:\/\/gipsyhorsesranch.be\/fr\/wp-json\/wp\/v2\/comments?post=8589"}],"version-history":[{"count":3,"href":"https:\/\/gipsyhorsesranch.be\/fr\/wp-json\/wp\/v2\/pages\/8589\/revisions"}],"predecessor-version":[{"id":9605,"href":"https:\/\/gipsyhorsesranch.be\/fr\/wp-json\/wp\/v2\/pages\/8589\/revisions\/9605"}],"wp:attachment":[{"href":"https:\/\/gipsyhorsesranch.be\/fr\/wp-json\/wp\/v2\/media?parent=8589"}],"curies":[{"name":"wp","href":"https:\/\/api.w.org\/{rel}","templated":true}]}}