{"id":8774,"date":"2025-09-25T12:14:51","date_gmt":"2025-09-25T10:14:51","guid":{"rendered":"https:\/\/gipsyhorsesranch.be\/photos\/"},"modified":"2026-03-01T11:54:52","modified_gmt":"2026-03-01T10:54:52","slug":"photos","status":"publish","type":"page","link":"https:\/\/gipsyhorsesranch.be\/fr\/photos\/","title":{"rendered":"Photos"},"content":{"rendered":"\t\t<div data-elementor-type=\"wp-page\" data-elementor-id=\"8774\" class=\"elementor elementor-8774 elementor-3230\" data-elementor-post-type=\"page\">\n\t\t\t\t<div class=\"elementor-element elementor-element-178a33eb e-flex e-con-boxed e-con e-parent\" data-id=\"178a33eb\" data-element_type=\"container\" data-e-type=\"container\" data-settings=\"{&quot;background_background&quot;:&quot;classic&quot;}\">\n\t\t\t\t\t<div class=\"e-con-inner\">\n\t\t<div class=\"elementor-element elementor-element-6af5340e e-con-full e-flex e-con e-child\" data-id=\"6af5340e\" data-element_type=\"container\" data-e-type=\"container\">\n\t\t\t\t<div class=\"elementor-element elementor-element-71d7a035 elementor-widget elementor-widget-heading\" data-id=\"71d7a035\" data-element_type=\"widget\" data-e-type=\"widget\" data-widget_type=\"heading.default\">\n\t\t\t\t<div class=\"elementor-widget-container\">\n\t\t\t\t\t<h1 class=\"elementor-heading-title elementor-size-default\">Galerie de photos<\/h1>\t\t\t\t<\/div>\n\t\t\t\t<\/div>\n\t\t\t\t<div class=\"elementor-element elementor-element-206e0e95 elementor-widget elementor-widget-heading\" data-id=\"206e0e95\" data-element_type=\"widget\" data-e-type=\"widget\" data-widget_type=\"heading.default\">\n\t\t\t\t<div class=\"elementor-widget-container\">\n\t\t\t\t\t<h3 class=\"elementor-heading-title elementor-size-default\">D\u00e9couvrez d\u00e8s \u00e0 pr\u00e9sent quelques-unes de nos photos et vid\u00e9os Instagram.<\/h3>\t\t\t\t<\/div>\n\t\t\t\t<\/div>\n\t\t\t\t<\/div>\n\t\t\t\t\t<\/div>\n\t\t\t\t<\/div>\n\t\t<div class=\"elementor-element elementor-element-824293b e-flex e-con-boxed e-con e-parent\" data-id=\"824293b\" data-element_type=\"container\" data-e-type=\"container\" data-settings=\"{&quot;background_background&quot;:&quot;classic&quot;}\">\n\t\t\t\t\t<div class=\"e-con-inner\">\n\t\t\t\t<div class=\"elementor-element elementor-element-327969e elementor-widget elementor-widget-shortcode\" data-id=\"327969e\" data-element_type=\"widget\" data-e-type=\"widget\" data-widget_type=\"shortcode.default\">\n\t\t\t\t<div class=\"elementor-widget-container\">\n\t\t\t\t\t\t\t<div class=\"elementor-shortcode\">        <div\n            class=\"spotlight-instagram-feed\"\n            data-feed-var=\"009c9d0e\"\n            data-analytics=\"0\"\n            data-instance=\"8774\"\n        >\n        <\/div>\n        <input type=\"hidden\" id=\"sli__f__009c9d0e\" data-json='{&quot;useCase&quot;:&quot;accounts&quot;,&quot;template&quot;:&quot;classic&quot;,&quot;layout&quot;:&quot;highlight&quot;,&quot;numColumns&quot;:{&quot;desktop&quot;:3},&quot;highlightFreq&quot;:{&quot;desktop&quot;:7},&quot;sliderNumScrollPosts&quot;:{&quot;desktop&quot;:1},&quot;sliderInfinite&quot;:true,&quot;sliderLoop&quot;:false,&quot;sliderArrowPos&quot;:{&quot;desktop&quot;:&quot;inside&quot;},&quot;sliderArrowSize&quot;:{&quot;desktop&quot;:20},&quot;sliderArrowColor&quot;:{&quot;r&quot;:255,&quot;b&quot;:255,&quot;g&quot;:255,&quot;a&quot;:1},&quot;sliderArrowBgColor&quot;:{&quot;r&quot;:0,&quot;b&quot;:0,&quot;g&quot;:0,&quot;a&quot;:0.8},&quot;sliderAutoScroll&quot;:false,&quot;sliderAutoInterval&quot;:3,&quot;postOrder&quot;:&quot;date_desc&quot;,&quot;numPosts&quot;:{&quot;desktop&quot;:9},&quot;linkBehavior&quot;:{&quot;desktop&quot;:&quot;lightbox&quot;},&quot;feedWidth&quot;:{&quot;desktop&quot;:&quot;&quot;},&quot;feedHeight&quot;:{&quot;desktop&quot;:&quot;&quot;},&quot;feedPadding&quot;:{&quot;desktop&quot;:24,&quot;tablet&quot;:14,&quot;phone&quot;:10},&quot;imgPadding&quot;:{&quot;desktop&quot;:10,&quot;tablet&quot;:10,&quot;phone&quot;:6},&quot;ratio&quot;:&quot;classic&quot;,&quot;textSize&quot;:{&quot;desktop&quot;:&quot;&quot;,&quot;tablet&quot;:&quot;&quot;,&quot;phone&quot;:&quot;&quot;},&quot;bgColor&quot;:{&quot;r&quot;:255,&quot;g&quot;:255,&quot;b&quot;:255,&quot;a&quot;:1},&quot;hoverInfo&quot;:[&quot;likes_comments&quot;,&quot;insta_link&quot;],&quot;textColorHover&quot;:{&quot;r&quot;:255,&quot;g&quot;:255,&quot;b&quot;:255,&quot;a&quot;:1},&quot;bgColorHover&quot;:{&quot;r&quot;:0,&quot;g&quot;:0,&quot;b&quot;:0,&quot;a&quot;:0.5},&quot;showHeader&quot;:{&quot;desktop&quot;:true},&quot;headerInfo&quot;:{&quot;desktop&quot;:[&quot;profile_pic&quot;,&quot;bio&quot;]},&quot;headerAccount&quot;:5,&quot;headerStyle&quot;:{&quot;desktop&quot;:&quot;normal&quot;,&quot;phone&quot;:&quot;normal&quot;},&quot;headerTextSize&quot;:{&quot;desktop&quot;:&quot;&quot;},&quot;headerPhotoSize&quot;:{&quot;desktop&quot;:50},&quot;headerTextColor&quot;:{&quot;r&quot;:0,&quot;g&quot;:0,&quot;b&quot;:0,&quot;a&quot;:1},&quot;headerBgColor&quot;:{&quot;r&quot;:255,&quot;g&quot;:255,&quot;b&quot;:255,&quot;a&quot;:0},&quot;headerPadding&quot;:{&quot;desktop&quot;:0,&quot;phone&quot;:0},&quot;customProfilePic&quot;:0,&quot;customBioText&quot;:&quot;&quot;,&quot;includeStories&quot;:false,&quot;storiesInterval&quot;:5,&quot;showCaptions&quot;:{&quot;desktop&quot;:false},&quot;captionMaxLength&quot;:{&quot;desktop&quot;:0},&quot;captionRemoveDots&quot;:false,&quot;captionSize&quot;:{&quot;desktop&quot;:0},&quot;captionColor&quot;:{&quot;r&quot;:0,&quot;g&quot;:0,&quot;b&quot;:0,&quot;a&quot;:1},&quot;showLikes&quot;:{&quot;desktop&quot;:false},&quot;showComments&quot;:{&quot;desktop&quot;:false},&quot;lcIconSize&quot;:{&quot;desktop&quot;:14},&quot;likesIconColor&quot;:{&quot;r&quot;:0,&quot;g&quot;:0,&quot;b&quot;:0,&quot;a&quot;:1},&quot;commentsIconColor&quot;:{&quot;r&quot;:0,&quot;g&quot;:0,&quot;b&quot;:0,&quot;a&quot;:1},&quot;lightboxShowSidebar&quot;:false,&quot;lightboxCtaStyle&quot;:&quot;link&quot;,&quot;lightboxCtaDesign&quot;:{&quot;text&quot;:{&quot;color&quot;:{&quot;r&quot;:0,&quot;g&quot;:0,&quot;b&quot;:0,&quot;a&quot;:1},&quot;align&quot;:&quot;center&quot;},&quot;bgColor&quot;:{&quot;r&quot;:230,&quot;g&quot;:230,&quot;b&quot;:230,&quot;a&quot;:1},&quot;border&quot;:{&quot;radius&quot;:3}},&quot;numLightboxComments&quot;:50,&quot;showLoadMoreBtn&quot;:{&quot;desktop&quot;:true},&quot;loadMoreBtnDesign&quot;:{&quot;text&quot;:{&quot;color&quot;:{&quot;r&quot;:35,&quot;g&quot;:143,&quot;b&quot;:181,&quot;a&quot;:1},&quot;align&quot;:&quot;center&quot;},&quot;border&quot;:{&quot;radius&quot;:3},&quot;bgColor&quot;:{&quot;r&quot;:41,&quot;g&quot;:167,&quot;b&quot;:210,&quot;a&quot;:0.1},&quot;margin&quot;:{&quot;top&quot;:0,&quot;bottom&quot;:0,&quot;left&quot;:0,&quot;right&quot;:0}},&quot;loadMoreBtnText&quot;:&quot;Load More Posts&quot;,&quot;loadMoreBtnScroll&quot;:false,&quot;autoload&quot;:false,&quot;showFollowBtn&quot;:{&quot;desktop&quot;:true},&quot;followBtnText&quot;:&quot;Follow on Instagram&quot;,&quot;followBtnDesign&quot;:{&quot;text&quot;:{&quot;color&quot;:{&quot;r&quot;:255,&quot;g&quot;:255,&quot;b&quot;:255,&quot;a&quot;:1},&quot;align&quot;:&quot;center&quot;},&quot;border&quot;:{&quot;radius&quot;:3},&quot;bgColor&quot;:{&quot;r&quot;:41,&quot;g&quot;:167,&quot;b&quot;:210,&quot;a&quot;:1},&quot;margin&quot;:{&quot;top&quot;:0,&quot;bottom&quot;:0,&quot;left&quot;:0,&quot;right&quot;:0}},&quot;followBtnLocation&quot;:{&quot;desktop&quot;:&quot;header&quot;,&quot;phone&quot;:&quot;bottom&quot;},&quot;alignFooterButtons&quot;:{&quot;desktop&quot;:false},&quot;customCss&quot;:&quot;\\\/* Enter your custom CSS below *\\\/\\n\\n&quot;,&quot;accounts&quot;:[5161],&quot;tagged&quot;:[],&quot;hashtags&quot;:[],&quot;mediaType&quot;:&quot;all&quot;,&quot;hashtagWhitelist&quot;:[&quot;ghrweb&quot;],&quot;hashtagBlacklist&quot;:[],&quot;captionWhitelist&quot;:[],&quot;captionBlacklist&quot;:[],&quot;hashtagWhitelistSettings&quot;:true,&quot;hashtagBlacklistSettings&quot;:true,&quot;captionWhitelistSettings&quot;:true,&quot;captionBlacklistSettings&quot;:true,&quot;moderation&quot;:[],&quot;moderationMode&quot;:&quot;blacklist&quot;,&quot;promosVersion&quot;:2,&quot;promosEnabled&quot;:true,&quot;globalPromosEnabled&quot;:true,&quot;autoPromosEnabled&quot;:true,&quot;promoOverrides&quot;:[],&quot;feedPromo&quot;:{&quot;linkSource&quot;:{&quot;type&quot;:null},&quot;linkBehavior&quot;:{&quot;openNewTab&quot;:false,&quot;showPopupBox&quot;:false},&quot;linkText&quot;:&quot;&quot;},&quot;gaCampaignSource&quot;:&quot;&quot;,&quot;gaCampaignMedium&quot;:&quot;&quot;,&quot;gaCampaignName&quot;:&quot;&quot;}' \/>\n        <input type=\"hidden\" id=\"sli__a__009c9d0e\" data-json='[{&quot;id&quot;:5161,&quot;type&quot;:&quot;PERSONAL&quot;,&quot;userId&quot;:&quot;33336163485998486&quot;,&quot;username&quot;:&quot;gipsyhorsesranch_&quot;,&quot;bio&quot;:&quot;&quot;,&quot;customBio&quot;:&quot;&quot;,&quot;profilePicUrl&quot;:&quot;&quot;,&quot;customProfilePicUrl&quot;:&quot;&quot;,&quot;mediaCount&quot;:&quot;369&quot;,&quot;followersCount&quot;:&quot;0&quot;,&quot;usages&quot;:[],&quot;creationDate&quot;:&quot;2026-01-14 17:08:55&quot;}]' \/>\n        <input type=\"hidden\" id=\"sli__m__009c9d0e\" data-json='[]' \/>\n        <\/div>\n\t\t\t\t\t\t<\/div>\n\t\t\t\t<\/div>\n\t\t\t\t\t<\/div>\n\t\t\t\t<\/div>\n\t\t\t\t<\/div>\n\t\t","protected":false},"excerpt":{"rendered":"<p>Galerie de photos D\u00e9couvrez d\u00e8s \u00e0 pr\u00e9sent quelques-unes de nos photos et vid\u00e9os Instagram.<\/p>\n","protected":false},"author":1,"featured_media":0,"parent":0,"menu_order":0,"comment_status":"closed","ping_status":"closed","template":"","meta":{"site-sidebar-layout":"no-sidebar","site-content-layout":"page-builder","ast-site-content-layout":"full-width-container","site-content-style":"unboxed","site-sidebar-style":"unboxed","ast-global-header-display":"","ast-banner-title-visibility":"","ast-main-header-display":"","ast-hfb-above-header-display":"","ast-hfb-below-header-display":"","ast-hfb-mobile-header-display":"","site-post-title":"disabled","ast-breadcrumbs-content":"","ast-featured-img":"disabled","footer-sml-layout":"","ast-disable-related-posts":"","theme-transparent-header-meta":"","adv-header-id-meta":"","stick-header-meta":"","header-above-stick-meta":"","header-main-stick-meta":"","header-below-stick-meta":"","astra-migrate-meta-layouts":"default","ast-page-background-enabled":"default","ast-page-background-meta":{"desktop":{"background-color":"","background-image":"","background-repeat":"repeat","background-position":"center center","background-size":"auto","background-attachment":"scroll","background-type":"","background-media":"","overlay-type":"","overlay-color":"","overlay-opacity":"","overlay-gradient":""},"tablet":{"background-color":"","background-image":"","background-repeat":"repeat","background-position":"center center","background-size":"auto","background-attachment":"scroll","background-type":"","background-media":"","overlay-type":"","overlay-color":"","overlay-opacity":"","overlay-gradient":""},"mobile":{"background-color":"","background-image":"","background-repeat":"repeat","background-position":"center center","background-size":"auto","background-attachment":"scroll","background-type":"","background-media":"","overlay-type":"","overlay-color":"","overlay-opacity":"","overlay-gradient":""}},"ast-content-background-meta":{"desktop":{"background-color":"var(--ast-global-color-5)","background-image":"","background-repeat":"repeat","background-position":"center center","background-size":"auto","background-attachment":"scroll","background-type":"","background-media":"","overlay-type":"","overlay-color":"","overlay-opacity":"","overlay-gradient":""},"tablet":{"background-color":"var(--ast-global-color-5)","background-image":"","background-repeat":"repeat","background-position":"center center","background-size":"auto","background-attachment":"scroll","background-type":"","background-media":"","overlay-type":"","overlay-color":"","overlay-opacity":"","overlay-gradient":""},"mobile":{"background-color":"var(--ast-global-color-5)","background-image":"","background-repeat":"repeat","background-position":"center center","background-size":"auto","background-attachment":"scroll","background-type":"","background-media":"","overlay-type":"","overlay-color":"","overlay-opacity":"","overlay-gradient":""}},"footnotes":""},"class_list":["post-8774","page","type-page","status-publish","hentry"],"yoast_head":"<!-- This site is optimized with the Yoast SEO plugin v27.2 - https:\/\/yoast.com\/product\/yoast-seo-wordpress\/ -->\n<title>Photos - Gipsy Horses Ranch<\/title>\n<meta name=\"description\" content=\"D\u00e9couvrez la galerie de photos de Gipsy Horses Ranch. Depuis Instagram, voyez des images de nos \u00e9v\u00e9nements western, de nos comp\u00e9titions, de nos le\u00e7ons et de l&#039;atmosph\u00e8re du ranch.\" \/>\n<meta name=\"robots\" content=\"index, follow, max-snippet:-1, max-image-preview:large, max-video-preview:-1\" \/>\n<link rel=\"canonical\" href=\"https:\/\/gipsyhorsesranch.be\/fr\/photos\/\" \/>\n<meta property=\"og:locale\" content=\"fr_FR\" \/>\n<meta property=\"og:type\" content=\"article\" \/>\n<meta property=\"og:title\" content=\"Photos - Gipsy Horses Ranch\" \/>\n<meta property=\"og:description\" content=\"D\u00e9couvrez la galerie de photos de Gipsy Horses Ranch. Depuis Instagram, voyez des images de nos \u00e9v\u00e9nements western, de nos comp\u00e9titions, de nos le\u00e7ons et de l&#039;atmosph\u00e8re du ranch.\" \/>\n<meta property=\"og:url\" content=\"https:\/\/gipsyhorsesranch.be\/fr\/photos\/\" \/>\n<meta property=\"og:site_name\" content=\"Gipsy Horses Ranch\" \/>\n<meta property=\"article:publisher\" content=\"https:\/\/www.facebook.com\/gipsyhorsesrodeo.ghr\" \/>\n<meta property=\"article:modified_time\" content=\"2026-03-01T10:54:52+00:00\" \/>\n<meta name=\"twitter:card\" content=\"summary_large_image\" \/>\n<script type=\"application\/ld+json\" class=\"yoast-schema-graph\">{\"@context\":\"https:\/\/schema.org\",\"@graph\":[{\"@type\":\"WebPage\",\"@id\":\"https:\/\/gipsyhorsesranch.be\/fr\/photos\/\",\"url\":\"https:\/\/gipsyhorsesranch.be\/fr\/photos\/\",\"name\":\"Photos - Gipsy Horses Ranch\",\"isPartOf\":{\"@id\":\"https:\/\/gipsyhorsesranch.be\/fr\/#website\"},\"datePublished\":\"2025-09-25T10:14:51+00:00\",\"dateModified\":\"2026-03-01T10:54:52+00:00\",\"description\":\"D\u00e9couvrez la galerie de photos de Gipsy Horses Ranch. Depuis Instagram, voyez des images de nos \u00e9v\u00e9nements western, de nos comp\u00e9titions, de nos le\u00e7ons et de l'atmosph\u00e8re du ranch.\",\"breadcrumb\":{\"@id\":\"https:\/\/gipsyhorsesranch.be\/fr\/photos\/#breadcrumb\"},\"inLanguage\":\"fr-FR\",\"potentialAction\":[{\"@type\":\"ReadAction\",\"target\":[\"https:\/\/gipsyhorsesranch.be\/fr\/photos\/\"]}]},{\"@type\":\"BreadcrumbList\",\"@id\":\"https:\/\/gipsyhorsesranch.be\/fr\/photos\/#breadcrumb\",\"itemListElement\":[{\"@type\":\"ListItem\",\"position\":1,\"name\":\"Home\",\"item\":\"https:\/\/gipsyhorsesranch.be\/fr\/\"},{\"@type\":\"ListItem\",\"position\":2,\"name\":\"Photos\"}]},{\"@type\":\"WebSite\",\"@id\":\"https:\/\/gipsyhorsesranch.be\/fr\/#website\",\"url\":\"https:\/\/gipsyhorsesranch.be\/fr\/\",\"name\":\"Gipsy Horses Ranch\",\"description\":\"Waar de sfeer van het Wilde Westen tot leven komt.\",\"publisher\":{\"@id\":\"https:\/\/gipsyhorsesranch.be\/fr\/#organization\"},\"potentialAction\":[{\"@type\":\"SearchAction\",\"target\":{\"@type\":\"EntryPoint\",\"urlTemplate\":\"https:\/\/gipsyhorsesranch.be\/fr\/?s={search_term_string}\"},\"query-input\":{\"@type\":\"PropertyValueSpecification\",\"valueRequired\":true,\"valueName\":\"search_term_string\"}}],\"inLanguage\":\"fr-FR\"},{\"@type\":\"Organization\",\"@id\":\"https:\/\/gipsyhorsesranch.be\/fr\/#organization\",\"name\":\"Gipsy Horses Ranch\",\"url\":\"https:\/\/gipsyhorsesranch.be\/fr\/\",\"logo\":{\"@type\":\"ImageObject\",\"inLanguage\":\"fr-FR\",\"@id\":\"https:\/\/gipsyhorsesranch.be\/fr\/#\/schema\/logo\/image\/\",\"url\":\"https:\/\/gipsyhorsesranch.be\/wp-content\/uploads\/2025\/08\/logo-oud-e1771412031786.webp\",\"contentUrl\":\"https:\/\/gipsyhorsesranch.be\/wp-content\/uploads\/2025\/08\/logo-oud-e1771412031786.webp\",\"width\":117,\"height\":108,\"caption\":\"Gipsy Horses Ranch\"},\"image\":{\"@id\":\"https:\/\/gipsyhorsesranch.be\/fr\/#\/schema\/logo\/image\/\"},\"sameAs\":[\"https:\/\/www.facebook.com\/gipsyhorsesrodeo.ghr\",\"https:\/\/www.instagram.com\/gipsyhorsesranch_\/\"]}]}<\/script>\n<!-- \/ Yoast SEO plugin. -->","yoast_head_json":{"title":"Photos - Gipsy Horses Ranch","description":"D\u00e9couvrez la galerie de photos de Gipsy Horses Ranch. Depuis Instagram, voyez des images de nos \u00e9v\u00e9nements western, de nos comp\u00e9titions, de nos le\u00e7ons et de l'atmosph\u00e8re du ranch.","robots":{"index":"index","follow":"follow","max-snippet":"max-snippet:-1","max-image-preview":"max-image-preview:large","max-video-preview":"max-video-preview:-1"},"canonical":"https:\/\/gipsyhorsesranch.be\/fr\/photos\/","og_locale":"fr_FR","og_type":"article","og_title":"Photos - Gipsy Horses Ranch","og_description":"D\u00e9couvrez la galerie de photos de Gipsy Horses Ranch. Depuis Instagram, voyez des images de nos \u00e9v\u00e9nements western, de nos comp\u00e9titions, de nos le\u00e7ons et de l'atmosph\u00e8re du ranch.","og_url":"https:\/\/gipsyhorsesranch.be\/fr\/photos\/","og_site_name":"Gipsy Horses Ranch","article_publisher":"https:\/\/www.facebook.com\/gipsyhorsesrodeo.ghr","article_modified_time":"2026-03-01T10:54:52+00:00","twitter_card":"summary_large_image","schema":{"@context":"https:\/\/schema.org","@graph":[{"@type":"WebPage","@id":"https:\/\/gipsyhorsesranch.be\/fr\/photos\/","url":"https:\/\/gipsyhorsesranch.be\/fr\/photos\/","name":"Photos - Gipsy Horses Ranch","isPartOf":{"@id":"https:\/\/gipsyhorsesranch.be\/fr\/#website"},"datePublished":"2025-09-25T10:14:51+00:00","dateModified":"2026-03-01T10:54:52+00:00","description":"D\u00e9couvrez la galerie de photos de Gipsy Horses Ranch. Depuis Instagram, voyez des images de nos \u00e9v\u00e9nements western, de nos comp\u00e9titions, de nos le\u00e7ons et de l'atmosph\u00e8re du ranch.","breadcrumb":{"@id":"https:\/\/gipsyhorsesranch.be\/fr\/photos\/#breadcrumb"},"inLanguage":"fr-FR","potentialAction":[{"@type":"ReadAction","target":["https:\/\/gipsyhorsesranch.be\/fr\/photos\/"]}]},{"@type":"BreadcrumbList","@id":"https:\/\/gipsyhorsesranch.be\/fr\/photos\/#breadcrumb","itemListElement":[{"@type":"ListItem","position":1,"name":"Home","item":"https:\/\/gipsyhorsesranch.be\/fr\/"},{"@type":"ListItem","position":2,"name":"Photos"}]},{"@type":"WebSite","@id":"https:\/\/gipsyhorsesranch.be\/fr\/#website","url":"https:\/\/gipsyhorsesranch.be\/fr\/","name":"Gipsy Horses Ranch","description":"Waar de sfeer van het Wilde Westen tot leven komt.","publisher":{"@id":"https:\/\/gipsyhorsesranch.be\/fr\/#organization"},"potentialAction":[{"@type":"SearchAction","target":{"@type":"EntryPoint","urlTemplate":"https:\/\/gipsyhorsesranch.be\/fr\/?s={search_term_string}"},"query-input":{"@type":"PropertyValueSpecification","valueRequired":true,"valueName":"search_term_string"}}],"inLanguage":"fr-FR"},{"@type":"Organization","@id":"https:\/\/gipsyhorsesranch.be\/fr\/#organization","name":"Gipsy Horses Ranch","url":"https:\/\/gipsyhorsesranch.be\/fr\/","logo":{"@type":"ImageObject","inLanguage":"fr-FR","@id":"https:\/\/gipsyhorsesranch.be\/fr\/#\/schema\/logo\/image\/","url":"https:\/\/gipsyhorsesranch.be\/wp-content\/uploads\/2025\/08\/logo-oud-e1771412031786.webp","contentUrl":"https:\/\/gipsyhorsesranch.be\/wp-content\/uploads\/2025\/08\/logo-oud-e1771412031786.webp","width":117,"height":108,"caption":"Gipsy Horses Ranch"},"image":{"@id":"https:\/\/gipsyhorsesranch.be\/fr\/#\/schema\/logo\/image\/"},"sameAs":["https:\/\/www.facebook.com\/gipsyhorsesrodeo.ghr","https:\/\/www.instagram.com\/gipsyhorsesranch_\/"]}]}},"_links":{"self":[{"href":"https:\/\/gipsyhorsesranch.be\/fr\/wp-json\/wp\/v2\/pages\/8774","targetHints":{"allow":["GET"]}}],"collection":[{"href":"https:\/\/gipsyhorsesranch.be\/fr\/wp-json\/wp\/v2\/pages"}],"about":[{"href":"https:\/\/gipsyhorsesranch.be\/fr\/wp-json\/wp\/v2\/types\/page"}],"author":[{"embeddable":true,"href":"https:\/\/gipsyhorsesranch.be\/fr\/wp-json\/wp\/v2\/users\/1"}],"replies":[{"embeddable":true,"href":"https:\/\/gipsyhorsesranch.be\/fr\/wp-json\/wp\/v2\/comments?post=8774"}],"version-history":[{"count":3,"href":"https:\/\/gipsyhorsesranch.be\/fr\/wp-json\/wp\/v2\/pages\/8774\/revisions"}],"predecessor-version":[{"id":9628,"href":"https:\/\/gipsyhorsesranch.be\/fr\/wp-json\/wp\/v2\/pages\/8774\/revisions\/9628"}],"wp:attachment":[{"href":"https:\/\/gipsyhorsesranch.be\/fr\/wp-json\/wp\/v2\/media?parent=8774"}],"curies":[{"name":"wp","href":"https:\/\/api.w.org\/{rel}","templated":true}]}}