{"id":8890,"date":"2025-10-02T15:07:31","date_gmt":"2025-10-02T13:07:31","guid":{"rendered":"https:\/\/gipsyhorsesranch.be\/rodeo-pour-enfants\/"},"modified":"2026-02-26T23:27:05","modified_gmt":"2026-02-26T22:27:05","slug":"rodeo-pour-enfants","status":"publish","type":"page","link":"https:\/\/gipsyhorsesranch.be\/fr\/rodeo-pour-enfants\/","title":{"rendered":"Rod\u00e9o pour enfants"},"content":{"rendered":"\t\t<div data-elementor-type=\"wp-page\" data-elementor-id=\"8890\" class=\"elementor elementor-8890 elementor-3593\" data-elementor-post-type=\"page\">\n\t\t\t\t<div class=\"elementor-element elementor-element-7cc51226 e-flex e-con-boxed e-con e-parent\" data-id=\"7cc51226\" data-element_type=\"container\" data-e-type=\"container\" data-settings=\"{&quot;background_background&quot;:&quot;classic&quot;}\">\n\t\t\t\t\t<div class=\"e-con-inner\">\n\t\t<div class=\"elementor-element elementor-element-27f7644f e-con-full e-flex e-con e-child\" data-id=\"27f7644f\" data-element_type=\"container\" data-e-type=\"container\">\n\t\t\t\t<div class=\"elementor-element elementor-element-6fb881a9 elementor-widget elementor-widget-heading\" data-id=\"6fb881a9\" data-element_type=\"widget\" data-e-type=\"widget\" data-widget_type=\"heading.default\">\n\t\t\t\t<div class=\"elementor-widget-container\">\n\t\t\t\t\t<h1 class=\"elementor-heading-title elementor-size-default\">Rod\u00e9o pour enfants - 25 avril 2026<\/h1>\t\t\t\t<\/div>\n\t\t\t\t<\/div>\n\t\t\t\t<div class=\"elementor-element elementor-element-410c5874 elementor-widget elementor-widget-image\" data-id=\"410c5874\" data-element_type=\"widget\" data-e-type=\"widget\" data-widget_type=\"image.default\">\n\t\t\t\t<div class=\"elementor-widget-container\">\n\t\t\t\t\t\t\t\t\t\t\t\t\t\t\t<img fetchpriority=\"high\" decoding=\"async\" width=\"724\" height=\"1024\" src=\"https:\/\/gipsyhorsesranch.be\/wp-content\/uploads\/2026\/02\/poster-KR-724x1024.jpeg\" class=\"attachment-large size-large wp-image-8740\" alt=\"\" srcset=\"https:\/\/gipsyhorsesranch.be\/wp-content\/uploads\/2026\/02\/poster-KR-724x1024.jpeg 724w, https:\/\/gipsyhorsesranch.be\/wp-content\/uploads\/2026\/02\/poster-KR-212x300.jpeg 212w, https:\/\/gipsyhorsesranch.be\/wp-content\/uploads\/2026\/02\/poster-KR-768x1086.jpeg 768w, https:\/\/gipsyhorsesranch.be\/wp-content\/uploads\/2026\/02\/poster-KR-1086x1536.jpeg 1086w, https:\/\/gipsyhorsesranch.be\/wp-content\/uploads\/2026\/02\/poster-KR-600x849.jpeg 600w, https:\/\/gipsyhorsesranch.be\/wp-content\/uploads\/2026\/02\/poster-KR.jpeg 1131w\" sizes=\"(max-width: 724px) 100vw, 724px\" \/>\t\t\t\t\t\t\t\t\t\t\t\t\t\t\t<\/div>\n\t\t\t\t<\/div>\n\t\t\t\t<div class=\"elementor-element elementor-element-a0b7d51 elementor-align-center elementor-widget elementor-widget-button\" data-id=\"a0b7d51\" data-element_type=\"widget\" data-e-type=\"widget\" data-widget_type=\"button.default\">\n\t\t\t\t<div class=\"elementor-widget-container\">\n\t\t\t\t\t\t\t\t\t<div class=\"elementor-button-wrapper\">\n\t\t\t\t\t<a class=\"elementor-button elementor-button-link elementor-size-sm\" href=\"https:\/\/shop.paylogic.com\/69595d812222483e830fe387aaef4045\">\n\t\t\t\t\t\t<span class=\"elementor-button-content-wrapper\">\n\t\t\t\t\t\t\t\t\t<span class=\"elementor-button-text\">Billets<\/span>\n\t\t\t\t\t<\/span>\n\t\t\t\t\t<\/a>\n\t\t\t\t<\/div>\n\t\t\t\t\t\t\t\t<\/div>\n\t\t\t\t<\/div>\n\t\t<div class=\"elementor-element elementor-element-64b9cbae e-con-full e-flex e-con e-child\" data-id=\"64b9cbae\" data-element_type=\"container\" data-e-type=\"container\" data-settings=\"{&quot;background_background&quot;:&quot;classic&quot;}\">\n\t\t\t\t<div class=\"elementor-element elementor-element-10641ba8 elementor-widget elementor-widget-heading\" data-id=\"10641ba8\" data-element_type=\"widget\" data-e-type=\"widget\" data-widget_type=\"heading.default\">\n\t\t\t\t<div class=\"elementor-widget-container\">\n\t\t\t\t\t<h3 class=\"elementor-heading-title elementor-size-default\">Qu'est-ce que le rod\u00e9o pour enfants ?<\/h3>\t\t\t\t<\/div>\n\t\t\t\t<\/div>\n\t\t\t\t<div class=\"elementor-element elementor-element-31e3d110 elementor-widget elementor-widget-text-editor\" data-id=\"31e3d110\" data-element_type=\"widget\" data-e-type=\"widget\" data-widget_type=\"text-editor.default\">\n\t\t\t\t<div class=\"elementor-widget-container\">\n\t\t\t\t\t\t\t\t\t<p><span style=\"font-weight: 400;\">Le Kids Rodeo est un spectacle familial unique, plein d&rsquo;amusement, d&rsquo;aventure et d&rsquo;ambiance western. C&rsquo;est le jour o\u00f9 les enfants brillent dans l&rsquo;ar\u00e8ne et o\u00f9 les parents applaudissent fi\u00e8rement sur les lignes de touche. <\/span><\/p><p><span style=\"font-weight: 400;\">\u00c0 quoi pouvez-vous vous attendre ?<\/span><\/p><ul><li style=\"font-weight: 400;\" aria-level=\"1\"><span style=\"font-weight: 400;\">Les enfants sous les feux de la rampe lors de v\u00e9ritables num\u00e9ros de rod\u00e9o<\/span><\/li><li style=\"font-weight: 400;\" aria-level=\"1\"><span style=\"font-weight: 400;\">Animation des bords<\/span><\/li><li aria-level=\"1\">Alimentation et boissons<\/li><\/ul>\t\t\t\t\t\t\t\t<\/div>\n\t\t\t\t<\/div>\n\t\t\t\t<\/div>\n\t\t<div class=\"elementor-element elementor-element-ef5a98d e-con-full e-flex e-con e-child\" data-id=\"ef5a98d\" data-element_type=\"container\" data-e-type=\"container\" data-settings=\"{&quot;background_background&quot;:&quot;classic&quot;}\">\n\t\t\t\t<div class=\"elementor-element elementor-element-2ed83f8f elementor-widget elementor-widget-heading\" data-id=\"2ed83f8f\" data-element_type=\"widget\" data-e-type=\"widget\" data-widget_type=\"heading.default\">\n\t\t\t\t<div class=\"elementor-widget-container\">\n\t\t\t\t\t<h3 class=\"elementor-heading-title elementor-size-default\">Quand a lieu le rod\u00e9o pour enfants ?<\/h3>\t\t\t\t<\/div>\n\t\t\t\t<\/div>\n\t\t\t\t<div class=\"elementor-element elementor-element-2a8d922c elementor-widget elementor-widget-text-editor\" data-id=\"2a8d922c\" data-element_type=\"widget\" data-e-type=\"widget\" data-widget_type=\"text-editor.default\">\n\t\t\t\t<div class=\"elementor-widget-container\">\n\t\t\t\t\t\t\t\t\t<p>Le rod\u00e9o pour enfants aura lieu le lendemain au Gipsy Horses Ranch \u00e0 Westerlo :<\/p><ul><li><b>Samedi 25 avril 2026<\/b><\/li><\/ul><p><b>La vente des billets commence le d<\/b><b>i 13\/03\/2026 \u00e0 10 heures<\/b><\/p><p>Une journ\u00e9e pleine de rires, d&rsquo;apprentissage et d&rsquo;exp\u00e9riences. La sortie en famille o\u00f9 les enfants sont vraiment les vedettes ! <\/p>\t\t\t\t\t\t\t\t<\/div>\n\t\t\t\t<\/div>\n\t\t\t\t<\/div>\n\t\t\t\t<\/div>\n\t\t<div class=\"elementor-element elementor-element-48618221 e-con-full e-flex e-con e-child\" data-id=\"48618221\" data-element_type=\"container\" data-e-type=\"container\">\n\t\t\t\t<div class=\"elementor-element elementor-element-2bbf842f elementor-align-center elementor-widget elementor-widget-button\" data-id=\"2bbf842f\" data-element_type=\"widget\" data-e-type=\"widget\" data-widget_type=\"button.default\">\n\t\t\t\t<div class=\"elementor-widget-container\">\n\t\t\t\t\t\t\t\t\t<div class=\"elementor-button-wrapper\">\n\t\t\t\t\t<a class=\"elementor-button elementor-button-link elementor-size-sm\" href=\"https:\/\/shop.paylogic.com\/69595d812222483e830fe387aaef4045\">\n\t\t\t\t\t\t<span class=\"elementor-button-content-wrapper\">\n\t\t\t\t\t\t\t\t\t<span class=\"elementor-button-text\">Billets<\/span>\n\t\t\t\t\t<\/span>\n\t\t\t\t\t<\/a>\n\t\t\t\t<\/div>\n\t\t\t\t\t\t\t\t<\/div>\n\t\t\t\t<\/div>\n\t\t\t\t<\/div>\n\t\t\t\t\t<\/div>\n\t\t\t\t<\/div>\n\t\t\t\t<\/div>\n\t\t","protected":false},"excerpt":{"rendered":"<p>Rod\u00e9o pour enfants &#8211; 25 avril 2026 Billets Qu&rsquo;est-ce que le rod\u00e9o pour enfants ? Le Kids Rodeo est un spectacle familial unique, plein d&rsquo;amusement, d&rsquo;aventure et d&rsquo;ambiance western. C&rsquo;est le jour o\u00f9 les enfants brillent dans l&rsquo;ar\u00e8ne et o\u00f9 les parents applaudissent fi\u00e8rement sur les lignes de touche. \u00c0 quoi pouvez-vous vous attendre ? [&hellip;]<\/p>\n","protected":false},"author":1,"featured_media":0,"parent":0,"menu_order":0,"comment_status":"closed","ping_status":"closed","template":"","meta":{"site-sidebar-layout":"no-sidebar","site-content-layout":"page-builder","ast-site-content-layout":"full-width-container","site-content-style":"default","site-sidebar-style":"default","ast-global-header-display":"","ast-banner-title-visibility":"","ast-main-header-display":"","ast-hfb-above-header-display":"","ast-hfb-below-header-display":"","ast-hfb-mobile-header-display":"","site-post-title":"disabled","ast-breadcrumbs-content":"","ast-featured-img":"disabled","footer-sml-layout":"","ast-disable-related-posts":"","theme-transparent-header-meta":"","adv-header-id-meta":"","stick-header-meta":"","header-above-stick-meta":"","header-main-stick-meta":"","header-below-stick-meta":"","astra-migrate-meta-layouts":"default","ast-page-background-enabled":"default","ast-page-background-meta":{"desktop":{"background-color":"","background-image":"","background-repeat":"repeat","background-position":"center center","background-size":"auto","background-attachment":"scroll","background-type":"","background-media":"","overlay-type":"","overlay-color":"","overlay-opacity":"","overlay-gradient":""},"tablet":{"background-color":"","background-image":"","background-repeat":"repeat","background-position":"center center","background-size":"auto","background-attachment":"scroll","background-type":"","background-media":"","overlay-type":"","overlay-color":"","overlay-opacity":"","overlay-gradient":""},"mobile":{"background-color":"","background-image":"","background-repeat":"repeat","background-position":"center center","background-size":"auto","background-attachment":"scroll","background-type":"","background-media":"","overlay-type":"","overlay-color":"","overlay-opacity":"","overlay-gradient":""}},"ast-content-background-meta":{"desktop":{"background-color":"var(--ast-global-color-5)","background-image":"","background-repeat":"repeat","background-position":"center center","background-size":"auto","background-attachment":"scroll","background-type":"","background-media":"","overlay-type":"","overlay-color":"","overlay-opacity":"","overlay-gradient":""},"tablet":{"background-color":"var(--ast-global-color-5)","background-image":"","background-repeat":"repeat","background-position":"center center","background-size":"auto","background-attachment":"scroll","background-type":"","background-media":"","overlay-type":"","overlay-color":"","overlay-opacity":"","overlay-gradient":""},"mobile":{"background-color":"var(--ast-global-color-5)","background-image":"","background-repeat":"repeat","background-position":"center center","background-size":"auto","background-attachment":"scroll","background-type":"","background-media":"","overlay-type":"","overlay-color":"","overlay-opacity":"","overlay-gradient":""}},"footnotes":""},"class_list":["post-8890","page","type-page","status-publish","hentry"],"yoast_head":"<!-- This site is optimized with the Yoast SEO plugin v27.2 - https:\/\/yoast.com\/product\/yoast-seo-wordpress\/ -->\n<title>Rod\u00e9o pour enfants - Gipsy Horses Ranch<\/title>\n<meta name=\"robots\" content=\"index, follow, max-snippet:-1, max-image-preview:large, max-video-preview:-1\" \/>\n<link rel=\"canonical\" href=\"https:\/\/gipsyhorsesranch.be\/fr\/rodeo-pour-enfants\/\" \/>\n<meta property=\"og:locale\" content=\"fr_FR\" \/>\n<meta property=\"og:type\" content=\"article\" \/>\n<meta property=\"og:title\" content=\"Rod\u00e9o pour enfants - Gipsy Horses Ranch\" \/>\n<meta property=\"og:description\" content=\"Rod\u00e9o pour enfants &#8211; 25 avril 2026 Billets Qu&rsquo;est-ce que le rod\u00e9o pour enfants ? Le Kids Rodeo est un spectacle familial unique, plein d&rsquo;amusement, d&rsquo;aventure et d&rsquo;ambiance western. C&rsquo;est le jour o\u00f9 les enfants brillent dans l&rsquo;ar\u00e8ne et o\u00f9 les parents applaudissent fi\u00e8rement sur les lignes de touche. \u00c0 quoi pouvez-vous vous attendre ? [&hellip;]\" \/>\n<meta property=\"og:url\" content=\"https:\/\/gipsyhorsesranch.be\/fr\/rodeo-pour-enfants\/\" \/>\n<meta property=\"og:site_name\" content=\"Gipsy Horses Ranch\" \/>\n<meta property=\"article:publisher\" content=\"https:\/\/www.facebook.com\/gipsyhorsesrodeo.ghr\" \/>\n<meta property=\"article:modified_time\" content=\"2026-02-26T22:27:05+00:00\" \/>\n<meta property=\"og:image\" content=\"https:\/\/gipsyhorsesranch.be\/wp-content\/uploads\/2026\/02\/poster-KR.jpeg\" \/>\n\t<meta property=\"og:image:width\" content=\"1131\" \/>\n\t<meta property=\"og:image:height\" content=\"1600\" \/>\n\t<meta property=\"og:image:type\" content=\"image\/jpeg\" \/>\n<meta name=\"twitter:card\" content=\"summary_large_image\" \/>\n<meta name=\"twitter:label1\" content=\"Dur\u00e9e de lecture estim\u00e9e\" \/>\n\t<meta name=\"twitter:data1\" content=\"1 minute\" \/>\n<script type=\"application\/ld+json\" class=\"yoast-schema-graph\">{\"@context\":\"https:\/\/schema.org\",\"@graph\":[{\"@type\":\"WebPage\",\"@id\":\"https:\/\/gipsyhorsesranch.be\/fr\/rodeo-pour-enfants\/\",\"url\":\"https:\/\/gipsyhorsesranch.be\/fr\/rodeo-pour-enfants\/\",\"name\":\"Rod\u00e9o pour enfants - Gipsy Horses Ranch\",\"isPartOf\":{\"@id\":\"https:\/\/gipsyhorsesranch.be\/fr\/#website\"},\"primaryImageOfPage\":{\"@id\":\"https:\/\/gipsyhorsesranch.be\/fr\/rodeo-pour-enfants\/#primaryimage\"},\"image\":{\"@id\":\"https:\/\/gipsyhorsesranch.be\/fr\/rodeo-pour-enfants\/#primaryimage\"},\"thumbnailUrl\":\"https:\/\/gipsyhorsesranch.be\/wp-content\/uploads\/2026\/02\/poster-KR-724x1024.jpeg\",\"datePublished\":\"2025-10-02T13:07:31+00:00\",\"dateModified\":\"2026-02-26T22:27:05+00:00\",\"breadcrumb\":{\"@id\":\"https:\/\/gipsyhorsesranch.be\/fr\/rodeo-pour-enfants\/#breadcrumb\"},\"inLanguage\":\"fr-FR\",\"potentialAction\":[{\"@type\":\"ReadAction\",\"target\":[\"https:\/\/gipsyhorsesranch.be\/fr\/rodeo-pour-enfants\/\"]}]},{\"@type\":\"ImageObject\",\"inLanguage\":\"fr-FR\",\"@id\":\"https:\/\/gipsyhorsesranch.be\/fr\/rodeo-pour-enfants\/#primaryimage\",\"url\":\"https:\/\/gipsyhorsesranch.be\/wp-content\/uploads\/2026\/02\/poster-KR-724x1024.jpeg\",\"contentUrl\":\"https:\/\/gipsyhorsesranch.be\/wp-content\/uploads\/2026\/02\/poster-KR-724x1024.jpeg\"},{\"@type\":\"BreadcrumbList\",\"@id\":\"https:\/\/gipsyhorsesranch.be\/fr\/rodeo-pour-enfants\/#breadcrumb\",\"itemListElement\":[{\"@type\":\"ListItem\",\"position\":1,\"name\":\"Home\",\"item\":\"https:\/\/gipsyhorsesranch.be\/fr\/\"},{\"@type\":\"ListItem\",\"position\":2,\"name\":\"Rod\u00e9o pour enfants\"}]},{\"@type\":\"WebSite\",\"@id\":\"https:\/\/gipsyhorsesranch.be\/fr\/#website\",\"url\":\"https:\/\/gipsyhorsesranch.be\/fr\/\",\"name\":\"Gipsy Horses Ranch\",\"description\":\"Waar de sfeer van het Wilde Westen tot leven komt.\",\"publisher\":{\"@id\":\"https:\/\/gipsyhorsesranch.be\/fr\/#organization\"},\"potentialAction\":[{\"@type\":\"SearchAction\",\"target\":{\"@type\":\"EntryPoint\",\"urlTemplate\":\"https:\/\/gipsyhorsesranch.be\/fr\/?s={search_term_string}\"},\"query-input\":{\"@type\":\"PropertyValueSpecification\",\"valueRequired\":true,\"valueName\":\"search_term_string\"}}],\"inLanguage\":\"fr-FR\"},{\"@type\":\"Organization\",\"@id\":\"https:\/\/gipsyhorsesranch.be\/fr\/#organization\",\"name\":\"Gipsy Horses Ranch\",\"url\":\"https:\/\/gipsyhorsesranch.be\/fr\/\",\"logo\":{\"@type\":\"ImageObject\",\"inLanguage\":\"fr-FR\",\"@id\":\"https:\/\/gipsyhorsesranch.be\/fr\/#\/schema\/logo\/image\/\",\"url\":\"https:\/\/gipsyhorsesranch.be\/wp-content\/uploads\/2025\/08\/logo-oud-e1771412031786.webp\",\"contentUrl\":\"https:\/\/gipsyhorsesranch.be\/wp-content\/uploads\/2025\/08\/logo-oud-e1771412031786.webp\",\"width\":117,\"height\":108,\"caption\":\"Gipsy Horses Ranch\"},\"image\":{\"@id\":\"https:\/\/gipsyhorsesranch.be\/fr\/#\/schema\/logo\/image\/\"},\"sameAs\":[\"https:\/\/www.facebook.com\/gipsyhorsesrodeo.ghr\",\"https:\/\/www.instagram.com\/gipsyhorsesranch_\/\"]}]}<\/script>\n<!-- \/ Yoast SEO plugin. -->","yoast_head_json":{"title":"Rod\u00e9o pour enfants - Gipsy Horses Ranch","robots":{"index":"index","follow":"follow","max-snippet":"max-snippet:-1","max-image-preview":"max-image-preview:large","max-video-preview":"max-video-preview:-1"},"canonical":"https:\/\/gipsyhorsesranch.be\/fr\/rodeo-pour-enfants\/","og_locale":"fr_FR","og_type":"article","og_title":"Rod\u00e9o pour enfants - Gipsy Horses Ranch","og_description":"Rod\u00e9o pour enfants &#8211; 25 avril 2026 Billets Qu&rsquo;est-ce que le rod\u00e9o pour enfants ? Le Kids Rodeo est un spectacle familial unique, plein d&rsquo;amusement, d&rsquo;aventure et d&rsquo;ambiance western. C&rsquo;est le jour o\u00f9 les enfants brillent dans l&rsquo;ar\u00e8ne et o\u00f9 les parents applaudissent fi\u00e8rement sur les lignes de touche. \u00c0 quoi pouvez-vous vous attendre ? [&hellip;]","og_url":"https:\/\/gipsyhorsesranch.be\/fr\/rodeo-pour-enfants\/","og_site_name":"Gipsy Horses Ranch","article_publisher":"https:\/\/www.facebook.com\/gipsyhorsesrodeo.ghr","article_modified_time":"2026-02-26T22:27:05+00:00","og_image":[{"width":1131,"height":1600,"url":"https:\/\/gipsyhorsesranch.be\/wp-content\/uploads\/2026\/02\/poster-KR.jpeg","type":"image\/jpeg"}],"twitter_card":"summary_large_image","twitter_misc":{"Dur\u00e9e de lecture estim\u00e9e":"1 minute"},"schema":{"@context":"https:\/\/schema.org","@graph":[{"@type":"WebPage","@id":"https:\/\/gipsyhorsesranch.be\/fr\/rodeo-pour-enfants\/","url":"https:\/\/gipsyhorsesranch.be\/fr\/rodeo-pour-enfants\/","name":"Rod\u00e9o pour enfants - Gipsy Horses Ranch","isPartOf":{"@id":"https:\/\/gipsyhorsesranch.be\/fr\/#website"},"primaryImageOfPage":{"@id":"https:\/\/gipsyhorsesranch.be\/fr\/rodeo-pour-enfants\/#primaryimage"},"image":{"@id":"https:\/\/gipsyhorsesranch.be\/fr\/rodeo-pour-enfants\/#primaryimage"},"thumbnailUrl":"https:\/\/gipsyhorsesranch.be\/wp-content\/uploads\/2026\/02\/poster-KR-724x1024.jpeg","datePublished":"2025-10-02T13:07:31+00:00","dateModified":"2026-02-26T22:27:05+00:00","breadcrumb":{"@id":"https:\/\/gipsyhorsesranch.be\/fr\/rodeo-pour-enfants\/#breadcrumb"},"inLanguage":"fr-FR","potentialAction":[{"@type":"ReadAction","target":["https:\/\/gipsyhorsesranch.be\/fr\/rodeo-pour-enfants\/"]}]},{"@type":"ImageObject","inLanguage":"fr-FR","@id":"https:\/\/gipsyhorsesranch.be\/fr\/rodeo-pour-enfants\/#primaryimage","url":"https:\/\/gipsyhorsesranch.be\/wp-content\/uploads\/2026\/02\/poster-KR-724x1024.jpeg","contentUrl":"https:\/\/gipsyhorsesranch.be\/wp-content\/uploads\/2026\/02\/poster-KR-724x1024.jpeg"},{"@type":"BreadcrumbList","@id":"https:\/\/gipsyhorsesranch.be\/fr\/rodeo-pour-enfants\/#breadcrumb","itemListElement":[{"@type":"ListItem","position":1,"name":"Home","item":"https:\/\/gipsyhorsesranch.be\/fr\/"},{"@type":"ListItem","position":2,"name":"Rod\u00e9o pour enfants"}]},{"@type":"WebSite","@id":"https:\/\/gipsyhorsesranch.be\/fr\/#website","url":"https:\/\/gipsyhorsesranch.be\/fr\/","name":"Gipsy Horses Ranch","description":"Waar de sfeer van het Wilde Westen tot leven komt.","publisher":{"@id":"https:\/\/gipsyhorsesranch.be\/fr\/#organization"},"potentialAction":[{"@type":"SearchAction","target":{"@type":"EntryPoint","urlTemplate":"https:\/\/gipsyhorsesranch.be\/fr\/?s={search_term_string}"},"query-input":{"@type":"PropertyValueSpecification","valueRequired":true,"valueName":"search_term_string"}}],"inLanguage":"fr-FR"},{"@type":"Organization","@id":"https:\/\/gipsyhorsesranch.be\/fr\/#organization","name":"Gipsy Horses Ranch","url":"https:\/\/gipsyhorsesranch.be\/fr\/","logo":{"@type":"ImageObject","inLanguage":"fr-FR","@id":"https:\/\/gipsyhorsesranch.be\/fr\/#\/schema\/logo\/image\/","url":"https:\/\/gipsyhorsesranch.be\/wp-content\/uploads\/2025\/08\/logo-oud-e1771412031786.webp","contentUrl":"https:\/\/gipsyhorsesranch.be\/wp-content\/uploads\/2025\/08\/logo-oud-e1771412031786.webp","width":117,"height":108,"caption":"Gipsy Horses Ranch"},"image":{"@id":"https:\/\/gipsyhorsesranch.be\/fr\/#\/schema\/logo\/image\/"},"sameAs":["https:\/\/www.facebook.com\/gipsyhorsesrodeo.ghr","https:\/\/www.instagram.com\/gipsyhorsesranch_\/"]}]}},"_links":{"self":[{"href":"https:\/\/gipsyhorsesranch.be\/fr\/wp-json\/wp\/v2\/pages\/8890","targetHints":{"allow":["GET"]}}],"collection":[{"href":"https:\/\/gipsyhorsesranch.be\/fr\/wp-json\/wp\/v2\/pages"}],"about":[{"href":"https:\/\/gipsyhorsesranch.be\/fr\/wp-json\/wp\/v2\/types\/page"}],"author":[{"embeddable":true,"href":"https:\/\/gipsyhorsesranch.be\/fr\/wp-json\/wp\/v2\/users\/1"}],"replies":[{"embeddable":true,"href":"https:\/\/gipsyhorsesranch.be\/fr\/wp-json\/wp\/v2\/comments?post=8890"}],"version-history":[{"count":3,"href":"https:\/\/gipsyhorsesranch.be\/fr\/wp-json\/wp\/v2\/pages\/8890\/revisions"}],"predecessor-version":[{"id":9647,"href":"https:\/\/gipsyhorsesranch.be\/fr\/wp-json\/wp\/v2\/pages\/8890\/revisions\/9647"}],"wp:attachment":[{"href":"https:\/\/gipsyhorsesranch.be\/fr\/wp-json\/wp\/v2\/media?parent=8890"}],"curies":[{"name":"wp","href":"https:\/\/api.w.org\/{rel}","templated":true}]}}