{"id":9462,"date":"2025-12-22T17:34:25","date_gmt":"2025-12-22T16:34:25","guid":{"rendered":"https:\/\/gipsyhorsesranch.be\/liste-de-prix-generale\/"},"modified":"2026-03-01T11:54:59","modified_gmt":"2026-03-01T10:54:59","slug":"liste-de-prix-generale","status":"publish","type":"page","link":"https:\/\/gipsyhorsesranch.be\/fr\/liste-de-prix-generale\/","title":{"rendered":"Liste de prix g\u00e9n\u00e9rale"},"content":{"rendered":"\t\t<div data-elementor-type=\"wp-page\" data-elementor-id=\"9462\" class=\"elementor elementor-9462 elementor-4448\" data-elementor-post-type=\"page\">\n\t\t\t\t<div class=\"elementor-element elementor-element-c6e124d e-flex e-con-boxed e-con e-parent\" data-id=\"c6e124d\" data-element_type=\"container\" data-e-type=\"container\" data-settings=\"{&quot;background_background&quot;:&quot;classic&quot;}\">\n\t\t\t\t\t<div class=\"e-con-inner\">\n\t\t\t\t<div class=\"elementor-element elementor-element-2174610 elementor-widget elementor-widget-heading\" data-id=\"2174610\" data-element_type=\"widget\" data-e-type=\"widget\" data-widget_type=\"heading.default\">\n\t\t\t\t<div class=\"elementor-widget-container\">\n\t\t\t\t\t<h2 class=\"elementor-heading-title elementor-size-default\">Liste de prix g\u00e9n\u00e9rale<\/h2>\t\t\t\t<\/div>\n\t\t\t\t<\/div>\n\t\t\t\t\t<\/div>\n\t\t\t\t<\/div>\n\t\t<div class=\"elementor-element elementor-element-5243583 e-flex e-con-boxed e-con e-parent\" data-id=\"5243583\" data-element_type=\"container\" data-e-type=\"container\" data-settings=\"{&quot;background_background&quot;:&quot;classic&quot;}\">\n\t\t\t\t\t<div class=\"e-con-inner\">\n\t\t\t\t<div class=\"elementor-element elementor-element-f65664f elementor-widget__width-initial elementor-hidden-desktop elementor-hidden-tablet elementor-widget elementor-widget-heading\" data-id=\"f65664f\" data-element_type=\"widget\" data-e-type=\"widget\" data-widget_type=\"heading.default\">\n\t\t\t\t<div class=\"elementor-widget-container\">\n\t\t\t\t\t<h2 class=\"elementor-heading-title elementor-size-default\">Tarifs des cours<\/h2>\t\t\t\t<\/div>\n\t\t\t\t<\/div>\n\t\t\t\t<div class=\"elementor-element elementor-element-26dc06a elementor-align-center elementor-mobile-align-center elementor-hidden-desktop elementor-widget elementor-widget-button\" data-id=\"26dc06a\" data-element_type=\"widget\" data-e-type=\"widget\" data-widget_type=\"button.default\">\n\t\t\t\t<div class=\"elementor-widget-container\">\n\t\t\t\t\t\t\t\t\t<div class=\"elementor-button-wrapper\">\n\t\t\t\t\t<a class=\"elementor-button elementor-button-link elementor-size-sm\" href=\"https:\/\/gipsyhorsesranch.be\/wp-content\/uploads\/2026\/02\/algemene-prijslijst-lessen-Eng-voor-website-dd260226.pdf\">\n\t\t\t\t\t\t<span class=\"elementor-button-content-wrapper\">\n\t\t\t\t\t\t\t\t\t<span class=\"elementor-button-text\">Cliquez ici pour l'anglais<\/span>\n\t\t\t\t\t<\/span>\n\t\t\t\t\t<\/a>\n\t\t\t\t<\/div>\n\t\t\t\t\t\t\t\t<\/div>\n\t\t\t\t<\/div>\n\t\t<div class=\"elementor-element elementor-element-1b751ba e-con-full e-flex e-con e-child\" data-id=\"1b751ba\" data-element_type=\"container\" data-e-type=\"container\">\n\t\t<div class=\"elementor-element elementor-element-6aafaa4 e-con-full e-flex e-con e-child\" data-id=\"6aafaa4\" data-element_type=\"container\" data-e-type=\"container\">\n\t\t\t\t<div class=\"elementor-element elementor-element-3a6d751 elementor-widget__width-initial elementor-hidden-mobile elementor-widget elementor-widget-heading\" data-id=\"3a6d751\" data-element_type=\"widget\" data-e-type=\"widget\" data-widget_type=\"heading.default\">\n\t\t\t\t<div class=\"elementor-widget-container\">\n\t\t\t\t\t<h2 class=\"elementor-heading-title elementor-size-default\">Tarifs des cours<\/h2>\t\t\t\t<\/div>\n\t\t\t\t<\/div>\n\t\t\t\t<div class=\"elementor-element elementor-element-d1398ca elementor-align-center elementor-mobile-align-center elementor-hidden-tablet elementor-hidden-mobile elementor-widget elementor-widget-button\" data-id=\"d1398ca\" data-element_type=\"widget\" data-e-type=\"widget\" data-widget_type=\"button.default\">\n\t\t\t\t<div class=\"elementor-widget-container\">\n\t\t\t\t\t\t\t\t\t<div class=\"elementor-button-wrapper\">\n\t\t\t\t\t<a class=\"elementor-button elementor-button-link elementor-size-sm\" href=\"https:\/\/gipsyhorsesranch.be\/wp-content\/uploads\/2026\/02\/algemene-prijslijst-lessen-Eng-voor-website-dd260226.pdf\">\n\t\t\t\t\t\t<span class=\"elementor-button-content-wrapper\">\n\t\t\t\t\t\t\t\t\t<span class=\"elementor-button-text\">Cliquez ici pour l'anglais<\/span>\n\t\t\t\t\t<\/span>\n\t\t\t\t\t<\/a>\n\t\t\t\t<\/div>\n\t\t\t\t\t\t\t\t<\/div>\n\t\t\t\t<\/div>\n\t\t\t\t<\/div>\n\t\t<div class=\"elementor-element elementor-element-e1d0bd3 e-con-full e-flex e-con e-child\" data-id=\"e1d0bd3\" data-element_type=\"container\" data-e-type=\"container\">\n\t\t\t\t<div class=\"elementor-element elementor-element-e6d298b elementor-widget__width-initial elementor-hidden-mobile elementor-widget elementor-widget-heading\" data-id=\"e6d298b\" data-element_type=\"widget\" data-e-type=\"widget\" data-widget_type=\"heading.default\">\n\t\t\t\t<div class=\"elementor-widget-container\">\n\t\t\t\t\t<h2 class=\"elementor-heading-title elementor-size-default\">Tarifs pour la stabulation<\/h2>\t\t\t\t<\/div>\n\t\t\t\t<\/div>\n\t\t\t\t<div class=\"elementor-element elementor-element-037c0ea elementor-align-center elementor-hidden-mobile elementor-widget elementor-widget-button\" data-id=\"037c0ea\" data-element_type=\"widget\" data-e-type=\"widget\" data-widget_type=\"button.default\">\n\t\t\t\t<div class=\"elementor-widget-container\">\n\t\t\t\t\t\t\t\t\t<div class=\"elementor-button-wrapper\">\n\t\t\t\t\t<a class=\"elementor-button elementor-button-link elementor-size-sm\" href=\"https:\/\/gipsyhorsesranch.be\/wp-content\/uploads\/2026\/02\/prijslijst-stalgelden-Eng-voor-website-dd260226.pdf\">\n\t\t\t\t\t\t<span class=\"elementor-button-content-wrapper\">\n\t\t\t\t\t\t\t\t\t<span class=\"elementor-button-text\">Cliquez ici pour l'anglais<\/span>\n\t\t\t\t\t<\/span>\n\t\t\t\t\t<\/a>\n\t\t\t\t<\/div>\n\t\t\t\t\t\t\t\t<\/div>\n\t\t\t\t<\/div>\n\t\t\t\t<\/div>\n\t\t\t\t<\/div>\n\t\t<div class=\"elementor-element elementor-element-1b687d8 e-con-full e-flex e-con e-child\" data-id=\"1b687d8\" data-element_type=\"container\" data-e-type=\"container\">\n\t\t\t\t<div class=\"elementor-element elementor-element-79ae3d9 elementor-widget__width-initial elementor-widget elementor-widget-image\" data-id=\"79ae3d9\" data-element_type=\"widget\" data-e-type=\"widget\" data-widget_type=\"image.default\">\n\t\t\t\t<div class=\"elementor-widget-container\">\n\t\t\t\t\t\t\t\t\t\t\t\t\t\t\t\t<a href=\"https:\/\/gipsyhorsesranch.be\/wp-content\/uploads\/2026\/02\/algemene-prijslijst.png\" data-elementor-open-lightbox=\"yes\" data-elementor-lightbox-title=\"tarif g\u00e9n\u00e9ral\" data-e-action-hash=\"#elementor-action%3Aaction%3Dlightbox%26settings%3DeyJpZCI6MTAwMTcsInVybCI6Imh0dHBzOlwvXC9naXBzeWhvcnNlc3JhbmNoLmJlXC93cC1jb250ZW50XC91cGxvYWRzXC8yMDI2XC8wMlwvYWxnZW1lbmUtcHJpanNsaWpzdC5wbmcifQ%3D%3D\">\n\t\t\t\t\t\t\t<img fetchpriority=\"high\" decoding=\"async\" width=\"621\" height=\"874\" src=\"https:\/\/gipsyhorsesranch.be\/wp-content\/uploads\/2026\/02\/algemene-prijslijst.png\" class=\"attachment-2048x2048 size-2048x2048 wp-image-10017\" alt=\"\" srcset=\"https:\/\/gipsyhorsesranch.be\/wp-content\/uploads\/2026\/02\/algemene-prijslijst.png 621w, https:\/\/gipsyhorsesranch.be\/wp-content\/uploads\/2026\/02\/algemene-prijslijst-213x300.png 213w\" sizes=\"(max-width: 621px) 100vw, 621px\" \/>\t\t\t\t\t\t\t\t<\/a>\n\t\t\t\t\t\t\t\t\t\t\t\t\t\t\t<\/div>\n\t\t\t\t<\/div>\n\t\t\t\t<div class=\"elementor-element elementor-element-998ee30 elementor-widget__width-initial elementor-hidden-desktop elementor-hidden-tablet elementor-widget elementor-widget-heading\" data-id=\"998ee30\" data-element_type=\"widget\" data-e-type=\"widget\" data-widget_type=\"heading.default\">\n\t\t\t\t<div class=\"elementor-widget-container\">\n\t\t\t\t\t<h2 class=\"elementor-heading-title elementor-size-default\">Tarifs pour la stabulation<\/h2>\t\t\t\t<\/div>\n\t\t\t\t<\/div>\n\t\t\t\t<div class=\"elementor-element elementor-element-5d91a47 elementor-align-center elementor-hidden-desktop elementor-hidden-tablet elementor-widget elementor-widget-button\" data-id=\"5d91a47\" data-element_type=\"widget\" data-e-type=\"widget\" data-widget_type=\"button.default\">\n\t\t\t\t<div class=\"elementor-widget-container\">\n\t\t\t\t\t\t\t\t\t<div class=\"elementor-button-wrapper\">\n\t\t\t\t\t<a class=\"elementor-button elementor-button-link elementor-size-sm\" href=\"https:\/\/gipsyhorsesranch.be\/wp-content\/uploads\/2026\/02\/prijslijst-stalgelden-Eng-voor-website-dd260226.pdf\">\n\t\t\t\t\t\t<span class=\"elementor-button-content-wrapper\">\n\t\t\t\t\t\t\t\t\t<span class=\"elementor-button-text\">Cliquez ici pour l'anglais<\/span>\n\t\t\t\t\t<\/span>\n\t\t\t\t\t<\/a>\n\t\t\t\t<\/div>\n\t\t\t\t\t\t\t\t<\/div>\n\t\t\t\t<\/div>\n\t\t\t\t<div class=\"elementor-element elementor-element-5b6cd56 elementor-widget elementor-widget-image\" data-id=\"5b6cd56\" data-element_type=\"widget\" data-e-type=\"widget\" data-widget_type=\"image.default\">\n\t\t\t\t<div class=\"elementor-widget-container\">\n\t\t\t\t\t\t\t\t\t\t\t\t\t\t\t\t<a href=\"https:\/\/gipsyhorsesranch.be\/wp-content\/uploads\/2026\/02\/prijslijst-stalgeld.png\" data-elementor-open-lightbox=\"yes\" data-elementor-lightbox-title=\"liste de prix redevance d&#039;\u00e9curie\" data-e-action-hash=\"#elementor-action%3Aaction%3Dlightbox%26settings%3DeyJpZCI6MTAwMTgsInVybCI6Imh0dHBzOlwvXC9naXBzeWhvcnNlc3JhbmNoLmJlXC93cC1jb250ZW50XC91cGxvYWRzXC8yMDI2XC8wMlwvcHJpanNsaWpzdC1zdGFsZ2VsZC5wbmcifQ%3D%3D\">\n\t\t\t\t\t\t\t<img decoding=\"async\" width=\"620\" height=\"875\" src=\"https:\/\/gipsyhorsesranch.be\/wp-content\/uploads\/2026\/02\/prijslijst-stalgeld.png\" class=\"attachment-large size-large wp-image-10018\" alt=\"\" srcset=\"https:\/\/gipsyhorsesranch.be\/wp-content\/uploads\/2026\/02\/prijslijst-stalgeld.png 620w, https:\/\/gipsyhorsesranch.be\/wp-content\/uploads\/2026\/02\/prijslijst-stalgeld-213x300.png 213w\" sizes=\"(max-width: 620px) 100vw, 620px\" \/>\t\t\t\t\t\t\t\t<\/a>\n\t\t\t\t\t\t\t\t\t\t\t\t\t\t\t<\/div>\n\t\t\t\t<\/div>\n\t\t\t\t<\/div>\n\t\t\t\t\t<\/div>\n\t\t\t\t<\/div>\n\t\t\t\t<\/div>\n\t\t","protected":false},"excerpt":{"rendered":"<p>Liste de prix g\u00e9n\u00e9rale Tarifs des cours Cliquez ici pour l&rsquo;anglais Tarifs des cours Cliquez ici pour l&rsquo;anglais Tarifs pour la stabulation Cliquez ici pour l&rsquo;anglais Tarifs pour la stabulation Cliquez ici pour l&rsquo;anglais<\/p>\n","protected":false},"author":1,"featured_media":0,"parent":0,"menu_order":0,"comment_status":"closed","ping_status":"closed","template":"","meta":{"site-sidebar-layout":"no-sidebar","site-content-layout":"page-builder","ast-site-content-layout":"full-width-container","site-content-style":"unboxed","site-sidebar-style":"unboxed","ast-global-header-display":"","ast-banner-title-visibility":"","ast-main-header-display":"","ast-hfb-above-header-display":"","ast-hfb-below-header-display":"","ast-hfb-mobile-header-display":"","site-post-title":"disabled","ast-breadcrumbs-content":"","ast-featured-img":"disabled","footer-sml-layout":"","ast-disable-related-posts":"","theme-transparent-header-meta":"","adv-header-id-meta":"","stick-header-meta":"","header-above-stick-meta":"","header-main-stick-meta":"","header-below-stick-meta":"","astra-migrate-meta-layouts":"default","ast-page-background-enabled":"default","ast-page-background-meta":{"desktop":{"background-color":"","background-image":"","background-repeat":"repeat","background-position":"center center","background-size":"auto","background-attachment":"scroll","background-type":"","background-media":"","overlay-type":"","overlay-color":"","overlay-opacity":"","overlay-gradient":""},"tablet":{"background-color":"","background-image":"","background-repeat":"repeat","background-position":"center center","background-size":"auto","background-attachment":"scroll","background-type":"","background-media":"","overlay-type":"","overlay-color":"","overlay-opacity":"","overlay-gradient":""},"mobile":{"background-color":"","background-image":"","background-repeat":"repeat","background-position":"center center","background-size":"auto","background-attachment":"scroll","background-type":"","background-media":"","overlay-type":"","overlay-color":"","overlay-opacity":"","overlay-gradient":""}},"ast-content-background-meta":{"desktop":{"background-color":"var(--ast-global-color-5)","background-image":"","background-repeat":"repeat","background-position":"center center","background-size":"auto","background-attachment":"scroll","background-type":"","background-media":"","overlay-type":"","overlay-color":"","overlay-opacity":"","overlay-gradient":""},"tablet":{"background-color":"var(--ast-global-color-5)","background-image":"","background-repeat":"repeat","background-position":"center center","background-size":"auto","background-attachment":"scroll","background-type":"","background-media":"","overlay-type":"","overlay-color":"","overlay-opacity":"","overlay-gradient":""},"mobile":{"background-color":"var(--ast-global-color-5)","background-image":"","background-repeat":"repeat","background-position":"center center","background-size":"auto","background-attachment":"scroll","background-type":"","background-media":"","overlay-type":"","overlay-color":"","overlay-opacity":"","overlay-gradient":""}},"footnotes":""},"class_list":["post-9462","page","type-page","status-publish","hentry"],"yoast_head":"<!-- This site is optimized with the Yoast SEO plugin v27.2 - https:\/\/yoast.com\/product\/yoast-seo-wordpress\/ -->\n<title>Liste de prix g\u00e9n\u00e9rale - Gipsy Horses Ranch<\/title>\n<meta name=\"robots\" content=\"index, follow, max-snippet:-1, max-image-preview:large, max-video-preview:-1\" \/>\n<link rel=\"canonical\" href=\"https:\/\/gipsyhorsesranch.be\/fr\/liste-de-prix-generale\/\" \/>\n<meta property=\"og:locale\" content=\"fr_FR\" \/>\n<meta property=\"og:type\" content=\"article\" \/>\n<meta property=\"og:title\" content=\"Liste de prix g\u00e9n\u00e9rale - Gipsy Horses Ranch\" \/>\n<meta property=\"og:description\" content=\"Liste de prix g\u00e9n\u00e9rale Tarifs des cours Cliquez ici pour l&rsquo;anglais Tarifs des cours Cliquez ici pour l&rsquo;anglais Tarifs pour la stabulation Cliquez ici pour l&rsquo;anglais Tarifs pour la stabulation Cliquez ici pour l&rsquo;anglais\" \/>\n<meta property=\"og:url\" content=\"https:\/\/gipsyhorsesranch.be\/fr\/liste-de-prix-generale\/\" \/>\n<meta property=\"og:site_name\" content=\"Gipsy Horses Ranch\" \/>\n<meta property=\"article:publisher\" content=\"https:\/\/www.facebook.com\/gipsyhorsesrodeo.ghr\" \/>\n<meta property=\"article:modified_time\" content=\"2026-03-01T10:54:59+00:00\" \/>\n<meta property=\"og:image\" content=\"https:\/\/gipsyhorsesranch.be\/wp-content\/uploads\/2026\/02\/algemene-prijslijst.png\" \/>\n\t<meta property=\"og:image:width\" content=\"621\" \/>\n\t<meta property=\"og:image:height\" content=\"874\" \/>\n\t<meta property=\"og:image:type\" content=\"image\/png\" \/>\n<meta name=\"twitter:card\" content=\"summary_large_image\" \/>\n<script type=\"application\/ld+json\" class=\"yoast-schema-graph\">{\"@context\":\"https:\/\/schema.org\",\"@graph\":[{\"@type\":\"WebPage\",\"@id\":\"https:\/\/gipsyhorsesranch.be\/fr\/liste-de-prix-generale\/\",\"url\":\"https:\/\/gipsyhorsesranch.be\/fr\/liste-de-prix-generale\/\",\"name\":\"Liste de prix g\u00e9n\u00e9rale - Gipsy Horses Ranch\",\"isPartOf\":{\"@id\":\"https:\/\/gipsyhorsesranch.be\/fr\/#website\"},\"primaryImageOfPage\":{\"@id\":\"https:\/\/gipsyhorsesranch.be\/fr\/liste-de-prix-generale\/#primaryimage\"},\"image\":{\"@id\":\"https:\/\/gipsyhorsesranch.be\/fr\/liste-de-prix-generale\/#primaryimage\"},\"thumbnailUrl\":\"https:\/\/gipsyhorsesranch.be\/wp-content\/uploads\/2026\/02\/algemene-prijslijst.png\",\"datePublished\":\"2025-12-22T16:34:25+00:00\",\"dateModified\":\"2026-03-01T10:54:59+00:00\",\"breadcrumb\":{\"@id\":\"https:\/\/gipsyhorsesranch.be\/fr\/liste-de-prix-generale\/#breadcrumb\"},\"inLanguage\":\"fr-FR\",\"potentialAction\":[{\"@type\":\"ReadAction\",\"target\":[\"https:\/\/gipsyhorsesranch.be\/fr\/liste-de-prix-generale\/\"]}]},{\"@type\":\"ImageObject\",\"inLanguage\":\"fr-FR\",\"@id\":\"https:\/\/gipsyhorsesranch.be\/fr\/liste-de-prix-generale\/#primaryimage\",\"url\":\"https:\/\/gipsyhorsesranch.be\/wp-content\/uploads\/2026\/02\/algemene-prijslijst.png\",\"contentUrl\":\"https:\/\/gipsyhorsesranch.be\/wp-content\/uploads\/2026\/02\/algemene-prijslijst.png\"},{\"@type\":\"BreadcrumbList\",\"@id\":\"https:\/\/gipsyhorsesranch.be\/fr\/liste-de-prix-generale\/#breadcrumb\",\"itemListElement\":[{\"@type\":\"ListItem\",\"position\":1,\"name\":\"Home\",\"item\":\"https:\/\/gipsyhorsesranch.be\/fr\/\"},{\"@type\":\"ListItem\",\"position\":2,\"name\":\"Liste de prix g\u00e9n\u00e9rale\"}]},{\"@type\":\"WebSite\",\"@id\":\"https:\/\/gipsyhorsesranch.be\/fr\/#website\",\"url\":\"https:\/\/gipsyhorsesranch.be\/fr\/\",\"name\":\"Gipsy Horses Ranch\",\"description\":\"Waar de sfeer van het Wilde Westen tot leven komt.\",\"publisher\":{\"@id\":\"https:\/\/gipsyhorsesranch.be\/fr\/#organization\"},\"potentialAction\":[{\"@type\":\"SearchAction\",\"target\":{\"@type\":\"EntryPoint\",\"urlTemplate\":\"https:\/\/gipsyhorsesranch.be\/fr\/?s={search_term_string}\"},\"query-input\":{\"@type\":\"PropertyValueSpecification\",\"valueRequired\":true,\"valueName\":\"search_term_string\"}}],\"inLanguage\":\"fr-FR\"},{\"@type\":\"Organization\",\"@id\":\"https:\/\/gipsyhorsesranch.be\/fr\/#organization\",\"name\":\"Gipsy Horses Ranch\",\"url\":\"https:\/\/gipsyhorsesranch.be\/fr\/\",\"logo\":{\"@type\":\"ImageObject\",\"inLanguage\":\"fr-FR\",\"@id\":\"https:\/\/gipsyhorsesranch.be\/fr\/#\/schema\/logo\/image\/\",\"url\":\"https:\/\/gipsyhorsesranch.be\/wp-content\/uploads\/2025\/08\/logo-oud-e1771412031786.webp\",\"contentUrl\":\"https:\/\/gipsyhorsesranch.be\/wp-content\/uploads\/2025\/08\/logo-oud-e1771412031786.webp\",\"width\":117,\"height\":108,\"caption\":\"Gipsy Horses Ranch\"},\"image\":{\"@id\":\"https:\/\/gipsyhorsesranch.be\/fr\/#\/schema\/logo\/image\/\"},\"sameAs\":[\"https:\/\/www.facebook.com\/gipsyhorsesrodeo.ghr\",\"https:\/\/www.instagram.com\/gipsyhorsesranch_\/\"]}]}<\/script>\n<!-- \/ Yoast SEO plugin. -->","yoast_head_json":{"title":"Liste de prix g\u00e9n\u00e9rale - Gipsy Horses Ranch","robots":{"index":"index","follow":"follow","max-snippet":"max-snippet:-1","max-image-preview":"max-image-preview:large","max-video-preview":"max-video-preview:-1"},"canonical":"https:\/\/gipsyhorsesranch.be\/fr\/liste-de-prix-generale\/","og_locale":"fr_FR","og_type":"article","og_title":"Liste de prix g\u00e9n\u00e9rale - Gipsy Horses Ranch","og_description":"Liste de prix g\u00e9n\u00e9rale Tarifs des cours Cliquez ici pour l&rsquo;anglais Tarifs des cours Cliquez ici pour l&rsquo;anglais Tarifs pour la stabulation Cliquez ici pour l&rsquo;anglais Tarifs pour la stabulation Cliquez ici pour l&rsquo;anglais","og_url":"https:\/\/gipsyhorsesranch.be\/fr\/liste-de-prix-generale\/","og_site_name":"Gipsy Horses Ranch","article_publisher":"https:\/\/www.facebook.com\/gipsyhorsesrodeo.ghr","article_modified_time":"2026-03-01T10:54:59+00:00","og_image":[{"width":621,"height":874,"url":"https:\/\/gipsyhorsesranch.be\/wp-content\/uploads\/2026\/02\/algemene-prijslijst.png","type":"image\/png"}],"twitter_card":"summary_large_image","schema":{"@context":"https:\/\/schema.org","@graph":[{"@type":"WebPage","@id":"https:\/\/gipsyhorsesranch.be\/fr\/liste-de-prix-generale\/","url":"https:\/\/gipsyhorsesranch.be\/fr\/liste-de-prix-generale\/","name":"Liste de prix g\u00e9n\u00e9rale - Gipsy Horses Ranch","isPartOf":{"@id":"https:\/\/gipsyhorsesranch.be\/fr\/#website"},"primaryImageOfPage":{"@id":"https:\/\/gipsyhorsesranch.be\/fr\/liste-de-prix-generale\/#primaryimage"},"image":{"@id":"https:\/\/gipsyhorsesranch.be\/fr\/liste-de-prix-generale\/#primaryimage"},"thumbnailUrl":"https:\/\/gipsyhorsesranch.be\/wp-content\/uploads\/2026\/02\/algemene-prijslijst.png","datePublished":"2025-12-22T16:34:25+00:00","dateModified":"2026-03-01T10:54:59+00:00","breadcrumb":{"@id":"https:\/\/gipsyhorsesranch.be\/fr\/liste-de-prix-generale\/#breadcrumb"},"inLanguage":"fr-FR","potentialAction":[{"@type":"ReadAction","target":["https:\/\/gipsyhorsesranch.be\/fr\/liste-de-prix-generale\/"]}]},{"@type":"ImageObject","inLanguage":"fr-FR","@id":"https:\/\/gipsyhorsesranch.be\/fr\/liste-de-prix-generale\/#primaryimage","url":"https:\/\/gipsyhorsesranch.be\/wp-content\/uploads\/2026\/02\/algemene-prijslijst.png","contentUrl":"https:\/\/gipsyhorsesranch.be\/wp-content\/uploads\/2026\/02\/algemene-prijslijst.png"},{"@type":"BreadcrumbList","@id":"https:\/\/gipsyhorsesranch.be\/fr\/liste-de-prix-generale\/#breadcrumb","itemListElement":[{"@type":"ListItem","position":1,"name":"Home","item":"https:\/\/gipsyhorsesranch.be\/fr\/"},{"@type":"ListItem","position":2,"name":"Liste de prix g\u00e9n\u00e9rale"}]},{"@type":"WebSite","@id":"https:\/\/gipsyhorsesranch.be\/fr\/#website","url":"https:\/\/gipsyhorsesranch.be\/fr\/","name":"Gipsy Horses Ranch","description":"Waar de sfeer van het Wilde Westen tot leven komt.","publisher":{"@id":"https:\/\/gipsyhorsesranch.be\/fr\/#organization"},"potentialAction":[{"@type":"SearchAction","target":{"@type":"EntryPoint","urlTemplate":"https:\/\/gipsyhorsesranch.be\/fr\/?s={search_term_string}"},"query-input":{"@type":"PropertyValueSpecification","valueRequired":true,"valueName":"search_term_string"}}],"inLanguage":"fr-FR"},{"@type":"Organization","@id":"https:\/\/gipsyhorsesranch.be\/fr\/#organization","name":"Gipsy Horses Ranch","url":"https:\/\/gipsyhorsesranch.be\/fr\/","logo":{"@type":"ImageObject","inLanguage":"fr-FR","@id":"https:\/\/gipsyhorsesranch.be\/fr\/#\/schema\/logo\/image\/","url":"https:\/\/gipsyhorsesranch.be\/wp-content\/uploads\/2025\/08\/logo-oud-e1771412031786.webp","contentUrl":"https:\/\/gipsyhorsesranch.be\/wp-content\/uploads\/2025\/08\/logo-oud-e1771412031786.webp","width":117,"height":108,"caption":"Gipsy Horses Ranch"},"image":{"@id":"https:\/\/gipsyhorsesranch.be\/fr\/#\/schema\/logo\/image\/"},"sameAs":["https:\/\/www.facebook.com\/gipsyhorsesrodeo.ghr","https:\/\/www.instagram.com\/gipsyhorsesranch_\/"]}]}},"_links":{"self":[{"href":"https:\/\/gipsyhorsesranch.be\/fr\/wp-json\/wp\/v2\/pages\/9462","targetHints":{"allow":["GET"]}}],"collection":[{"href":"https:\/\/gipsyhorsesranch.be\/fr\/wp-json\/wp\/v2\/pages"}],"about":[{"href":"https:\/\/gipsyhorsesranch.be\/fr\/wp-json\/wp\/v2\/types\/page"}],"author":[{"embeddable":true,"href":"https:\/\/gipsyhorsesranch.be\/fr\/wp-json\/wp\/v2\/users\/1"}],"replies":[{"embeddable":true,"href":"https:\/\/gipsyhorsesranch.be\/fr\/wp-json\/wp\/v2\/comments?post=9462"}],"version-history":[{"count":2,"href":"https:\/\/gipsyhorsesranch.be\/fr\/wp-json\/wp\/v2\/pages\/9462\/revisions"}],"predecessor-version":[{"id":10019,"href":"https:\/\/gipsyhorsesranch.be\/fr\/wp-json\/wp\/v2\/pages\/9462\/revisions\/10019"}],"wp:attachment":[{"href":"https:\/\/gipsyhorsesranch.be\/fr\/wp-json\/wp\/v2\/media?parent=9462"}],"curies":[{"name":"wp","href":"https:\/\/api.w.org\/{rel}","templated":true}]}}